{"id":877,"date":"2025-10-29T20:45:36","date_gmt":"2025-10-29T19:45:36","guid":{"rendered":"https:\/\/www.murmuresmurales.com\/product\/tapis-de-souris-gaming\/"},"modified":"2025-11-27T21:09:56","modified_gmt":"2025-11-27T20:09:56","slug":"tapis-de-souris-gaming","status":"publish","type":"product","link":"https:\/\/www.murmuresmurales.com\/en\/product\/tapis-de-souris-gaming\/","title":{"rendered":"Femme Lavande Tapis de souris"},"content":{"rendered":"<p>Une illustration minimaliste en line art repr\u00e9sentant un visage f\u00e9minin orn\u00e9 de lavande, symbole de s\u00e9r\u00e9nit\u00e9 et de douceur.<br \/>\nCe dessin po\u00e9tique marie nature et f\u00e9minit\u00e9 dans une composition raffin\u00e9e et apaisante.<br \/>\nId\u00e9al comme illustration florale apaisante, d\u00e9coration murale moderne, inspiration tatouage ou design textile, il s\u2019int\u00e8gre parfaitement dans une ambiance boh\u00e8me et \u00e9l\u00e9gante.<\/p>\n<p>\u2022 100\u00a0% polyester<br \/>\n\u2022 Base en caoutchouc antid\u00e9rapante<br \/>\n\u2022 Tailles\u00a0: 91,4\u00a0cm \u00d7 45,7\u00a0cm (36&Prime; \u00d7 18&Prime;), 45,8\u00a0cm \u00d7 40,7\u00a0cm (18&Prime; \u00d7 16&Prime;)<br \/>\n\u2022 Couture de bord de haute qualit\u00e9 qui ne se d\u00e9colle pas<\/p>\n<p>Avertissement\u00a0: Non lavable en machine. Nettoyez d\u00e9licatement pour en pr\u00e9server la qualit\u00e9 et l&rsquo;apparence.<\/p>\n<p>En conformit\u00e9 avec le R\u00e8glement pour la S\u00e9curit\u00e9 G\u00e9n\u00e9rale des Produits (RSGP), Murmures Murales garantit que tous les produits de consommation propos\u00e9s sont s\u00fbrs et conformes aux normes de l&rsquo;UE. Pour toute question ou pr\u00e9occupation li\u00e9e \u00e0 la s\u00e9curit\u00e9 des produits, veuillez nous contacter.<\/p>","protected":false},"excerpt":{"rendered":"<p>Une illustration minimaliste en line art repr\u00e9sentant un visage f\u00e9minin orn\u00e9 de lavande, symbole de s\u00e9r\u00e9nit\u00e9 et de douceur. Ce dessin po\u00e9tique marie nature et f\u00e9minit\u00e9 dans une composition raffin\u00e9e et apaisante. Id\u00e9al comme illustration florale apaisante, d\u00e9coration murale moderne, inspiration tatouage ou design textile, il s\u2019int\u00e8gre parfaitement dans une ambiance boh\u00e8me et \u00e9l\u00e9gante. \u2022 [&hellip;]<\/p>","protected":false},"featured_media":880,"comment_status":"open","ping_status":"closed","template":"","meta":{"advanced_seo_description":"","jetpack_seo_html_title":"","jetpack_seo_noindex":false,"_themeisle_gutenberg_block_has_review":false},"product_brand":[],"product_cat":[36],"product_tag":[163],"class_list":{"0":"post-877","1":"product","2":"type-product","3":"status-publish","4":"has-post-thumbnail","6":"product_cat-femme-lavande","7":"product_tag-mouse-pad","8":"pa_taille-18x16","9":"pa_taille-36x18","11":"first","12":"instock","13":"shipping-taxable","14":"purchasable","15":"product-type-variable"},"jetpack_sharing_enabled":true,"_links":{"self":[{"href":"https:\/\/www.murmuresmurales.com\/en\/wp-json\/wp\/v2\/product\/877","targetHints":{"allow":["GET"]}}],"collection":[{"href":"https:\/\/www.murmuresmurales.com\/en\/wp-json\/wp\/v2\/product"}],"about":[{"href":"https:\/\/www.murmuresmurales.com\/en\/wp-json\/wp\/v2\/types\/product"}],"replies":[{"embeddable":true,"href":"https:\/\/www.murmuresmurales.com\/en\/wp-json\/wp\/v2\/comments?post=877"}],"wp:featuredmedia":[{"embeddable":true,"href":"https:\/\/www.murmuresmurales.com\/en\/wp-json\/wp\/v2\/media\/880"}],"wp:attachment":[{"href":"https:\/\/www.murmuresmurales.com\/en\/wp-json\/wp\/v2\/media?parent=877"}],"wp:term":[{"taxonomy":"product_brand","embeddable":true,"href":"https:\/\/www.murmuresmurales.com\/en\/wp-json\/wp\/v2\/product_brand?post=877"},{"taxonomy":"product_cat","embeddable":true,"href":"https:\/\/www.murmuresmurales.com\/en\/wp-json\/wp\/v2\/product_cat?post=877"},{"taxonomy":"product_tag","embeddable":true,"href":"https:\/\/www.murmuresmurales.com\/en\/wp-json\/wp\/v2\/product_tag?post=877"}],"curies":[{"name":"wp","href":"https:\/\/api.w.org\/{rel}","templated":true}]}}