{"id":692,"date":"2025-10-29T12:48:41","date_gmt":"2025-10-29T11:48:41","guid":{"rendered":"https:\/\/www.murmuresmurales.com\/product\/femme-lavande-affiche-avec-accroches\/"},"modified":"2025-11-27T11:27:35","modified_gmt":"2025-11-27T10:27:35","slug":"femme-lavande-affiche-avec-accroches","status":"publish","type":"product","link":"https:\/\/www.murmuresmurales.com\/en\/product\/femme-lavande-affiche-avec-accroches\/","title":{"rendered":"Femme Lavande Affiche avec accroches"},"content":{"rendered":"<p>Une illustration minimaliste en line art repr\u00e9sentant un visage f\u00e9minin orn\u00e9 de lavande, symbole de s\u00e9r\u00e9nit\u00e9 et de douceur.<br \/>\nCe dessin po\u00e9tique marie nature et f\u00e9minit\u00e9 dans une composition raffin\u00e9e et apaisante.<br \/>\nId\u00e9al comme illustration florale apaisante, d\u00e9coration murale moderne, inspiration tatouage ou design textile, il s\u2019int\u00e8gre parfaitement dans une ambiance boh\u00e8me et \u00e9l\u00e9gante.<\/p>\n<p>\u2022 Accroches en bois naturel<br \/>\n- Hanger thickness: 0.5 mm (0.2 \u00ab )<br \/>\n- Hanger width: 2 cm (0.79 \u00ab )<br \/>\n\u2022 Poids du papier\u00a0:\u00a0192 g\/m\u00b2<br \/>\n- Poster secured by magnets<br \/>\n- Supplied with matching chain<br \/>\n\u2022 Bois provenant des pays baltes<br \/>\n- Paper from Japan<br \/>\n- Virgin product from the UK<\/p>\n<p>En conformit\u00e9 avec le R\u00e8glement pour la S\u00e9curit\u00e9 G\u00e9n\u00e9rale des Produits (RSGP), Murmures Murales garantit que tous les produits de consommation propos\u00e9s sont s\u00fbrs et conformes aux normes de l&rsquo;UE. Pour toute question ou pr\u00e9occupation li\u00e9e \u00e0 la s\u00e9curit\u00e9 des produits, veuillez nous contacter.<\/p>","protected":false},"excerpt":{"rendered":"<p>Une illustration minimaliste en line art repr\u00e9sentant un visage f\u00e9minin orn\u00e9 de lavande, symbole de s\u00e9r\u00e9nit\u00e9 et de douceur. Ce dessin po\u00e9tique marie nature et f\u00e9minit\u00e9 dans une composition raffin\u00e9e et apaisante. Id\u00e9al comme illustration florale apaisante, d\u00e9coration murale moderne, inspiration tatouage ou design textile, il s\u2019int\u00e8gre parfaitement dans une ambiance boh\u00e8me et \u00e9l\u00e9gante. \u2022 [&hellip;]<\/p>","protected":false},"featured_media":707,"comment_status":"open","ping_status":"closed","template":"","meta":{"advanced_seo_description":"","jetpack_seo_html_title":"","jetpack_seo_noindex":false,"_themeisle_gutenberg_block_has_review":false},"product_brand":[],"product_cat":[36],"product_tag":[172],"class_list":{"0":"post-692","1":"product","2":"type-product","3":"status-publish","4":"has-post-thumbnail","6":"product_cat-femme-lavande","7":"product_tag-poster-hanger","8":"pa_couleur-blanc","9":"pa_couleur-oak","10":"pa_taille-10x10","11":"pa_taille-12x12","12":"pa_taille-12x16","13":"pa_taille-14x14","14":"pa_taille-16x16","15":"pa_taille-16x20","16":"pa_taille-18x18","17":"pa_taille-24x36","19":"first","20":"instock","21":"shipping-taxable","22":"purchasable","23":"product-type-variable"},"jetpack_sharing_enabled":true,"_links":{"self":[{"href":"https:\/\/www.murmuresmurales.com\/en\/wp-json\/wp\/v2\/product\/692","targetHints":{"allow":["GET"]}}],"collection":[{"href":"https:\/\/www.murmuresmurales.com\/en\/wp-json\/wp\/v2\/product"}],"about":[{"href":"https:\/\/www.murmuresmurales.com\/en\/wp-json\/wp\/v2\/types\/product"}],"replies":[{"embeddable":true,"href":"https:\/\/www.murmuresmurales.com\/en\/wp-json\/wp\/v2\/comments?post=692"}],"wp:featuredmedia":[{"embeddable":true,"href":"https:\/\/www.murmuresmurales.com\/en\/wp-json\/wp\/v2\/media\/707"}],"wp:attachment":[{"href":"https:\/\/www.murmuresmurales.com\/en\/wp-json\/wp\/v2\/media?parent=692"}],"wp:term":[{"taxonomy":"product_brand","embeddable":true,"href":"https:\/\/www.murmuresmurales.com\/en\/wp-json\/wp\/v2\/product_brand?post=692"},{"taxonomy":"product_cat","embeddable":true,"href":"https:\/\/www.murmuresmurales.com\/en\/wp-json\/wp\/v2\/product_cat?post=692"},{"taxonomy":"product_tag","embeddable":true,"href":"https:\/\/www.murmuresmurales.com\/en\/wp-json\/wp\/v2\/product_tag?post=692"}],"curies":[{"name":"wp","href":"https:\/\/api.w.org\/{rel}","templated":true}]}}