{"id":665,"date":"2025-10-29T12:35:05","date_gmt":"2025-10-29T11:35:05","guid":{"rendered":"https:\/\/www.murmuresmurales.com\/product\/corps-de-fougere-toile-fine\/"},"modified":"2025-11-27T20:17:39","modified_gmt":"2025-11-27T19:17:39","slug":"corps-de-fougere-toile-fine","status":"publish","type":"product","link":"https:\/\/www.murmuresmurales.com\/en\/product\/corps-de-fougere-toile-fine\/","title":{"rendered":"Corps de Foug\u00e8re Toile fine"},"content":{"rendered":"<p>Une illustration minimaliste en line art repr\u00e9sentant un corps f\u00e9minin fusionn\u00e9 avec des motifs de foug\u00e8res stylis\u00e9es, symbole de nature et d\u2019harmonie.<br \/>\nCe dessin botanique contemporain joue sur le contraste entre formes graphiques abstraites et textures v\u00e9g\u00e9tales, cr\u00e9ant une \u0153uvre \u00e9quilibr\u00e9e et apaisante.<br \/>\nId\u00e9al comme illustration v\u00e9g\u00e9tale, d\u00e9coration murale ou design textile inspir\u00e9 de la for\u00eat, il apporte une atmosph\u00e8re m\u00e9ditative.<\/p>\n<p>\u2022 Toile de 19,05\u00a0mm (0,75\u00a0\u00ab\u00a0) d&rsquo;\u00e9paisseur<br \/>\n\u2022 Supports muraux attach\u00e9s<br \/>\n\u2022 Tampons en caoutchouc \u00e0 l&rsquo;arri\u00e8re pour \u00e9viter d&rsquo;endommager les murs<br \/>\n\u2022 Toile plus fine que les toiles ordinaires<\/p>\n<p>Important : Ce produit est uniquement disponible aux \u00c9tats-Unis, au Canada, en Europe et au Royaume-Uni. Si votre adresse de livraison se situe en dehors de ces r\u00e9gions, veuillez choisir un autre produit.<\/p>\n<p>En conformit\u00e9 avec le R\u00e8glement pour la S\u00e9curit\u00e9 G\u00e9n\u00e9rale des Produits (RSGP), Murmures Murales garantit que tous les produits de consommation propos\u00e9s sont s\u00fbrs et conformes aux normes de l&rsquo;UE. Pour toute question ou pr\u00e9occupation li\u00e9e \u00e0 la s\u00e9curit\u00e9 des produits, veuillez nous contacter.<\/p>","protected":false},"excerpt":{"rendered":"<p>Une illustration minimaliste en line art repr\u00e9sentant un corps f\u00e9minin fusionn\u00e9 avec des motifs de foug\u00e8res stylis\u00e9es, symbole de nature et d\u2019harmonie. Ce dessin botanique contemporain joue sur le contraste entre formes graphiques abstraites et textures v\u00e9g\u00e9tales, cr\u00e9ant une \u0153uvre \u00e9quilibr\u00e9e et apaisante. Id\u00e9al comme illustration v\u00e9g\u00e9tale, d\u00e9coration murale ou design textile inspir\u00e9 de la [&hellip;]<\/p>","protected":false},"featured_media":679,"comment_status":"open","ping_status":"closed","template":"","meta":{"advanced_seo_description":"","jetpack_seo_html_title":"","jetpack_seo_noindex":false,"_themeisle_gutenberg_block_has_review":false},"product_brand":[],"product_cat":[55],"product_tag":[170],"class_list":{"0":"post-665","1":"product","2":"type-product","3":"status-publish","4":"has-post-thumbnail","6":"product_cat-corps-de-fougere","7":"product_tag-canvas","8":"pa_taille-11x14","9":"pa_taille-12x12","10":"pa_taille-12x16","11":"pa_taille-12x18","12":"pa_taille-16x16","13":"pa_taille-16x20","14":"pa_taille-18x24","15":"pa_taille-20x28","16":"pa_taille-20x30","17":"pa_taille-24x32","18":"pa_taille-24x36","19":"pa_taille-8x10","20":"pa_taille-9x12","22":"first","23":"instock","24":"shipping-taxable","25":"purchasable","26":"product-type-variable"},"jetpack_sharing_enabled":true,"_links":{"self":[{"href":"https:\/\/www.murmuresmurales.com\/en\/wp-json\/wp\/v2\/product\/665","targetHints":{"allow":["GET"]}}],"collection":[{"href":"https:\/\/www.murmuresmurales.com\/en\/wp-json\/wp\/v2\/product"}],"about":[{"href":"https:\/\/www.murmuresmurales.com\/en\/wp-json\/wp\/v2\/types\/product"}],"replies":[{"embeddable":true,"href":"https:\/\/www.murmuresmurales.com\/en\/wp-json\/wp\/v2\/comments?post=665"}],"wp:featuredmedia":[{"embeddable":true,"href":"https:\/\/www.murmuresmurales.com\/en\/wp-json\/wp\/v2\/media\/679"}],"wp:attachment":[{"href":"https:\/\/www.murmuresmurales.com\/en\/wp-json\/wp\/v2\/media?parent=665"}],"wp:term":[{"taxonomy":"product_brand","embeddable":true,"href":"https:\/\/www.murmuresmurales.com\/en\/wp-json\/wp\/v2\/product_brand?post=665"},{"taxonomy":"product_cat","embeddable":true,"href":"https:\/\/www.murmuresmurales.com\/en\/wp-json\/wp\/v2\/product_cat?post=665"},{"taxonomy":"product_tag","embeddable":true,"href":"https:\/\/www.murmuresmurales.com\/en\/wp-json\/wp\/v2\/product_tag?post=665"}],"curies":[{"name":"wp","href":"https:\/\/api.w.org\/{rel}","templated":true}]}}