{"id":596,"date":"2025-10-27T23:30:58","date_gmt":"2025-10-27T22:30:58","guid":{"rendered":"https:\/\/www.murmuresmurales.com\/product\/corps-de-fougere-housse-coussin\/"},"modified":"2025-11-27T20:21:45","modified_gmt":"2025-11-27T19:21:45","slug":"corps-de-fougere-housse-coussin","status":"publish","type":"product","link":"https:\/\/www.murmuresmurales.com\/en\/product\/corps-de-fougere-housse-coussin\/","title":{"rendered":"Corps de Foug\u00e8re Housse de coussin"},"content":{"rendered":"<p>Une illustration minimaliste en line art repr\u00e9sentant un corps f\u00e9minin fusionn\u00e9 avec des motifs de foug\u00e8res stylis\u00e9es, symbole de nature et d\u2019harmonie.<br \/>\nCe dessin botanique contemporain joue sur le contraste entre formes graphiques abstraites et textures v\u00e9g\u00e9tales, cr\u00e9ant une \u0153uvre \u00e9quilibr\u00e9e et apaisante.<br \/>\nId\u00e9al comme illustration v\u00e9g\u00e9tale, d\u00e9coration murale ou design textile inspir\u00e9 de la for\u00eat, il apporte une atmosph\u00e8re m\u00e9ditative.<\/p>\n<p>\u2022 100\u00a0% polyester<br \/>\n\u2022 Fermeture \u00e9clair cach\u00e9e<br \/>\n\u2022 \u00c9tui lavable en machine<br \/>\n\u2022 Composants du produit vierge des \u00c9tats-Unis provenant de Chine et des \u00c9tats-Unis<br \/>\n\u2022 Composants du produit vierge de l&rsquo;UE provenant de Chine et de Pologne<\/p>\n<p>En conformit\u00e9 avec le R\u00e8glement pour la S\u00e9curit\u00e9 G\u00e9n\u00e9rale des Produits (RSGP), Murmures Murales garantit que tous les produits de consommation propos\u00e9s sont s\u00fbrs et conformes aux normes de l&rsquo;UE. Pour toute question ou pr\u00e9occupation li\u00e9e \u00e0 la s\u00e9curit\u00e9 des produits, veuillez nous contacter.<\/p>","protected":false},"excerpt":{"rendered":"<p>Une illustration minimaliste en line art repr\u00e9sentant un corps f\u00e9minin fusionn\u00e9 avec des motifs de foug\u00e8res stylis\u00e9es, symbole de nature et d\u2019harmonie. Ce dessin botanique contemporain joue sur le contraste entre formes graphiques abstraites et textures v\u00e9g\u00e9tales, cr\u00e9ant une \u0153uvre \u00e9quilibr\u00e9e et apaisante. Id\u00e9al comme illustration v\u00e9g\u00e9tale, d\u00e9coration murale ou design textile inspir\u00e9 de la [&hellip;]<\/p>","protected":false},"featured_media":600,"comment_status":"open","ping_status":"closed","template":"","meta":{"advanced_seo_description":"","jetpack_seo_html_title":"","jetpack_seo_noindex":false,"_themeisle_gutenberg_block_has_review":false},"product_brand":[],"product_cat":[55],"product_tag":[165],"class_list":{"0":"post-596","1":"product","2":"type-product","3":"status-publish","4":"has-post-thumbnail","6":"product_cat-corps-de-fougere","7":"product_tag-pillow-cover","8":"pa_taille-18x18","9":"pa_taille-20x12","10":"pa_taille-22x22","12":"first","13":"instock","14":"shipping-taxable","15":"purchasable","16":"product-type-variable"},"jetpack_sharing_enabled":true,"_links":{"self":[{"href":"https:\/\/www.murmuresmurales.com\/en\/wp-json\/wp\/v2\/product\/596","targetHints":{"allow":["GET"]}}],"collection":[{"href":"https:\/\/www.murmuresmurales.com\/en\/wp-json\/wp\/v2\/product"}],"about":[{"href":"https:\/\/www.murmuresmurales.com\/en\/wp-json\/wp\/v2\/types\/product"}],"replies":[{"embeddable":true,"href":"https:\/\/www.murmuresmurales.com\/en\/wp-json\/wp\/v2\/comments?post=596"}],"wp:featuredmedia":[{"embeddable":true,"href":"https:\/\/www.murmuresmurales.com\/en\/wp-json\/wp\/v2\/media\/600"}],"wp:attachment":[{"href":"https:\/\/www.murmuresmurales.com\/en\/wp-json\/wp\/v2\/media?parent=596"}],"wp:term":[{"taxonomy":"product_brand","embeddable":true,"href":"https:\/\/www.murmuresmurales.com\/en\/wp-json\/wp\/v2\/product_brand?post=596"},{"taxonomy":"product_cat","embeddable":true,"href":"https:\/\/www.murmuresmurales.com\/en\/wp-json\/wp\/v2\/product_cat?post=596"},{"taxonomy":"product_tag","embeddable":true,"href":"https:\/\/www.murmuresmurales.com\/en\/wp-json\/wp\/v2\/product_tag?post=596"}],"curies":[{"name":"wp","href":"https:\/\/api.w.org\/{rel}","templated":true}]}}