{"id":5821,"date":"2026-02-08T18:21:44","date_gmt":"2026-02-08T17:21:44","guid":{"rendered":"https:\/\/www.murmuresmurales.com\/product\/liens-fleuris-tote-bag\/"},"modified":"2026-02-08T18:21:56","modified_gmt":"2026-02-08T17:21:56","slug":"liens-fleuris-tote-bag","status":"publish","type":"product","link":"https:\/\/www.murmuresmurales.com\/en\/product\/liens-fleuris-tote-bag\/","title":{"rendered":"Liens Fleuris Tote bag"},"content":{"rendered":"<p>Les Liens Fleuris explorent la fronti\u00e8re d\u00e9licate entre retenue et abandon.<br \/>\nDe dos, la silhouette f\u00e9minine se laisse enlacer par des lianes souples, ponctu\u00e9es de fleurs bleut\u00e9es, comme autant de liens vivants et sensibles.<br \/>\nRien ici n\u2019entrave : les attaches deviennent langage, les n\u0153uds se transforment en gestes doux, presque protecteurs. Une tension calme s\u2019installe, entre vuln\u00e9rabilit\u00e9 assum\u00e9e et force int\u00e9rieure silencieuse.<br \/>\nCette \u0153uvre \u00e9voque la confiance, le consentement int\u00e9rieur, et la beaut\u00e9 des liens choisis \u2014 ceux qui relient sans enfermer, qui soutiennent sans poss\u00e9der.<br \/>\nElle murmurera aux \u00e2mes en qu\u00eate de profondeur, d\u2019exploration de soi et d\u2019une sensualit\u00e9 symbolique, lente et consciente. <\/p>\n<p> \u2022 100 % polyester <br \/>\n \u2022 Taille du sac : 39 \u00d7 39 cm (15 \u2033 \u00d7 15 \u2033) <br \/>\n \u2022 Capacit\u00e9 : 10 l<br \/>\n \u2022 Poign\u00e9es doubles fabriqu\u00e9es \u00e0 partir de denim en coton 100 % naturel <br \/>\n \u2022 Longueur de la poign\u00e9e\u00a0: 67 cm (26 \u2033), largeur 2,5 cm (1 \u2033) <\/p>","protected":false},"excerpt":{"rendered":"<p>Les Liens Fleuris explorent la fronti\u00e8re d\u00e9licate entre retenue et abandon. De dos, la silhouette f\u00e9minine se laisse enlacer par des lianes souples, ponctu\u00e9es de fleurs bleut\u00e9es, comme autant de liens vivants et sensibles. Rien ici n\u2019entrave : les attaches deviennent langage, les n\u0153uds se transforment en gestes doux, presque protecteurs. Une tension calme s\u2019installe, [&hellip;]<\/p>","protected":false},"featured_media":5822,"comment_status":"open","ping_status":"closed","template":"","meta":{"advanced_seo_description":"","jetpack_seo_html_title":"","jetpack_seo_noindex":false,"_themeisle_gutenberg_block_has_review":false},"product_brand":[],"product_cat":[223],"product_tag":[],"class_list":{"0":"post-5821","1":"product","2":"type-product","3":"status-publish","4":"has-post-thumbnail","6":"product_cat-liens-fleuris","8":"first","9":"instock","10":"shipping-taxable","11":"purchasable","12":"product-type-simple"},"jetpack_sharing_enabled":true,"_links":{"self":[{"href":"https:\/\/www.murmuresmurales.com\/en\/wp-json\/wp\/v2\/product\/5821","targetHints":{"allow":["GET"]}}],"collection":[{"href":"https:\/\/www.murmuresmurales.com\/en\/wp-json\/wp\/v2\/product"}],"about":[{"href":"https:\/\/www.murmuresmurales.com\/en\/wp-json\/wp\/v2\/types\/product"}],"replies":[{"embeddable":true,"href":"https:\/\/www.murmuresmurales.com\/en\/wp-json\/wp\/v2\/comments?post=5821"}],"wp:featuredmedia":[{"embeddable":true,"href":"https:\/\/www.murmuresmurales.com\/en\/wp-json\/wp\/v2\/media\/5822"}],"wp:attachment":[{"href":"https:\/\/www.murmuresmurales.com\/en\/wp-json\/wp\/v2\/media?parent=5821"}],"wp:term":[{"taxonomy":"product_brand","embeddable":true,"href":"https:\/\/www.murmuresmurales.com\/en\/wp-json\/wp\/v2\/product_brand?post=5821"},{"taxonomy":"product_cat","embeddable":true,"href":"https:\/\/www.murmuresmurales.com\/en\/wp-json\/wp\/v2\/product_cat?post=5821"},{"taxonomy":"product_tag","embeddable":true,"href":"https:\/\/www.murmuresmurales.com\/en\/wp-json\/wp\/v2\/product_tag?post=5821"}],"curies":[{"name":"wp","href":"https:\/\/api.w.org\/{rel}","templated":true}]}}