{"id":5811,"date":"2026-02-08T18:17:05","date_gmt":"2026-02-08T17:17:05","guid":{"rendered":"https:\/\/www.murmuresmurales.com\/product\/coiffe-marianne-tote-bag\/"},"modified":"2026-02-08T18:17:33","modified_gmt":"2026-02-08T17:17:33","slug":"coiffe-marianne-tote-bag","status":"publish","type":"product","link":"https:\/\/www.murmuresmurales.com\/en\/product\/coiffe-marianne-tote-bag\/","title":{"rendered":"Coiffe Marianne Tote bag"},"content":{"rendered":"<p>La Coiffe Marianne revisite un symbole fran\u00e7ais ancien \u00e0 travers un langage v\u00e9g\u00e9tal et intime.<br \/>\nIci, le bonnet phrygien se transforme : il fleurit, se m\u00eale aux p\u00e9tales tricolores, comme si son identit\u00e9 elle-m\u00eame \u00e9tait vivante, mouvante, enracin\u00e9e dans le sensible.<br \/>\nIci, la force ne crie pas. Elle pousse doucement, port\u00e9e par la m\u00e9moire, la libert\u00e9 int\u00e9rieure et la capacit\u00e9 \u00e0 se r\u00e9inventer sans se durcir.<br \/>\nLes fleurs remplacent les embl\u00e8mes rigides, rappelant que les valeurs les plus fortes sont souvent celles qui prennent soin, qui relient, qui \u00e9voluent.<\/p>\n<p>Elle murmurera \u00e0 celles et ceux qui cherchent \u00e0 r\u00e9concilier h\u00e9ritage, identit\u00e9 et sensibilit\u00e9, avec po\u00e9sie et conscience.<\/p>\n<p> \u2022 100 % polyester <br \/>\n \u2022 Taille du sac : 39 \u00d7 39 cm (15 \u2033 \u00d7 15 \u2033) <br \/>\n \u2022 Capacit\u00e9 : 10 l<br \/>\n \u2022 Poign\u00e9es doubles fabriqu\u00e9es \u00e0 partir de denim en coton 100 % naturel <br \/>\n \u2022 Longueur de la poign\u00e9e\u00a0: 67 cm (26 \u2033), largeur 2,5 cm (1 \u2033) <\/p>","protected":false},"excerpt":{"rendered":"<p>La Coiffe Marianne revisite un symbole fran\u00e7ais ancien \u00e0 travers un langage v\u00e9g\u00e9tal et intime. Ici, le bonnet phrygien se transforme : il fleurit, se m\u00eale aux p\u00e9tales tricolores, comme si son identit\u00e9 elle-m\u00eame \u00e9tait vivante, mouvante, enracin\u00e9e dans le sensible. Ici, la force ne crie pas. Elle pousse doucement, port\u00e9e par la m\u00e9moire, la [&hellip;]<\/p>","protected":false},"featured_media":5815,"comment_status":"open","ping_status":"closed","template":"","meta":{"advanced_seo_description":"","jetpack_seo_html_title":"","jetpack_seo_noindex":false,"_themeisle_gutenberg_block_has_review":false},"product_brand":[],"product_cat":[224],"product_tag":[],"class_list":{"0":"post-5811","1":"product","2":"type-product","3":"status-publish","4":"has-post-thumbnail","6":"product_cat-coiffe-marianne","7":"pa_couleur-jaune","8":"pa_couleur-noir","9":"pa_couleur-rouge","11":"first","12":"instock","13":"shipping-taxable","14":"purchasable","15":"product-type-variable"},"jetpack_sharing_enabled":true,"_links":{"self":[{"href":"https:\/\/www.murmuresmurales.com\/en\/wp-json\/wp\/v2\/product\/5811","targetHints":{"allow":["GET"]}}],"collection":[{"href":"https:\/\/www.murmuresmurales.com\/en\/wp-json\/wp\/v2\/product"}],"about":[{"href":"https:\/\/www.murmuresmurales.com\/en\/wp-json\/wp\/v2\/types\/product"}],"replies":[{"embeddable":true,"href":"https:\/\/www.murmuresmurales.com\/en\/wp-json\/wp\/v2\/comments?post=5811"}],"wp:featuredmedia":[{"embeddable":true,"href":"https:\/\/www.murmuresmurales.com\/en\/wp-json\/wp\/v2\/media\/5815"}],"wp:attachment":[{"href":"https:\/\/www.murmuresmurales.com\/en\/wp-json\/wp\/v2\/media?parent=5811"}],"wp:term":[{"taxonomy":"product_brand","embeddable":true,"href":"https:\/\/www.murmuresmurales.com\/en\/wp-json\/wp\/v2\/product_brand?post=5811"},{"taxonomy":"product_cat","embeddable":true,"href":"https:\/\/www.murmuresmurales.com\/en\/wp-json\/wp\/v2\/product_cat?post=5811"},{"taxonomy":"product_tag","embeddable":true,"href":"https:\/\/www.murmuresmurales.com\/en\/wp-json\/wp\/v2\/product_tag?post=5811"}],"curies":[{"name":"wp","href":"https:\/\/api.w.org\/{rel}","templated":true}]}}