{"id":5804,"date":"2026-02-08T18:10:21","date_gmt":"2026-02-08T17:10:21","guid":{"rendered":"https:\/\/www.murmuresmurales.com\/product\/danseuse-magnolia-tote-bag\/"},"modified":"2026-02-08T18:10:41","modified_gmt":"2026-02-08T17:10:41","slug":"danseuse-magnolia-tote-bag","status":"publish","type":"product","link":"https:\/\/www.murmuresmurales.com\/en\/product\/danseuse-magnolia-tote-bag\/","title":{"rendered":"Danseuse Magnolia Tote bag"},"content":{"rendered":"<p>La Danseuse Magnolia incarne la gr\u00e2ce qui na\u00eet du mouvement int\u00e9rieur.<br \/>\nSes formes semblent flotter, port\u00e9es par l\u2019\u00e9lan d\u00e9licat d\u2019un magnolia en pleine floraison \u2014 symbole de dignit\u00e9, de douceur et de force silencieuse.<br \/>\nLes p\u00e9tales ouverts \u00e9voquent un corps qui ose s\u2019\u00e9tirer, se d\u00e9ployer, prendre sa place dans l\u2019espace sans bruit, mais avec \u00e9vidence.<br \/>\nUne danse lente, presque m\u00e9ditative, o\u00f9 la f\u00e9minit\u00e9 s\u2019exprime dans l\u2019\u00e9quilibre entre fragilit\u00e9 et puissance.<\/p>\n<p>Cette \u0153uvre murmurera aux \u00e2mes sensibles en qu\u00eate de l\u00e9g\u00e8ret\u00e9, de beaut\u00e9 tranquille et d\u2019un \u00e9lan vital qui s\u2019exprime sans retenue. <\/p>\n<p> \u2022 100 % polyester <br \/>\n \u2022 Taille du sac : 39 \u00d7 39 cm (15 \u2033 \u00d7 15 \u2033) <br \/>\n \u2022 Capacit\u00e9 : 10 l<br \/>\n \u2022 Poign\u00e9es doubles fabriqu\u00e9es \u00e0 partir de denim en coton 100 % naturel <br \/>\n \u2022 Longueur de la poign\u00e9e\u00a0: 67 cm (26 \u2033), largeur 2,5 cm (1 \u2033) <\/p>","protected":false},"excerpt":{"rendered":"<p>La Danseuse Magnolia incarne la gr\u00e2ce qui na\u00eet du mouvement int\u00e9rieur. Ses formes semblent flotter, port\u00e9es par l\u2019\u00e9lan d\u00e9licat d\u2019un magnolia en pleine floraison \u2014 symbole de dignit\u00e9, de douceur et de force silencieuse. Les p\u00e9tales ouverts \u00e9voquent un corps qui ose s\u2019\u00e9tirer, se d\u00e9ployer, prendre sa place dans l\u2019espace sans bruit, mais avec \u00e9vidence. [&hellip;]<\/p>","protected":false},"featured_media":5807,"comment_status":"open","ping_status":"closed","template":"","meta":{"advanced_seo_description":"","jetpack_seo_html_title":"","jetpack_seo_noindex":false,"_themeisle_gutenberg_block_has_review":false},"product_brand":[],"product_cat":[222],"product_tag":[],"class_list":{"0":"post-5804","1":"product","2":"type-product","3":"status-publish","4":"has-post-thumbnail","6":"product_cat-danseuse-magnolia","7":"pa_couleur-jaune","8":"pa_couleur-noir","10":"first","11":"instock","12":"shipping-taxable","13":"purchasable","14":"product-type-variable"},"jetpack_sharing_enabled":true,"_links":{"self":[{"href":"https:\/\/www.murmuresmurales.com\/en\/wp-json\/wp\/v2\/product\/5804","targetHints":{"allow":["GET"]}}],"collection":[{"href":"https:\/\/www.murmuresmurales.com\/en\/wp-json\/wp\/v2\/product"}],"about":[{"href":"https:\/\/www.murmuresmurales.com\/en\/wp-json\/wp\/v2\/types\/product"}],"replies":[{"embeddable":true,"href":"https:\/\/www.murmuresmurales.com\/en\/wp-json\/wp\/v2\/comments?post=5804"}],"wp:featuredmedia":[{"embeddable":true,"href":"https:\/\/www.murmuresmurales.com\/en\/wp-json\/wp\/v2\/media\/5807"}],"wp:attachment":[{"href":"https:\/\/www.murmuresmurales.com\/en\/wp-json\/wp\/v2\/media?parent=5804"}],"wp:term":[{"taxonomy":"product_brand","embeddable":true,"href":"https:\/\/www.murmuresmurales.com\/en\/wp-json\/wp\/v2\/product_brand?post=5804"},{"taxonomy":"product_cat","embeddable":true,"href":"https:\/\/www.murmuresmurales.com\/en\/wp-json\/wp\/v2\/product_cat?post=5804"},{"taxonomy":"product_tag","embeddable":true,"href":"https:\/\/www.murmuresmurales.com\/en\/wp-json\/wp\/v2\/product_tag?post=5804"}],"curies":[{"name":"wp","href":"https:\/\/api.w.org\/{rel}","templated":true}]}}