{"id":5793,"date":"2026-02-08T18:00:20","date_gmt":"2026-02-08T17:00:20","guid":{"rendered":"https:\/\/www.murmuresmurales.com\/product\/coiffe-marianne-carte-de-voeux\/"},"modified":"2026-02-08T18:00:28","modified_gmt":"2026-02-08T17:00:28","slug":"coiffe-marianne-carte-de-voeux","status":"publish","type":"product","link":"https:\/\/www.murmuresmurales.com\/en\/product\/coiffe-marianne-carte-de-voeux\/","title":{"rendered":"Coiffe Marianne Carte de v\u0153ux"},"content":{"rendered":"<p>La Coiffe Marianne revisite un symbole fran\u00e7ais ancien \u00e0 travers un langage v\u00e9g\u00e9tal et intime.<br \/>\nIci, le bonnet phrygien se transforme : il fleurit, se m\u00eale aux p\u00e9tales tricolores, comme si son identit\u00e9 elle-m\u00eame \u00e9tait vivante, mouvante, enracin\u00e9e dans le sensible.<br \/>\nIci, la force ne crie pas. Elle pousse doucement, port\u00e9e par la m\u00e9moire, la libert\u00e9 int\u00e9rieure et la capacit\u00e9 \u00e0 se r\u00e9inventer sans se durcir.<br \/>\nLes fleurs remplacent les embl\u00e8mes rigides, rappelant que les valeurs les plus fortes sont souvent celles qui prennent soin, qui relient, qui \u00e9voluent.<\/p>\n<p>Elle murmurera \u00e0 celles et ceux qui cherchent \u00e0 r\u00e9concilier h\u00e9ritage, identit\u00e9 et sensibilit\u00e9, avec po\u00e9sie et conscience.<\/p>\n<p>- Sizes: Small: 101 \u00d7 152 mm (4 \u2033 \u00d7 6 \u2033)<br \/>\n\u2022 Poids du produit\u00a0:\u00a0Petite\u00a0:\u00a011\u00a0g (0,39\u00a0oz)<br \/>\n\u2022 Impression \u00e0 base de toner<br \/>\n\u2022 Couleurs vives<\/p>","protected":false},"excerpt":{"rendered":"<p>La Coiffe Marianne revisite un symbole fran\u00e7ais ancien \u00e0 travers un langage v\u00e9g\u00e9tal et intime. Ici, le bonnet phrygien se transforme : il fleurit, se m\u00eale aux p\u00e9tales tricolores, comme si son identit\u00e9 elle-m\u00eame \u00e9tait vivante, mouvante, enracin\u00e9e dans le sensible. Ici, la force ne crie pas. Elle pousse doucement, port\u00e9e par la m\u00e9moire, la [&hellip;]<\/p>","protected":false},"featured_media":5794,"comment_status":"open","ping_status":"closed","template":"","meta":{"advanced_seo_description":"","jetpack_seo_html_title":"","jetpack_seo_noindex":false,"_themeisle_gutenberg_block_has_review":false},"product_brand":[],"product_cat":[224],"product_tag":[],"class_list":{"0":"post-5793","1":"product","2":"type-product","3":"status-publish","4":"has-post-thumbnail","6":"product_cat-coiffe-marianne","8":"first","9":"instock","10":"shipping-taxable","11":"purchasable","12":"product-type-simple"},"jetpack_sharing_enabled":true,"_links":{"self":[{"href":"https:\/\/www.murmuresmurales.com\/en\/wp-json\/wp\/v2\/product\/5793","targetHints":{"allow":["GET"]}}],"collection":[{"href":"https:\/\/www.murmuresmurales.com\/en\/wp-json\/wp\/v2\/product"}],"about":[{"href":"https:\/\/www.murmuresmurales.com\/en\/wp-json\/wp\/v2\/types\/product"}],"replies":[{"embeddable":true,"href":"https:\/\/www.murmuresmurales.com\/en\/wp-json\/wp\/v2\/comments?post=5793"}],"wp:featuredmedia":[{"embeddable":true,"href":"https:\/\/www.murmuresmurales.com\/en\/wp-json\/wp\/v2\/media\/5794"}],"wp:attachment":[{"href":"https:\/\/www.murmuresmurales.com\/en\/wp-json\/wp\/v2\/media?parent=5793"}],"wp:term":[{"taxonomy":"product_brand","embeddable":true,"href":"https:\/\/www.murmuresmurales.com\/en\/wp-json\/wp\/v2\/product_brand?post=5793"},{"taxonomy":"product_cat","embeddable":true,"href":"https:\/\/www.murmuresmurales.com\/en\/wp-json\/wp\/v2\/product_cat?post=5793"},{"taxonomy":"product_tag","embeddable":true,"href":"https:\/\/www.murmuresmurales.com\/en\/wp-json\/wp\/v2\/product_tag?post=5793"}],"curies":[{"name":"wp","href":"https:\/\/api.w.org\/{rel}","templated":true}]}}