{"id":5789,"date":"2026-02-08T17:56:45","date_gmt":"2026-02-08T16:56:45","guid":{"rendered":"https:\/\/www.murmuresmurales.com\/product\/buste-terracotta-carte-de-voeux\/"},"modified":"2026-02-08T17:56:54","modified_gmt":"2026-02-08T16:56:54","slug":"buste-terracotta-carte-de-voeux","status":"publish","type":"product","link":"https:\/\/www.murmuresmurales.com\/en\/product\/buste-terracotta-carte-de-voeux\/","title":{"rendered":"Buste Terracotta Carte de v\u0153ux"},"content":{"rendered":"<p>Le Buste Terracotta incarne l\u2019ancrage et la r\u00e9conciliation avec le corps.<br \/>\nLa silhouette se replie sur elle-m\u00eame, dans un geste de protection douce, tandis que des feuillages sobres \u00e9mergent en arri\u00e8re-plan \u2014 comme une respiration lente, profonde, retrouv\u00e9e.<br \/>\nLes teintes terracotta et poudr\u00e9es \u00e9voquent la terre, la chaleur, la mati\u00e8re vivante \u00e0 laquelle on revient quand tout devient trop bruyant.<br \/>\nUne ode \u00e0 l\u2019auto-\u00e9treinte, \u00e0 la pr\u00e9sence \u00e0 soi, \u00e0 ce moment o\u00f9 l\u2019on choisit enfin de s\u2019habiter pleinement.<\/p>\n<p>Cette \u0153uvre murmurera aux \u00e2mes en qu\u00eate de stabilit\u00e9, de douceur incarn\u00e9e et d\u2019un lien apais\u00e9 entre le corps, la nature et l\u2019\u00e9motion.<\/p>\n<p>- Sizes: Small: 101 \u00d7 152 mm (4 \u2033 \u00d7 6 \u2033)<br \/>\n\u2022 Poids du produit\u00a0:\u00a0Petite\u00a0:\u00a011\u00a0g (0,39\u00a0oz)<br \/>\n\u2022 Impression \u00e0 base de toner<br \/>\n\u2022 Couleurs vives<\/p>","protected":false},"excerpt":{"rendered":"<p>Le Buste Terracotta incarne l\u2019ancrage et la r\u00e9conciliation avec le corps. La silhouette se replie sur elle-m\u00eame, dans un geste de protection douce, tandis que des feuillages sobres \u00e9mergent en arri\u00e8re-plan \u2014 comme une respiration lente, profonde, retrouv\u00e9e. Les teintes terracotta et poudr\u00e9es \u00e9voquent la terre, la chaleur, la mati\u00e8re vivante \u00e0 laquelle on revient [&hellip;]<\/p>","protected":false},"featured_media":5790,"comment_status":"open","ping_status":"closed","template":"","meta":{"advanced_seo_description":"","jetpack_seo_html_title":"","jetpack_seo_noindex":false,"_themeisle_gutenberg_block_has_review":false},"product_brand":[],"product_cat":[221],"product_tag":[],"class_list":{"0":"post-5789","1":"product","2":"type-product","3":"status-publish","4":"has-post-thumbnail","6":"product_cat-buste-terracotta","8":"first","9":"instock","10":"shipping-taxable","11":"purchasable","12":"product-type-simple"},"jetpack_sharing_enabled":true,"_links":{"self":[{"href":"https:\/\/www.murmuresmurales.com\/en\/wp-json\/wp\/v2\/product\/5789","targetHints":{"allow":["GET"]}}],"collection":[{"href":"https:\/\/www.murmuresmurales.com\/en\/wp-json\/wp\/v2\/product"}],"about":[{"href":"https:\/\/www.murmuresmurales.com\/en\/wp-json\/wp\/v2\/types\/product"}],"replies":[{"embeddable":true,"href":"https:\/\/www.murmuresmurales.com\/en\/wp-json\/wp\/v2\/comments?post=5789"}],"wp:featuredmedia":[{"embeddable":true,"href":"https:\/\/www.murmuresmurales.com\/en\/wp-json\/wp\/v2\/media\/5790"}],"wp:attachment":[{"href":"https:\/\/www.murmuresmurales.com\/en\/wp-json\/wp\/v2\/media?parent=5789"}],"wp:term":[{"taxonomy":"product_brand","embeddable":true,"href":"https:\/\/www.murmuresmurales.com\/en\/wp-json\/wp\/v2\/product_brand?post=5789"},{"taxonomy":"product_cat","embeddable":true,"href":"https:\/\/www.murmuresmurales.com\/en\/wp-json\/wp\/v2\/product_cat?post=5789"},{"taxonomy":"product_tag","embeddable":true,"href":"https:\/\/www.murmuresmurales.com\/en\/wp-json\/wp\/v2\/product_tag?post=5789"}],"curies":[{"name":"wp","href":"https:\/\/api.w.org\/{rel}","templated":true}]}}