{"id":5750,"date":"2026-02-08T02:05:56","date_gmt":"2026-02-08T01:05:56","guid":{"rendered":"https:\/\/www.murmuresmurales.com\/product\/buste-terracotta-affiche-avec-accroches\/"},"modified":"2026-02-08T02:06:20","modified_gmt":"2026-02-08T01:06:20","slug":"buste-terracotta-affiche-avec-accroches","status":"publish","type":"product","link":"https:\/\/www.murmuresmurales.com\/en\/product\/buste-terracotta-affiche-avec-accroches\/","title":{"rendered":"Buste Terracotta Affiche avec accroches"},"content":{"rendered":"<p>Le Buste Terracotta incarne l\u2019ancrage et la r\u00e9conciliation avec le corps.<br \/>\nLa silhouette se replie sur elle-m\u00eame, dans un geste de protection douce, tandis que des feuillages sobres \u00e9mergent en arri\u00e8re-plan \u2014 comme une respiration lente, profonde, retrouv\u00e9e.<br \/>\nLes teintes terracotta et poudr\u00e9es \u00e9voquent la terre, la chaleur, la mati\u00e8re vivante \u00e0 laquelle on revient quand tout devient trop bruyant.<br \/>\nUne ode \u00e0 l\u2019auto-\u00e9treinte, \u00e0 la pr\u00e9sence \u00e0 soi, \u00e0 ce moment o\u00f9 l\u2019on choisit enfin de s\u2019habiter pleinement.<\/p>\n<p>Cette \u0153uvre murmurera aux \u00e2mes en qu\u00eate de stabilit\u00e9, de douceur incarn\u00e9e et d\u2019un lien apais\u00e9 entre le corps, la nature et l\u2019\u00e9motion.<\/p>\n<p> - Hangers in natural Baltic wood<br \/>\n - Poster secured by magnets<br \/>\n - Supplied with matching chain<br \/>\n - Paper from Japan<br \/>\n - Virgin product from the UK<\/p>","protected":false},"excerpt":{"rendered":"<p>Le Buste Terracotta incarne l\u2019ancrage et la r\u00e9conciliation avec le corps. La silhouette se replie sur elle-m\u00eame, dans un geste de protection douce, tandis que des feuillages sobres \u00e9mergent en arri\u00e8re-plan \u2014 comme une respiration lente, profonde, retrouv\u00e9e. Les teintes terracotta et poudr\u00e9es \u00e9voquent la terre, la chaleur, la mati\u00e8re vivante \u00e0 laquelle on revient [&hellip;]<\/p>","protected":false},"featured_media":5755,"comment_status":"open","ping_status":"closed","template":"","meta":{"advanced_seo_description":"","jetpack_seo_html_title":"","jetpack_seo_noindex":false,"_themeisle_gutenberg_block_has_review":false},"product_brand":[],"product_cat":[221],"product_tag":[],"class_list":{"0":"post-5750","1":"product","2":"type-product","3":"status-publish","4":"has-post-thumbnail","6":"product_cat-buste-terracotta","7":"pa_couleur-blanc","8":"pa_couleur-oak","9":"pa_taille-12x16","10":"pa_taille-16x20","11":"pa_taille-18x18","13":"first","14":"instock","15":"shipping-taxable","16":"purchasable","17":"product-type-variable"},"jetpack_sharing_enabled":true,"_links":{"self":[{"href":"https:\/\/www.murmuresmurales.com\/en\/wp-json\/wp\/v2\/product\/5750","targetHints":{"allow":["GET"]}}],"collection":[{"href":"https:\/\/www.murmuresmurales.com\/en\/wp-json\/wp\/v2\/product"}],"about":[{"href":"https:\/\/www.murmuresmurales.com\/en\/wp-json\/wp\/v2\/types\/product"}],"replies":[{"embeddable":true,"href":"https:\/\/www.murmuresmurales.com\/en\/wp-json\/wp\/v2\/comments?post=5750"}],"wp:featuredmedia":[{"embeddable":true,"href":"https:\/\/www.murmuresmurales.com\/en\/wp-json\/wp\/v2\/media\/5755"}],"wp:attachment":[{"href":"https:\/\/www.murmuresmurales.com\/en\/wp-json\/wp\/v2\/media?parent=5750"}],"wp:term":[{"taxonomy":"product_brand","embeddable":true,"href":"https:\/\/www.murmuresmurales.com\/en\/wp-json\/wp\/v2\/product_brand?post=5750"},{"taxonomy":"product_cat","embeddable":true,"href":"https:\/\/www.murmuresmurales.com\/en\/wp-json\/wp\/v2\/product_cat?post=5750"},{"taxonomy":"product_tag","embeddable":true,"href":"https:\/\/www.murmuresmurales.com\/en\/wp-json\/wp\/v2\/product_tag?post=5750"}],"curies":[{"name":"wp","href":"https:\/\/api.w.org\/{rel}","templated":true}]}}