{"id":5717,"date":"2026-02-08T01:56:04","date_gmt":"2026-02-08T00:56:04","guid":{"rendered":"https:\/\/www.murmuresmurales.com\/product\/liens-fleuris-affiche\/"},"modified":"2026-02-08T01:56:21","modified_gmt":"2026-02-08T00:56:21","slug":"liens-fleuris-affiche","status":"publish","type":"product","link":"https:\/\/www.murmuresmurales.com\/en\/product\/liens-fleuris-affiche\/","title":{"rendered":"Liens Fleuris Affiche"},"content":{"rendered":"<p>Les Liens Fleuris explorent la fronti\u00e8re d\u00e9licate entre retenue et abandon.<br \/>\nDe dos, la silhouette f\u00e9minine se laisse enlacer par des lianes souples, ponctu\u00e9es de fleurs bleut\u00e9es, comme autant de liens vivants et sensibles.<br \/>\nRien ici n\u2019entrave : les attaches deviennent langage, les n\u0153uds se transforment en gestes doux, presque protecteurs. Une tension calme s\u2019installe, entre vuln\u00e9rabilit\u00e9 assum\u00e9e et force int\u00e9rieure silencieuse.<br \/>\nCette \u0153uvre \u00e9voque la confiance, le consentement int\u00e9rieur, et la beaut\u00e9 des liens choisis \u2014 ceux qui relient sans enfermer, qui soutiennent sans poss\u00e9der.<br \/>\nElle murmurera aux \u00e2mes en qu\u00eate de profondeur, d\u2019exploration de soi et d\u2019une sensualit\u00e9 symbolique, lente et consciente.<\/p>\n<p>\u2022 \u00c9paisseur du papier\u00a0: 10,3 mil<br \/>\n\u2022 Poids du papier\u00a0: 189\u00a0g\/m\u00b2<br \/>\n\u2022 Opacit\u00e9\u00a0: 94\u00a0%<br \/>\n\u2022 Les affiches 21 \u00d7 30 cm sont de format A4<br \/>\n- Paper from Japan<\/p>","protected":false},"excerpt":{"rendered":"<p>Les Liens Fleuris explorent la fronti\u00e8re d\u00e9licate entre retenue et abandon. De dos, la silhouette f\u00e9minine se laisse enlacer par des lianes souples, ponctu\u00e9es de fleurs bleut\u00e9es, comme autant de liens vivants et sensibles. Rien ici n\u2019entrave : les attaches deviennent langage, les n\u0153uds se transforment en gestes doux, presque protecteurs. Une tension calme s\u2019installe, [&hellip;]<\/p>","protected":false},"featured_media":5722,"comment_status":"open","ping_status":"closed","template":"","meta":{"advanced_seo_description":"","jetpack_seo_html_title":"","jetpack_seo_noindex":false,"_themeisle_gutenberg_block_has_review":false},"product_brand":[],"product_cat":[223],"product_tag":[],"class_list":{"0":"post-5717","1":"product","2":"type-product","3":"status-publish","4":"has-post-thumbnail","6":"product_cat-liens-fleuris","7":"pa_taille-21-x-30-cm","8":"pa_taille-30-x-40-cm","9":"pa_taille-50-x-70-cm","10":"pa_taille-70-x-100-cm","12":"first","13":"instock","14":"shipping-taxable","15":"purchasable","16":"product-type-variable"},"jetpack_sharing_enabled":true,"_links":{"self":[{"href":"https:\/\/www.murmuresmurales.com\/en\/wp-json\/wp\/v2\/product\/5717","targetHints":{"allow":["GET"]}}],"collection":[{"href":"https:\/\/www.murmuresmurales.com\/en\/wp-json\/wp\/v2\/product"}],"about":[{"href":"https:\/\/www.murmuresmurales.com\/en\/wp-json\/wp\/v2\/types\/product"}],"replies":[{"embeddable":true,"href":"https:\/\/www.murmuresmurales.com\/en\/wp-json\/wp\/v2\/comments?post=5717"}],"wp:featuredmedia":[{"embeddable":true,"href":"https:\/\/www.murmuresmurales.com\/en\/wp-json\/wp\/v2\/media\/5722"}],"wp:attachment":[{"href":"https:\/\/www.murmuresmurales.com\/en\/wp-json\/wp\/v2\/media?parent=5717"}],"wp:term":[{"taxonomy":"product_brand","embeddable":true,"href":"https:\/\/www.murmuresmurales.com\/en\/wp-json\/wp\/v2\/product_brand?post=5717"},{"taxonomy":"product_cat","embeddable":true,"href":"https:\/\/www.murmuresmurales.com\/en\/wp-json\/wp\/v2\/product_cat?post=5717"},{"taxonomy":"product_tag","embeddable":true,"href":"https:\/\/www.murmuresmurales.com\/en\/wp-json\/wp\/v2\/product_tag?post=5717"}],"curies":[{"name":"wp","href":"https:\/\/api.w.org\/{rel}","templated":true}]}}