{"id":5673,"date":"2026-02-08T01:40:45","date_gmt":"2026-02-08T00:40:45","guid":{"rendered":"https:\/\/www.murmuresmurales.com\/product\/buste-terracotta-toile-fine\/"},"modified":"2026-02-08T01:41:11","modified_gmt":"2026-02-08T00:41:11","slug":"buste-terracotta-toile-fine","status":"publish","type":"product","link":"https:\/\/www.murmuresmurales.com\/en\/product\/buste-terracotta-toile-fine\/","title":{"rendered":"Buste Terracotta Toile fine"},"content":{"rendered":"<p>Le Buste Terracotta incarne l\u2019ancrage et la r\u00e9conciliation avec le corps.<br \/>\nLa silhouette se replie sur elle-m\u00eame, dans un geste de protection douce, tandis que des feuillages sobres \u00e9mergent en arri\u00e8re-plan \u2014 comme une respiration lente, profonde, retrouv\u00e9e.<br \/>\nLes teintes terracotta et poudr\u00e9es \u00e9voquent la terre, la chaleur, la mati\u00e8re vivante \u00e0 laquelle on revient quand tout devient trop bruyant.<br \/>\nUne ode \u00e0 l\u2019auto-\u00e9treinte, \u00e0 la pr\u00e9sence \u00e0 soi, \u00e0 ce moment o\u00f9 l\u2019on choisit enfin de s\u2019habiter pleinement.<\/p>\n<p>Cette \u0153uvre murmurera aux \u00e2mes en qu\u00eate de stabilit\u00e9, de douceur incarn\u00e9e et d\u2019un lien apais\u00e9 entre le corps, la nature et l\u2019\u00e9motion.<\/p>\n<p>\u2022 Toile de 19,05\u00a0mm (0,75\u00a0\u00ab\u00a0) d&rsquo;\u00e9paisseur<br \/>\n\u2022 Supports muraux attach\u00e9s<br \/>\n\u2022 Toile plus fine que les toiles ordinaires<\/p>","protected":false},"excerpt":{"rendered":"<p>Le Buste Terracotta incarne l\u2019ancrage et la r\u00e9conciliation avec le corps. La silhouette se replie sur elle-m\u00eame, dans un geste de protection douce, tandis que des feuillages sobres \u00e9mergent en arri\u00e8re-plan \u2014 comme une respiration lente, profonde, retrouv\u00e9e. Les teintes terracotta et poudr\u00e9es \u00e9voquent la terre, la chaleur, la mati\u00e8re vivante \u00e0 laquelle on revient [&hellip;]<\/p>","protected":false},"featured_media":5678,"comment_status":"open","ping_status":"closed","template":"","meta":{"advanced_seo_description":"","jetpack_seo_html_title":"","jetpack_seo_noindex":false,"_themeisle_gutenberg_block_has_review":false},"product_brand":[],"product_cat":[221],"product_tag":[],"class_list":{"0":"post-5673","1":"product","2":"type-product","3":"status-publish","4":"has-post-thumbnail","6":"product_cat-buste-terracotta","7":"pa_taille-12x16","8":"pa_taille-16x20","9":"pa_taille-18x24","10":"pa_taille-24x32","12":"first","13":"instock","14":"shipping-taxable","15":"purchasable","16":"product-type-variable"},"jetpack_sharing_enabled":true,"_links":{"self":[{"href":"https:\/\/www.murmuresmurales.com\/en\/wp-json\/wp\/v2\/product\/5673","targetHints":{"allow":["GET"]}}],"collection":[{"href":"https:\/\/www.murmuresmurales.com\/en\/wp-json\/wp\/v2\/product"}],"about":[{"href":"https:\/\/www.murmuresmurales.com\/en\/wp-json\/wp\/v2\/types\/product"}],"replies":[{"embeddable":true,"href":"https:\/\/www.murmuresmurales.com\/en\/wp-json\/wp\/v2\/comments?post=5673"}],"wp:featuredmedia":[{"embeddable":true,"href":"https:\/\/www.murmuresmurales.com\/en\/wp-json\/wp\/v2\/media\/5678"}],"wp:attachment":[{"href":"https:\/\/www.murmuresmurales.com\/en\/wp-json\/wp\/v2\/media?parent=5673"}],"wp:term":[{"taxonomy":"product_brand","embeddable":true,"href":"https:\/\/www.murmuresmurales.com\/en\/wp-json\/wp\/v2\/product_brand?post=5673"},{"taxonomy":"product_cat","embeddable":true,"href":"https:\/\/www.murmuresmurales.com\/en\/wp-json\/wp\/v2\/product_cat?post=5673"},{"taxonomy":"product_tag","embeddable":true,"href":"https:\/\/www.murmuresmurales.com\/en\/wp-json\/wp\/v2\/product_tag?post=5673"}],"curies":[{"name":"wp","href":"https:\/\/api.w.org\/{rel}","templated":true}]}}