{"id":5610,"date":"2026-02-07T23:30:10","date_gmt":"2026-02-07T22:30:10","guid":{"rendered":"https:\/\/www.murmuresmurales.com\/product\/tete-marguerites-toile-fine\/"},"modified":"2026-02-07T23:32:30","modified_gmt":"2026-02-07T22:32:30","slug":"tete-marguerites-toile-fine","status":"publish","type":"product","link":"https:\/\/www.murmuresmurales.com\/en\/product\/tete-marguerites-toile-fine\/","title":{"rendered":"T\u00eate Marguerites Toile fine"},"content":{"rendered":"<p>La T\u00eate Marguerites incarne une joie simple et printani\u00e8re.<br \/>\nSur son visage apais\u00e9, des marguerites \u00e9closes prennent racine \u2014 fra\u00eeches, lumineuses, pleines de cette innocence qui rena\u00eet quand on s\u2019autorise \u00e0 respirer.<br \/>\nLes yeux clos, elle se laisse traverser par la douceur du moment, par l\u2019\u00e9lan discret de ce qui fleurit sans bruit.<br \/>\nUne ode \u00e0 la l\u00e9g\u00e8ret\u00e9 retrouv\u00e9e, \u00e0 l\u2019optimisme tranquille, \u00e0 ces petits bonheurs qui poussent quand on leur fait de la place.<\/p>\n<p>Cette \u0153uvre murmurera aux \u00e2mes en qu\u00eate de fra\u00eecheur, de simplicit\u00e9 et de lumi\u00e8re douce, comme un matin de printemps qui commence.<\/p>\n<p>\u2022 Toile de 19,05\u00a0mm (0,75\u00a0\u00ab\u00a0) d&rsquo;\u00e9paisseur<br \/>\n\u2022 Supports muraux attach\u00e9s<br \/>\n\u2022 Toile plus fine que les toiles ordinaires<\/p>","protected":false},"excerpt":{"rendered":"<p>La T\u00eate Marguerites incarne une joie simple et printani\u00e8re. Sur son visage apais\u00e9, des marguerites \u00e9closes prennent racine \u2014 fra\u00eeches, lumineuses, pleines de cette innocence qui rena\u00eet quand on s\u2019autorise \u00e0 respirer. Les yeux clos, elle se laisse traverser par la douceur du moment, par l\u2019\u00e9lan discret de ce qui fleurit sans bruit. Une ode [&hellip;]<\/p>","protected":false},"featured_media":5615,"comment_status":"open","ping_status":"closed","template":"","meta":{"advanced_seo_description":"","jetpack_seo_html_title":"","jetpack_seo_noindex":false,"_themeisle_gutenberg_block_has_review":false},"product_brand":[],"product_cat":[220],"product_tag":[],"class_list":{"0":"post-5610","1":"product","2":"type-product","3":"status-publish","4":"has-post-thumbnail","6":"product_cat-tete-marguerites","7":"pa_taille-12x16","8":"pa_taille-16x20","9":"pa_taille-18x24","10":"pa_taille-24x32","12":"first","13":"instock","14":"shipping-taxable","15":"purchasable","16":"product-type-variable"},"jetpack_sharing_enabled":true,"_links":{"self":[{"href":"https:\/\/www.murmuresmurales.com\/en\/wp-json\/wp\/v2\/product\/5610","targetHints":{"allow":["GET"]}}],"collection":[{"href":"https:\/\/www.murmuresmurales.com\/en\/wp-json\/wp\/v2\/product"}],"about":[{"href":"https:\/\/www.murmuresmurales.com\/en\/wp-json\/wp\/v2\/types\/product"}],"replies":[{"embeddable":true,"href":"https:\/\/www.murmuresmurales.com\/en\/wp-json\/wp\/v2\/comments?post=5610"}],"wp:featuredmedia":[{"embeddable":true,"href":"https:\/\/www.murmuresmurales.com\/en\/wp-json\/wp\/v2\/media\/5615"}],"wp:attachment":[{"href":"https:\/\/www.murmuresmurales.com\/en\/wp-json\/wp\/v2\/media?parent=5610"}],"wp:term":[{"taxonomy":"product_brand","embeddable":true,"href":"https:\/\/www.murmuresmurales.com\/en\/wp-json\/wp\/v2\/product_brand?post=5610"},{"taxonomy":"product_cat","embeddable":true,"href":"https:\/\/www.murmuresmurales.com\/en\/wp-json\/wp\/v2\/product_cat?post=5610"},{"taxonomy":"product_tag","embeddable":true,"href":"https:\/\/www.murmuresmurales.com\/en\/wp-json\/wp\/v2\/product_tag?post=5610"}],"curies":[{"name":"wp","href":"https:\/\/api.w.org\/{rel}","templated":true}]}}