{"id":5590,"date":"2026-02-07T23:00:55","date_gmt":"2026-02-07T22:00:55","guid":{"rendered":"https:\/\/www.murmuresmurales.com\/product\/femme-fleur-des-champs-solaire-tote-bag\/"},"modified":"2026-02-07T23:01:14","modified_gmt":"2026-02-07T22:01:14","slug":"femme-fleur-des-champs-solaire-tote-bag","status":"publish","type":"product","link":"https:\/\/www.murmuresmurales.com\/en\/product\/femme-fleur-des-champs-solaire-tote-bag\/","title":{"rendered":"Femme Fleur des Champs Solaire Tote bag"},"content":{"rendered":"<p>La Femme Fleur des Champs Solaire incarne une lumi\u00e8re libre et spontan\u00e9e.<br \/>\nSous un soleil rond et chaud, des fleurs simples s\u2019\u00e9parpillent autour d\u2019elle \u2014 rouges, bleues, jaunes \u2014 comme un \u00e9clat de joie jet\u00e9 dans l\u2019obscurit\u00e9.<br \/>\nElle ne cherche pas \u00e0 briller : elle rayonne naturellement, port\u00e9e par la douceur du vivant et la force tranquille de ce qui pousse sans effort.<br \/>\nUne ode \u00e0 la vitalit\u00e9 int\u00e9rieure, \u00e0 la joie modeste mais tenace, \u00e0 la lumi\u00e8re que l\u2019on garde m\u00eame quand tout autour semble sombre.<\/p>\n<p>Cette \u0153uvre murmurera aux \u00e2mes solaires, \u00e0 celles qui avancent guid\u00e9es par l\u2019instinct, la simplicit\u00e9 et le plaisir d\u2019exister pleinement. <\/p>\n<p> \u2022 100 % polyester <br \/>\n \u2022 Taille du sac : 39 \u00d7 39 cm (15 \u2033 \u00d7 15 \u2033) <br \/>\n \u2022 Capacit\u00e9 : 10 l<br \/>\n \u2022 Poign\u00e9es doubles fabriqu\u00e9es \u00e0 partir de denim en coton 100 % naturel <br \/>\n \u2022 Longueur de la poign\u00e9e\u00a0: 67 cm (26 \u2033), largeur 2,5 cm (1 \u2033) <\/p>","protected":false},"excerpt":{"rendered":"<p>La Femme Fleur des Champs Solaire incarne une lumi\u00e8re libre et spontan\u00e9e. Sous un soleil rond et chaud, des fleurs simples s\u2019\u00e9parpillent autour d\u2019elle \u2014 rouges, bleues, jaunes \u2014 comme un \u00e9clat de joie jet\u00e9 dans l\u2019obscurit\u00e9. Elle ne cherche pas \u00e0 briller : elle rayonne naturellement, port\u00e9e par la douceur du vivant et la [&hellip;]<\/p>","protected":false},"featured_media":5593,"comment_status":"open","ping_status":"closed","template":"","meta":{"advanced_seo_description":"","jetpack_seo_html_title":"","jetpack_seo_noindex":false,"_themeisle_gutenberg_block_has_review":false},"product_brand":[],"product_cat":[218],"product_tag":[],"class_list":{"0":"post-5590","1":"product","2":"type-product","3":"status-publish","4":"has-post-thumbnail","6":"product_cat-femme-fleur-champs-solaire","7":"pa_couleur-jaune","8":"pa_couleur-noir","10":"first","11":"instock","12":"shipping-taxable","13":"purchasable","14":"product-type-variable"},"jetpack_sharing_enabled":true,"_links":{"self":[{"href":"https:\/\/www.murmuresmurales.com\/en\/wp-json\/wp\/v2\/product\/5590","targetHints":{"allow":["GET"]}}],"collection":[{"href":"https:\/\/www.murmuresmurales.com\/en\/wp-json\/wp\/v2\/product"}],"about":[{"href":"https:\/\/www.murmuresmurales.com\/en\/wp-json\/wp\/v2\/types\/product"}],"replies":[{"embeddable":true,"href":"https:\/\/www.murmuresmurales.com\/en\/wp-json\/wp\/v2\/comments?post=5590"}],"wp:featuredmedia":[{"embeddable":true,"href":"https:\/\/www.murmuresmurales.com\/en\/wp-json\/wp\/v2\/media\/5593"}],"wp:attachment":[{"href":"https:\/\/www.murmuresmurales.com\/en\/wp-json\/wp\/v2\/media?parent=5590"}],"wp:term":[{"taxonomy":"product_brand","embeddable":true,"href":"https:\/\/www.murmuresmurales.com\/en\/wp-json\/wp\/v2\/product_brand?post=5590"},{"taxonomy":"product_cat","embeddable":true,"href":"https:\/\/www.murmuresmurales.com\/en\/wp-json\/wp\/v2\/product_cat?post=5590"},{"taxonomy":"product_tag","embeddable":true,"href":"https:\/\/www.murmuresmurales.com\/en\/wp-json\/wp\/v2\/product_tag?post=5590"}],"curies":[{"name":"wp","href":"https:\/\/api.w.org\/{rel}","templated":true}]}}