{"id":5544,"date":"2026-02-05T14:15:25","date_gmt":"2026-02-05T13:15:25","guid":{"rendered":"https:\/\/www.murmuresmurales.com\/product\/femme-pissenlit-tote-bag\/"},"modified":"2026-02-07T23:16:52","modified_gmt":"2026-02-07T22:16:52","slug":"femme-pissenlit-tote-bag","status":"publish","type":"product","link":"https:\/\/www.murmuresmurales.com\/en\/product\/femme-pissenlit-tote-bag\/","title":{"rendered":"Femme Pissenlit Tote bag"},"content":{"rendered":"<p>Une illustration minimaliste en line art repr\u00e9sentant un visage f\u00e9minin d\u2019o\u00f9 s\u2019envolent des pissenlits, symboles de libert\u00e9, de souffle et de po\u00e9sie.<br \/>\nCe dessin floral contemporain associe la finesse du trait continu \u00e0 la force \u00e9vocatrice du v\u00e9g\u00e9tal, pour une \u0153uvre pleine de sensibilit\u00e9.<br \/>\nId\u00e9al comme illustration florale po\u00e9tique, d\u00e9coration murale moderne ou design textile, il invite \u00e0 la s\u00e9r\u00e9nit\u00e9 et \u00e0 l\u2019inspiration.<\/p>\n<p>\u2022 100 % polyester<br \/>\n\u2022 Taille du sac : 39 \u00d7 39 cm (15 \u2033 \u00d7 15 \u2033)<br \/>\n\u2022 Capacit\u00e9 : 10 l<br \/>\n\u2022 Poign\u00e9es doubles fabriqu\u00e9es \u00e0 partir de denim en coton 100 % naturel<br \/>\n\u2022 Longueur de la poign\u00e9e\u00a0: 67 cm (26 \u2033), largeur 2,5 cm (1 \u2033)<\/p>","protected":false},"excerpt":{"rendered":"<p>Une illustration minimaliste en line art repr\u00e9sentant un visage f\u00e9minin d\u2019o\u00f9 s\u2019envolent des pissenlits, symboles de libert\u00e9, de souffle et de po\u00e9sie. Ce dessin floral contemporain associe la finesse du trait continu \u00e0 la force \u00e9vocatrice du v\u00e9g\u00e9tal, pour une \u0153uvre pleine de sensibilit\u00e9. Id\u00e9al comme illustration florale po\u00e9tique, d\u00e9coration murale moderne ou design textile, [&hellip;]<\/p>","protected":false},"featured_media":5547,"comment_status":"open","ping_status":"closed","template":"","meta":{"advanced_seo_description":"","jetpack_seo_html_title":"","jetpack_seo_noindex":false,"_themeisle_gutenberg_block_has_review":false},"product_brand":[],"product_cat":[125],"product_tag":[175],"class_list":{"0":"post-5544","1":"product","2":"type-product","3":"status-publish","4":"has-post-thumbnail","6":"product_cat-femme-pissenlit","7":"product_tag-tote-bag","8":"pa_couleur-jaune","9":"pa_couleur-noir","11":"first","12":"instock","13":"shipping-taxable","14":"purchasable","15":"product-type-variable"},"jetpack_sharing_enabled":true,"_links":{"self":[{"href":"https:\/\/www.murmuresmurales.com\/en\/wp-json\/wp\/v2\/product\/5544","targetHints":{"allow":["GET"]}}],"collection":[{"href":"https:\/\/www.murmuresmurales.com\/en\/wp-json\/wp\/v2\/product"}],"about":[{"href":"https:\/\/www.murmuresmurales.com\/en\/wp-json\/wp\/v2\/types\/product"}],"replies":[{"embeddable":true,"href":"https:\/\/www.murmuresmurales.com\/en\/wp-json\/wp\/v2\/comments?post=5544"}],"wp:featuredmedia":[{"embeddable":true,"href":"https:\/\/www.murmuresmurales.com\/en\/wp-json\/wp\/v2\/media\/5547"}],"wp:attachment":[{"href":"https:\/\/www.murmuresmurales.com\/en\/wp-json\/wp\/v2\/media?parent=5544"}],"wp:term":[{"taxonomy":"product_brand","embeddable":true,"href":"https:\/\/www.murmuresmurales.com\/en\/wp-json\/wp\/v2\/product_brand?post=5544"},{"taxonomy":"product_cat","embeddable":true,"href":"https:\/\/www.murmuresmurales.com\/en\/wp-json\/wp\/v2\/product_cat?post=5544"},{"taxonomy":"product_tag","embeddable":true,"href":"https:\/\/www.murmuresmurales.com\/en\/wp-json\/wp\/v2\/product_tag?post=5544"}],"curies":[{"name":"wp","href":"https:\/\/api.w.org\/{rel}","templated":true}]}}