{"id":5531,"date":"2026-02-05T14:11:03","date_gmt":"2026-02-05T13:11:03","guid":{"rendered":"https:\/\/www.murmuresmurales.com\/product\/danseuse-lilas-tote-bag\/"},"modified":"2026-02-05T14:11:25","modified_gmt":"2026-02-05T13:11:25","slug":"danseuse-lilas-tote-bag","status":"publish","type":"product","link":"https:\/\/www.murmuresmurales.com\/en\/product\/danseuse-lilas-tote-bag\/","title":{"rendered":"Danseuse Lilas Tote bag"},"content":{"rendered":"<p>Une illustration minimaliste en line art repr\u00e9sentant une silhouette f\u00e9minine suspendue \u00e0 un ruban dor\u00e9 au-dessus d\u2019un bouquet de lilas violets.<br \/>\nLe lilas, symbole de renouveau et de douceur, apporte \u00e0 ce dessin floral une dimension po\u00e9tique, naturelle et \u00e9l\u00e9gante.<br \/>\nId\u00e9al comme illustration florale po\u00e9tique, d\u00e9coration murale moderne ou motif textile, ce design inspire d\u00e9licatesse et s\u00e9r\u00e9nit\u00e9.<\/p>\n<p> \u2022 100 % polyester <br \/>\n \u2022 Taille du sac : 39 \u00d7 39 cm (15 \u2033 \u00d7 15 \u2033) <br \/>\n \u2022 Capacit\u00e9 : 10 l<br \/>\n \u2022 Poign\u00e9es doubles fabriqu\u00e9es \u00e0 partir de denim en coton 100 % naturel <br \/>\n \u2022 Longueur de la poign\u00e9e\u00a0: 67 cm (26 \u2033), largeur 2,5 cm (1 \u2033) <\/p>","protected":false},"excerpt":{"rendered":"<p>Une illustration minimaliste en line art repr\u00e9sentant une silhouette f\u00e9minine suspendue \u00e0 un ruban dor\u00e9 au-dessus d\u2019un bouquet de lilas violets. Le lilas, symbole de renouveau et de douceur, apporte \u00e0 ce dessin floral une dimension po\u00e9tique, naturelle et \u00e9l\u00e9gante. Id\u00e9al comme illustration florale po\u00e9tique, d\u00e9coration murale moderne ou motif textile, ce design inspire d\u00e9licatesse [&hellip;]<\/p>","protected":false},"featured_media":5534,"comment_status":"open","ping_status":"closed","template":"","meta":{"advanced_seo_description":"","jetpack_seo_html_title":"","jetpack_seo_noindex":false,"_themeisle_gutenberg_block_has_review":false},"product_brand":[],"product_cat":[124],"product_tag":[],"class_list":{"0":"post-5531","1":"product","2":"type-product","3":"status-publish","4":"has-post-thumbnail","6":"product_cat-danseuse-lilas","7":"pa_couleur-jaune","8":"pa_couleur-noir","10":"first","11":"instock","12":"shipping-taxable","13":"purchasable","14":"product-type-variable"},"jetpack_sharing_enabled":true,"_links":{"self":[{"href":"https:\/\/www.murmuresmurales.com\/en\/wp-json\/wp\/v2\/product\/5531","targetHints":{"allow":["GET"]}}],"collection":[{"href":"https:\/\/www.murmuresmurales.com\/en\/wp-json\/wp\/v2\/product"}],"about":[{"href":"https:\/\/www.murmuresmurales.com\/en\/wp-json\/wp\/v2\/types\/product"}],"replies":[{"embeddable":true,"href":"https:\/\/www.murmuresmurales.com\/en\/wp-json\/wp\/v2\/comments?post=5531"}],"wp:featuredmedia":[{"embeddable":true,"href":"https:\/\/www.murmuresmurales.com\/en\/wp-json\/wp\/v2\/media\/5534"}],"wp:attachment":[{"href":"https:\/\/www.murmuresmurales.com\/en\/wp-json\/wp\/v2\/media?parent=5531"}],"wp:term":[{"taxonomy":"product_brand","embeddable":true,"href":"https:\/\/www.murmuresmurales.com\/en\/wp-json\/wp\/v2\/product_brand?post=5531"},{"taxonomy":"product_cat","embeddable":true,"href":"https:\/\/www.murmuresmurales.com\/en\/wp-json\/wp\/v2\/product_cat?post=5531"},{"taxonomy":"product_tag","embeddable":true,"href":"https:\/\/www.murmuresmurales.com\/en\/wp-json\/wp\/v2\/product_tag?post=5531"}],"curies":[{"name":"wp","href":"https:\/\/api.w.org\/{rel}","templated":true}]}}