{"id":5524,"date":"2026-02-05T14:08:21","date_gmt":"2026-02-05T13:08:21","guid":{"rendered":"https:\/\/www.murmuresmurales.com\/product\/femme-lilas-tote-bag\/"},"modified":"2026-02-05T14:08:44","modified_gmt":"2026-02-05T13:08:44","slug":"femme-lilas-tote-bag","status":"publish","type":"product","link":"https:\/\/www.murmuresmurales.com\/en\/product\/femme-lilas-tote-bag\/","title":{"rendered":"Femme Lilas Tote bag"},"content":{"rendered":"<p>La Femme Lilas se d\u00e9voile dans un mouvement doux et retenu, comme une floraison discr\u00e8te au c\u0153ur du printemps. De ses \u00e9paules naissent des lilas mauves, fleurs capricieuses et tendres qui portent le parfum des souvenirs et des renaissances. Un fil dor\u00e9 traverse son corps comme un souffle sacr\u00e9 : une \u00e9nergie l\u00e9g\u00e8re, vitale, qui relie chaque courbe \u00e0 une lumi\u00e8re int\u00e9rieure. Dans son retrait apais\u00e9, elle ne se cache pas : elle s\u2019\u00e9clot autrement, \u00e0 son rythme, l\u00e0 o\u00f9 la douceur trouve de la place pour exister.<\/p>\n<p>Cette \u0153uvre murmurera particuli\u00e8rement aux \u00e2mes sensibles qui aiment la po\u00e9sie du printemps, la d\u00e9licatesse des m\u00e9tamorphoses, et les espaces int\u00e9rieurs o\u00f9 l\u2019on refleurit en silence.<\/p>\n<p> \u2022 100 % polyester <br \/>\n \u2022 Taille du sac : 39 \u00d7 39 cm (15 \u2033 \u00d7 15 \u2033) <br \/>\n \u2022 Capacit\u00e9 : 10 l<br \/>\n \u2022 Poign\u00e9es doubles fabriqu\u00e9es \u00e0 partir de denim en coton 100 % naturel <br \/>\n \u2022 Longueur de la poign\u00e9e\u00a0: 67 cm (26 \u2033), largeur 2,5 cm (1 \u2033) <\/p>","protected":false},"excerpt":{"rendered":"<p>La Femme Lilas se d\u00e9voile dans un mouvement doux et retenu, comme une floraison discr\u00e8te au c\u0153ur du printemps. De ses \u00e9paules naissent des lilas mauves, fleurs capricieuses et tendres qui portent le parfum des souvenirs et des renaissances. Un fil dor\u00e9 traverse son corps comme un souffle sacr\u00e9 : une \u00e9nergie l\u00e9g\u00e8re, vitale, qui [&hellip;]<\/p>","protected":false},"featured_media":5527,"comment_status":"open","ping_status":"closed","template":"","meta":{"advanced_seo_description":"","jetpack_seo_html_title":"","jetpack_seo_noindex":false,"_themeisle_gutenberg_block_has_review":false},"product_brand":[],"product_cat":[123],"product_tag":[],"class_list":{"0":"post-5524","1":"product","2":"type-product","3":"status-publish","4":"has-post-thumbnail","6":"product_cat-femme-lilas","7":"pa_couleur-jaune","8":"pa_couleur-noir","10":"first","11":"instock","12":"shipping-taxable","13":"purchasable","14":"product-type-variable"},"jetpack_sharing_enabled":true,"_links":{"self":[{"href":"https:\/\/www.murmuresmurales.com\/en\/wp-json\/wp\/v2\/product\/5524","targetHints":{"allow":["GET"]}}],"collection":[{"href":"https:\/\/www.murmuresmurales.com\/en\/wp-json\/wp\/v2\/product"}],"about":[{"href":"https:\/\/www.murmuresmurales.com\/en\/wp-json\/wp\/v2\/types\/product"}],"replies":[{"embeddable":true,"href":"https:\/\/www.murmuresmurales.com\/en\/wp-json\/wp\/v2\/comments?post=5524"}],"wp:featuredmedia":[{"embeddable":true,"href":"https:\/\/www.murmuresmurales.com\/en\/wp-json\/wp\/v2\/media\/5527"}],"wp:attachment":[{"href":"https:\/\/www.murmuresmurales.com\/en\/wp-json\/wp\/v2\/media?parent=5524"}],"wp:term":[{"taxonomy":"product_brand","embeddable":true,"href":"https:\/\/www.murmuresmurales.com\/en\/wp-json\/wp\/v2\/product_brand?post=5524"},{"taxonomy":"product_cat","embeddable":true,"href":"https:\/\/www.murmuresmurales.com\/en\/wp-json\/wp\/v2\/product_cat?post=5524"},{"taxonomy":"product_tag","embeddable":true,"href":"https:\/\/www.murmuresmurales.com\/en\/wp-json\/wp\/v2\/product_tag?post=5524"}],"curies":[{"name":"wp","href":"https:\/\/api.w.org\/{rel}","templated":true}]}}