{"id":5520,"date":"2026-02-05T14:05:15","date_gmt":"2026-02-05T13:05:15","guid":{"rendered":"https:\/\/www.murmuresmurales.com\/product\/danseuse-violette-tote-bag\/"},"modified":"2026-02-07T23:21:20","modified_gmt":"2026-02-07T22:21:20","slug":"danseuse-violette-tote-bag","status":"publish","type":"product","link":"https:\/\/www.murmuresmurales.com\/en\/product\/danseuse-violette-tote-bag\/","title":{"rendered":"Danseuse Violette Tote bag"},"content":{"rendered":"<p>Une illustration minimaliste en line art repr\u00e9sentant une silhouette de danseuse f\u00e9minine orn\u00e9e d\u2019une grande fleur stylis\u00e9e violette et de courbes dor\u00e9es.<br \/>\nCe dessin floral abstrait et po\u00e9tique associe modernit\u00e9 et d\u00e9licatesse, offrant une composition raffin\u00e9e et contemporaine.<br \/>\nId\u00e9al comme illustration florale abstraite, d\u00e9coration murale moderne ou motif textile, il apporte une touche artistique et inspirante.<\/p>\n<p>\u2022 100 % polyester<br \/>\n\u2022 Taille du sac : 39 \u00d7 39 cm (15 \u2033 \u00d7 15 \u2033)<br \/>\n\u2022 Capacit\u00e9 : 10 l<br \/>\n\u2022 Poign\u00e9es doubles fabriqu\u00e9es \u00e0 partir de denim en coton 100 % naturel<br \/>\n\u2022 Longueur de la poign\u00e9e\u00a0: 67 cm (26 \u2033), largeur 2,5 cm (1 \u2033)<\/p>","protected":false},"excerpt":{"rendered":"<p>Une illustration minimaliste en line art repr\u00e9sentant une silhouette de danseuse f\u00e9minine orn\u00e9e d\u2019une grande fleur stylis\u00e9e violette et de courbes dor\u00e9es. Ce dessin floral abstrait et po\u00e9tique associe modernit\u00e9 et d\u00e9licatesse, offrant une composition raffin\u00e9e et contemporaine. Id\u00e9al comme illustration florale abstraite, d\u00e9coration murale moderne ou motif textile, il apporte une touche artistique et [&hellip;]<\/p>","protected":false},"featured_media":5606,"comment_status":"open","ping_status":"closed","template":"","meta":{"advanced_seo_description":"","jetpack_seo_html_title":"","jetpack_seo_noindex":false,"_themeisle_gutenberg_block_has_review":false},"product_brand":[],"product_cat":[122],"product_tag":[175],"class_list":{"0":"post-5520","1":"product","2":"type-product","3":"status-publish","4":"has-post-thumbnail","6":"product_cat-danseuse-violette","7":"product_tag-tote-bag","8":"pa_couleur-jaune","9":"pa_couleur-noir","11":"first","12":"instock","13":"shipping-taxable","14":"purchasable","15":"product-type-variable"},"jetpack_sharing_enabled":true,"_links":{"self":[{"href":"https:\/\/www.murmuresmurales.com\/en\/wp-json\/wp\/v2\/product\/5520","targetHints":{"allow":["GET"]}}],"collection":[{"href":"https:\/\/www.murmuresmurales.com\/en\/wp-json\/wp\/v2\/product"}],"about":[{"href":"https:\/\/www.murmuresmurales.com\/en\/wp-json\/wp\/v2\/types\/product"}],"replies":[{"embeddable":true,"href":"https:\/\/www.murmuresmurales.com\/en\/wp-json\/wp\/v2\/comments?post=5520"}],"wp:featuredmedia":[{"embeddable":true,"href":"https:\/\/www.murmuresmurales.com\/en\/wp-json\/wp\/v2\/media\/5606"}],"wp:attachment":[{"href":"https:\/\/www.murmuresmurales.com\/en\/wp-json\/wp\/v2\/media?parent=5520"}],"wp:term":[{"taxonomy":"product_brand","embeddable":true,"href":"https:\/\/www.murmuresmurales.com\/en\/wp-json\/wp\/v2\/product_brand?post=5520"},{"taxonomy":"product_cat","embeddable":true,"href":"https:\/\/www.murmuresmurales.com\/en\/wp-json\/wp\/v2\/product_cat?post=5520"},{"taxonomy":"product_tag","embeddable":true,"href":"https:\/\/www.murmuresmurales.com\/en\/wp-json\/wp\/v2\/product_tag?post=5520"}],"curies":[{"name":"wp","href":"https:\/\/api.w.org\/{rel}","templated":true}]}}