{"id":5510,"date":"2026-02-05T13:57:05","date_gmt":"2026-02-05T12:57:05","guid":{"rendered":"https:\/\/www.murmuresmurales.com\/product\/femme-tournesol-tote-bag\/"},"modified":"2026-02-05T13:57:20","modified_gmt":"2026-02-05T12:57:20","slug":"femme-tournesol-tote-bag","status":"publish","type":"product","link":"https:\/\/www.murmuresmurales.com\/en\/product\/femme-tournesol-tote-bag\/","title":{"rendered":"Femme Tournesol Tote bag"},"content":{"rendered":"<p>Une illustration minimaliste en line art repr\u00e9sentant une silhouette f\u00e9minine accompagn\u00e9e de deux tournesols lumineux, symbole de vitalit\u00e9 et de positivit\u00e9.<br \/>\nCe dessin floral moderne et po\u00e9tique marie la puissance du trait continu \u00e0 l\u2019\u00e9nergie solaire des tournesols.<br \/>\nId\u00e9al comme illustration florale solaire, d\u00e9coration murale ou motif textile, il illumine vos espaces de fra\u00eecheur et d\u2019optimisme.<\/p>\n<p> \u2022 100 % polyester <br \/>\n \u2022 Taille du sac : 39 \u00d7 39 cm (15 \u2033 \u00d7 15 \u2033) <br \/>\n \u2022 Capacit\u00e9 : 10 l<br \/>\n \u2022 Poign\u00e9es doubles fabriqu\u00e9es \u00e0 partir de denim en coton 100 % naturel <br \/>\n \u2022 Longueur de la poign\u00e9e\u00a0: 67 cm (26 \u2033), largeur 2,5 cm (1 \u2033) <\/p>","protected":false},"excerpt":{"rendered":"<p>Une illustration minimaliste en line art repr\u00e9sentant une silhouette f\u00e9minine accompagn\u00e9e de deux tournesols lumineux, symbole de vitalit\u00e9 et de positivit\u00e9. Ce dessin floral moderne et po\u00e9tique marie la puissance du trait continu \u00e0 l\u2019\u00e9nergie solaire des tournesols. Id\u00e9al comme illustration florale solaire, d\u00e9coration murale ou motif textile, il illumine vos espaces de fra\u00eecheur et [&hellip;]<\/p>","protected":false},"featured_media":5511,"comment_status":"open","ping_status":"closed","template":"","meta":{"advanced_seo_description":"","jetpack_seo_html_title":"","jetpack_seo_noindex":false,"_themeisle_gutenberg_block_has_review":false},"product_brand":[],"product_cat":[120],"product_tag":[],"class_list":{"0":"post-5510","1":"product","2":"type-product","3":"status-publish","4":"has-post-thumbnail","6":"product_cat-femme-tournesol","8":"first","9":"instock","10":"shipping-taxable","11":"purchasable","12":"product-type-simple"},"jetpack_sharing_enabled":true,"_links":{"self":[{"href":"https:\/\/www.murmuresmurales.com\/en\/wp-json\/wp\/v2\/product\/5510","targetHints":{"allow":["GET"]}}],"collection":[{"href":"https:\/\/www.murmuresmurales.com\/en\/wp-json\/wp\/v2\/product"}],"about":[{"href":"https:\/\/www.murmuresmurales.com\/en\/wp-json\/wp\/v2\/types\/product"}],"replies":[{"embeddable":true,"href":"https:\/\/www.murmuresmurales.com\/en\/wp-json\/wp\/v2\/comments?post=5510"}],"wp:featuredmedia":[{"embeddable":true,"href":"https:\/\/www.murmuresmurales.com\/en\/wp-json\/wp\/v2\/media\/5511"}],"wp:attachment":[{"href":"https:\/\/www.murmuresmurales.com\/en\/wp-json\/wp\/v2\/media?parent=5510"}],"wp:term":[{"taxonomy":"product_brand","embeddable":true,"href":"https:\/\/www.murmuresmurales.com\/en\/wp-json\/wp\/v2\/product_brand?post=5510"},{"taxonomy":"product_cat","embeddable":true,"href":"https:\/\/www.murmuresmurales.com\/en\/wp-json\/wp\/v2\/product_cat?post=5510"},{"taxonomy":"product_tag","embeddable":true,"href":"https:\/\/www.murmuresmurales.com\/en\/wp-json\/wp\/v2\/product_tag?post=5510"}],"curies":[{"name":"wp","href":"https:\/\/api.w.org\/{rel}","templated":true}]}}