{"id":5486,"date":"2026-02-05T00:53:21","date_gmt":"2026-02-04T23:53:21","guid":{"rendered":"https:\/\/www.murmuresmurales.com\/product\/mains-orchidees-tote-bag\/"},"modified":"2026-02-05T00:53:34","modified_gmt":"2026-02-04T23:53:34","slug":"mains-orchidees-tote-bag","status":"publish","type":"product","link":"https:\/\/www.murmuresmurales.com\/en\/product\/mains-orchidees-tote-bag\/","title":{"rendered":"Mains Orchid\u00e9es Tote bag"},"content":{"rendered":"<p>Une illustration minimaliste en line art repr\u00e9sentant une orchid\u00e9e \u00e9l\u00e9gante, symbole de douceur et de d\u00e9licatesse.<br \/>\nCe dessin botanique po\u00e9tique associe nature et f\u00e9minit\u00e9, et s\u2019int\u00e8gre parfaitement dans une ambiance boh\u00e8me, moderne et zen.<br \/>\nId\u00e9al comme illustration florale zen, d\u00e9coration murale, design textile ou inspiration tatouage, il marie finesse et s\u00e9r\u00e9nit\u00e9.<\/p>\n<p> \u2022 100 % polyester <br \/>\n \u2022 Taille du sac : 39 \u00d7 39 cm (15 \u2033 \u00d7 15 \u2033) <br \/>\n \u2022 Capacit\u00e9 : 10 l<br \/>\n \u2022 Poign\u00e9es doubles fabriqu\u00e9es \u00e0 partir de denim en coton 100 % naturel <br \/>\n \u2022 Longueur de la poign\u00e9e\u00a0: 67 cm (26 \u2033), largeur 2,5 cm (1 \u2033) <\/p>","protected":false},"excerpt":{"rendered":"<p>Une illustration minimaliste en line art repr\u00e9sentant une orchid\u00e9e \u00e9l\u00e9gante, symbole de douceur et de d\u00e9licatesse. Ce dessin botanique po\u00e9tique associe nature et f\u00e9minit\u00e9, et s\u2019int\u00e8gre parfaitement dans une ambiance boh\u00e8me, moderne et zen. Id\u00e9al comme illustration florale zen, d\u00e9coration murale, design textile ou inspiration tatouage, il marie finesse et s\u00e9r\u00e9nit\u00e9. \u2022 100 % polyester [&hellip;]<\/p>","protected":false},"featured_media":5487,"comment_status":"open","ping_status":"closed","template":"","meta":{"advanced_seo_description":"","jetpack_seo_html_title":"","jetpack_seo_noindex":false,"_themeisle_gutenberg_block_has_review":false},"product_brand":[],"product_cat":[127],"product_tag":[],"class_list":{"0":"post-5486","1":"product","2":"type-product","3":"status-publish","4":"has-post-thumbnail","6":"product_cat-mains-orchidees","8":"first","9":"instock","10":"shipping-taxable","11":"purchasable","12":"product-type-simple"},"jetpack_sharing_enabled":true,"_links":{"self":[{"href":"https:\/\/www.murmuresmurales.com\/en\/wp-json\/wp\/v2\/product\/5486","targetHints":{"allow":["GET"]}}],"collection":[{"href":"https:\/\/www.murmuresmurales.com\/en\/wp-json\/wp\/v2\/product"}],"about":[{"href":"https:\/\/www.murmuresmurales.com\/en\/wp-json\/wp\/v2\/types\/product"}],"replies":[{"embeddable":true,"href":"https:\/\/www.murmuresmurales.com\/en\/wp-json\/wp\/v2\/comments?post=5486"}],"wp:featuredmedia":[{"embeddable":true,"href":"https:\/\/www.murmuresmurales.com\/en\/wp-json\/wp\/v2\/media\/5487"}],"wp:attachment":[{"href":"https:\/\/www.murmuresmurales.com\/en\/wp-json\/wp\/v2\/media?parent=5486"}],"wp:term":[{"taxonomy":"product_brand","embeddable":true,"href":"https:\/\/www.murmuresmurales.com\/en\/wp-json\/wp\/v2\/product_brand?post=5486"},{"taxonomy":"product_cat","embeddable":true,"href":"https:\/\/www.murmuresmurales.com\/en\/wp-json\/wp\/v2\/product_cat?post=5486"},{"taxonomy":"product_tag","embeddable":true,"href":"https:\/\/www.murmuresmurales.com\/en\/wp-json\/wp\/v2\/product_tag?post=5486"}],"curies":[{"name":"wp","href":"https:\/\/api.w.org\/{rel}","templated":true}]}}