{"id":5482,"date":"2026-02-05T00:48:34","date_gmt":"2026-02-04T23:48:34","guid":{"rendered":"https:\/\/www.murmuresmurales.com\/product\/femme-fougere-tote-bag\/"},"modified":"2026-02-05T13:54:09","modified_gmt":"2026-02-05T12:54:09","slug":"femme-fougere-tote-bag","status":"publish","type":"product","link":"https:\/\/www.murmuresmurales.com\/en\/product\/femme-fougere-tote-bag\/","title":{"rendered":"Femme Foug\u00e8re Tote bag"},"content":{"rendered":"<p>Une illustration minimaliste en line art repr\u00e9sentant un visage f\u00e9minin orn\u00e9 de foug\u00e8res et de feuillages forestiers, symbole de nature et d\u2019ancrage.<br \/>\nCe dessin botanique po\u00e9tique et contemporain marie la force v\u00e9g\u00e9tale \u00e0 la d\u00e9licatesse du trait continu, cr\u00e9ant une \u0153uvre \u00e9quilibr\u00e9e et apaisante. Id\u00e9al comme illustration botanique foresti\u00e8re, d\u00e9coration murale moderne ou design textile, il invite au calme et \u00e0 la s\u00e9r\u00e9nit\u00e9.<\/p>\n<p>\u2022 100 % polyester<br \/>\n\u2022 Taille du sac : 39 \u00d7 39 cm (15 \u2033 \u00d7 15 \u2033)<br \/>\n\u2022 Capacit\u00e9 : 10 l<br \/>\n\u2022 Poign\u00e9es doubles fabriqu\u00e9es \u00e0 partir de denim en coton 100 % naturel<br \/>\n\u2022 Longueur de la poign\u00e9e\u00a0: 67 cm (26 \u2033), largeur 2,5 cm (1 \u2033)<\/p>","protected":false},"excerpt":{"rendered":"<p>Une illustration minimaliste en line art repr\u00e9sentant un visage f\u00e9minin orn\u00e9 de foug\u00e8res et de feuillages forestiers, symbole de nature et d\u2019ancrage. Ce dessin botanique po\u00e9tique et contemporain marie la force v\u00e9g\u00e9tale \u00e0 la d\u00e9licatesse du trait continu, cr\u00e9ant une \u0153uvre \u00e9quilibr\u00e9e et apaisante. Id\u00e9al comme illustration botanique foresti\u00e8re, d\u00e9coration murale moderne ou design textile, [&hellip;]<\/p>","protected":false},"featured_media":5507,"comment_status":"open","ping_status":"closed","template":"","meta":{"advanced_seo_description":"","jetpack_seo_html_title":"","jetpack_seo_noindex":false,"_themeisle_gutenberg_block_has_review":false},"product_brand":[],"product_cat":[119],"product_tag":[],"class_list":{"0":"post-5482","1":"product","2":"type-product","3":"status-publish","4":"has-post-thumbnail","6":"product_cat-femme-fougere","7":"pa_couleur-jaune","8":"pa_couleur-noir","10":"first","11":"instock","12":"shipping-taxable","13":"purchasable","14":"product-type-variable"},"jetpack_sharing_enabled":true,"_links":{"self":[{"href":"https:\/\/www.murmuresmurales.com\/en\/wp-json\/wp\/v2\/product\/5482","targetHints":{"allow":["GET"]}}],"collection":[{"href":"https:\/\/www.murmuresmurales.com\/en\/wp-json\/wp\/v2\/product"}],"about":[{"href":"https:\/\/www.murmuresmurales.com\/en\/wp-json\/wp\/v2\/types\/product"}],"replies":[{"embeddable":true,"href":"https:\/\/www.murmuresmurales.com\/en\/wp-json\/wp\/v2\/comments?post=5482"}],"wp:featuredmedia":[{"embeddable":true,"href":"https:\/\/www.murmuresmurales.com\/en\/wp-json\/wp\/v2\/media\/5507"}],"wp:attachment":[{"href":"https:\/\/www.murmuresmurales.com\/en\/wp-json\/wp\/v2\/media?parent=5482"}],"wp:term":[{"taxonomy":"product_brand","embeddable":true,"href":"https:\/\/www.murmuresmurales.com\/en\/wp-json\/wp\/v2\/product_brand?post=5482"},{"taxonomy":"product_cat","embeddable":true,"href":"https:\/\/www.murmuresmurales.com\/en\/wp-json\/wp\/v2\/product_cat?post=5482"},{"taxonomy":"product_tag","embeddable":true,"href":"https:\/\/www.murmuresmurales.com\/en\/wp-json\/wp\/v2\/product_tag?post=5482"}],"curies":[{"name":"wp","href":"https:\/\/api.w.org\/{rel}","templated":true}]}}