{"id":5474,"date":"2026-02-05T00:44:45","date_gmt":"2026-02-04T23:44:45","guid":{"rendered":"https:\/\/www.murmuresmurales.com\/product\/femme-palmier-tote-bag\/"},"modified":"2026-02-05T00:45:08","modified_gmt":"2026-02-04T23:45:08","slug":"femme-palmier-tote-bag","status":"publish","type":"product","link":"https:\/\/www.murmuresmurales.com\/en\/product\/femme-palmier-tote-bag\/","title":{"rendered":"Femme Palmier Tote bag"},"content":{"rendered":"<p>Une illustration minimaliste en line art repr\u00e9sentant une silhouette f\u00e9minine fusionn\u00e9e avec de larges feuilles de palmier tropical.<br \/>\nCe dessin botanique contemporain \u00e9voque la force, la libert\u00e9 et la s\u00e9r\u00e9nit\u00e9, parfait pour apporter une ambiance exotique et po\u00e9tique \u00e0 vos espaces.<\/p>\n<p> \u2022 100 % polyester <br \/>\n \u2022 Taille du sac : 39 \u00d7 39 cm (15 \u2033 \u00d7 15 \u2033) <br \/>\n \u2022 Capacit\u00e9 : 10 l<br \/>\n \u2022 Poign\u00e9es doubles fabriqu\u00e9es \u00e0 partir de denim en coton 100 % naturel <br \/>\n \u2022 Longueur de la poign\u00e9e\u00a0: 67 cm (26 \u2033), largeur 2,5 cm (1 \u2033) <\/p>","protected":false},"excerpt":{"rendered":"<p>Une illustration minimaliste en line art repr\u00e9sentant une silhouette f\u00e9minine fusionn\u00e9e avec de larges feuilles de palmier tropical. Ce dessin botanique contemporain \u00e9voque la force, la libert\u00e9 et la s\u00e9r\u00e9nit\u00e9, parfait pour apporter une ambiance exotique et po\u00e9tique \u00e0 vos espaces. \u2022 100 % polyester \u2022 Taille du sac : 39 \u00d7 39 cm (15 [&hellip;]<\/p>","protected":false},"featured_media":5477,"comment_status":"open","ping_status":"closed","template":"","meta":{"advanced_seo_description":"","jetpack_seo_html_title":"","jetpack_seo_noindex":false,"_themeisle_gutenberg_block_has_review":false},"product_brand":[],"product_cat":[95],"product_tag":[],"class_list":{"0":"post-5474","1":"product","2":"type-product","3":"status-publish","4":"has-post-thumbnail","6":"product_cat-femme-palmier","7":"pa_couleur-jaune","8":"pa_couleur-noir","10":"first","11":"instock","12":"shipping-taxable","13":"purchasable","14":"product-type-variable"},"jetpack_sharing_enabled":true,"_links":{"self":[{"href":"https:\/\/www.murmuresmurales.com\/en\/wp-json\/wp\/v2\/product\/5474","targetHints":{"allow":["GET"]}}],"collection":[{"href":"https:\/\/www.murmuresmurales.com\/en\/wp-json\/wp\/v2\/product"}],"about":[{"href":"https:\/\/www.murmuresmurales.com\/en\/wp-json\/wp\/v2\/types\/product"}],"replies":[{"embeddable":true,"href":"https:\/\/www.murmuresmurales.com\/en\/wp-json\/wp\/v2\/comments?post=5474"}],"wp:featuredmedia":[{"embeddable":true,"href":"https:\/\/www.murmuresmurales.com\/en\/wp-json\/wp\/v2\/media\/5477"}],"wp:attachment":[{"href":"https:\/\/www.murmuresmurales.com\/en\/wp-json\/wp\/v2\/media?parent=5474"}],"wp:term":[{"taxonomy":"product_brand","embeddable":true,"href":"https:\/\/www.murmuresmurales.com\/en\/wp-json\/wp\/v2\/product_brand?post=5474"},{"taxonomy":"product_cat","embeddable":true,"href":"https:\/\/www.murmuresmurales.com\/en\/wp-json\/wp\/v2\/product_cat?post=5474"},{"taxonomy":"product_tag","embeddable":true,"href":"https:\/\/www.murmuresmurales.com\/en\/wp-json\/wp\/v2\/product_tag?post=5474"}],"curies":[{"name":"wp","href":"https:\/\/api.w.org\/{rel}","templated":true}]}}