{"id":5453,"date":"2026-02-05T00:26:00","date_gmt":"2026-02-04T23:26:00","guid":{"rendered":"https:\/\/www.murmuresmurales.com\/product\/femme-fleur-bleue-tote-bag\/"},"modified":"2026-02-05T00:26:21","modified_gmt":"2026-02-04T23:26:21","slug":"femme-fleur-bleue-tote-bag","status":"publish","type":"product","link":"https:\/\/www.murmuresmurales.com\/en\/product\/femme-fleur-bleue-tote-bag\/","title":{"rendered":"Femme Fleur Bleue Tote bag"},"content":{"rendered":"<p>La Femme Fleur Bleue porte le magnolia comme une couronne de souvenirs : lourde mais majestueuse. Les p\u00e9tales qui s\u2019\u00e9chappent sont les pens\u00e9es qui s\u2019all\u00e8gent, les \u00e9motions qui trouvent leur chemin vers l\u2019air libre. Les yeux clos, elle avance dans une m\u00e9lancolie douce, digne et sensible \u2014 une force fragile qui transforme le poids en lumi\u00e8re int\u00e9rieure.<\/p>\n<p>Cette \u0153uvre murmurera particuli\u00e8rement aux \u00e2mes sensibles, introspectives, et \u00e0 celles qui transforment leurs \u00e9motions en beaut\u00e9 silencieuse.<\/p>\n<p>\u27a4 D\u00e9couvrez la <a>symbolique compl\u00e8te de la Femme Fleur Bleue<\/a>.<\/p>\n<p> \u2022 100 % polyester <br \/>\n \u2022 Taille du sac : 39 \u00d7 39 cm (15 \u2033 \u00d7 15 \u2033) <br \/>\n \u2022 Capacit\u00e9 : 10 l<br \/>\n \u2022 Poign\u00e9es doubles fabriqu\u00e9es \u00e0 partir de denim en coton 100 % naturel <br \/>\n \u2022 Longueur de la poign\u00e9e\u00a0: 67 cm (26 \u2033), largeur 2,5 cm (1 \u2033) <\/p>","protected":false},"excerpt":{"rendered":"<p>La Femme Fleur Bleue porte le magnolia comme une couronne de souvenirs : lourde mais majestueuse. Les p\u00e9tales qui s\u2019\u00e9chappent sont les pens\u00e9es qui s\u2019all\u00e8gent, les \u00e9motions qui trouvent leur chemin vers l\u2019air libre. Les yeux clos, elle avance dans une m\u00e9lancolie douce, digne et sensible \u2014 une force fragile qui transforme le poids en [&hellip;]<\/p>","protected":false},"featured_media":5456,"comment_status":"open","ping_status":"closed","template":"","meta":{"advanced_seo_description":"","jetpack_seo_html_title":"","jetpack_seo_noindex":false,"_themeisle_gutenberg_block_has_review":false},"product_brand":[],"product_cat":[106],"product_tag":[],"class_list":{"0":"post-5453","1":"product","2":"type-product","3":"status-publish","4":"has-post-thumbnail","6":"product_cat-femme-fleur-bleue","7":"pa_couleur-jaune","8":"pa_couleur-noir","10":"first","11":"instock","12":"shipping-taxable","13":"purchasable","14":"product-type-variable"},"jetpack_sharing_enabled":true,"_links":{"self":[{"href":"https:\/\/www.murmuresmurales.com\/en\/wp-json\/wp\/v2\/product\/5453","targetHints":{"allow":["GET"]}}],"collection":[{"href":"https:\/\/www.murmuresmurales.com\/en\/wp-json\/wp\/v2\/product"}],"about":[{"href":"https:\/\/www.murmuresmurales.com\/en\/wp-json\/wp\/v2\/types\/product"}],"replies":[{"embeddable":true,"href":"https:\/\/www.murmuresmurales.com\/en\/wp-json\/wp\/v2\/comments?post=5453"}],"wp:featuredmedia":[{"embeddable":true,"href":"https:\/\/www.murmuresmurales.com\/en\/wp-json\/wp\/v2\/media\/5456"}],"wp:attachment":[{"href":"https:\/\/www.murmuresmurales.com\/en\/wp-json\/wp\/v2\/media?parent=5453"}],"wp:term":[{"taxonomy":"product_brand","embeddable":true,"href":"https:\/\/www.murmuresmurales.com\/en\/wp-json\/wp\/v2\/product_brand?post=5453"},{"taxonomy":"product_cat","embeddable":true,"href":"https:\/\/www.murmuresmurales.com\/en\/wp-json\/wp\/v2\/product_cat?post=5453"},{"taxonomy":"product_tag","embeddable":true,"href":"https:\/\/www.murmuresmurales.com\/en\/wp-json\/wp\/v2\/product_tag?post=5453"}],"curies":[{"name":"wp","href":"https:\/\/api.w.org\/{rel}","templated":true}]}}