{"id":5436,"date":"2026-02-05T00:06:52","date_gmt":"2026-02-04T23:06:52","guid":{"rendered":"https:\/\/www.murmuresmurales.com\/product\/coeur-vegetal-tote-bag\/"},"modified":"2026-02-05T00:07:55","modified_gmt":"2026-02-04T23:07:55","slug":"coeur-vegetal-tote-bag","status":"publish","type":"product","link":"https:\/\/www.murmuresmurales.com\/en\/product\/coeur-vegetal-tote-bag\/","title":{"rendered":"Coeur V\u00e9g\u00e9tal Tote bag"},"content":{"rendered":"<p>Le C\u0153ur V\u00e9g\u00e9tal est une illustration po\u00e9tique m\u00ealant formes organiques et florales, repr\u00e9sentant un une femme-fleur dont le coeur fleurit de l\u2019int\u00e9rieur.<br \/>\nSymbole de r\u00e9silience, d\u2019amour de soi et de renaissance, cette \u0153uvre \u00e9voque la capacit\u00e9 \u00e0 se r\u00e9parer, \u00e0 grandir et \u00e0 s\u2019ouvrir \u00e0 nouveau apr\u00e8s les \u00e9preuves.<br \/>\nUn design doux et expressif, id\u00e9al pour apporter une touche sensible, naturelle et inspirante au quotidien.<\/p>\n<p> \u2022 100 % polyester <br \/>\n \u2022 Taille du sac : 39 \u00d7 39 cm (15 \u2033 \u00d7 15 \u2033) <br \/>\n \u2022 Capacit\u00e9 : 10 l<br \/>\n \u2022 Poign\u00e9es doubles fabriqu\u00e9es \u00e0 partir de denim en coton 100 % naturel <br \/>\n \u2022 Longueur de la poign\u00e9e\u00a0: 67 cm (26 \u2033), largeur 2,5 cm (1 \u2033) <\/p>","protected":false},"excerpt":{"rendered":"<p>Le C\u0153ur V\u00e9g\u00e9tal est une illustration po\u00e9tique m\u00ealant formes organiques et florales, repr\u00e9sentant un une femme-fleur dont le coeur fleurit de l\u2019int\u00e9rieur. Symbole de r\u00e9silience, d\u2019amour de soi et de renaissance, cette \u0153uvre \u00e9voque la capacit\u00e9 \u00e0 se r\u00e9parer, \u00e0 grandir et \u00e0 s\u2019ouvrir \u00e0 nouveau apr\u00e8s les \u00e9preuves. Un design doux et expressif, id\u00e9al [&hellip;]<\/p>","protected":false},"featured_media":5440,"comment_status":"open","ping_status":"closed","template":"","meta":{"advanced_seo_description":"","jetpack_seo_html_title":"","jetpack_seo_noindex":false,"_themeisle_gutenberg_block_has_review":false},"product_brand":[],"product_cat":[216],"product_tag":[175],"class_list":{"0":"post-5436","1":"product","2":"type-product","3":"status-publish","4":"has-post-thumbnail","6":"product_cat-coeur-vegetal","7":"product_tag-tote-bag","8":"pa_couleur-jaune","9":"pa_couleur-noir","10":"pa_couleur-rouge","12":"first","13":"instock","14":"shipping-taxable","15":"purchasable","16":"product-type-variable"},"jetpack_sharing_enabled":true,"_links":{"self":[{"href":"https:\/\/www.murmuresmurales.com\/en\/wp-json\/wp\/v2\/product\/5436","targetHints":{"allow":["GET"]}}],"collection":[{"href":"https:\/\/www.murmuresmurales.com\/en\/wp-json\/wp\/v2\/product"}],"about":[{"href":"https:\/\/www.murmuresmurales.com\/en\/wp-json\/wp\/v2\/types\/product"}],"replies":[{"embeddable":true,"href":"https:\/\/www.murmuresmurales.com\/en\/wp-json\/wp\/v2\/comments?post=5436"}],"wp:featuredmedia":[{"embeddable":true,"href":"https:\/\/www.murmuresmurales.com\/en\/wp-json\/wp\/v2\/media\/5440"}],"wp:attachment":[{"href":"https:\/\/www.murmuresmurales.com\/en\/wp-json\/wp\/v2\/media?parent=5436"}],"wp:term":[{"taxonomy":"product_brand","embeddable":true,"href":"https:\/\/www.murmuresmurales.com\/en\/wp-json\/wp\/v2\/product_brand?post=5436"},{"taxonomy":"product_cat","embeddable":true,"href":"https:\/\/www.murmuresmurales.com\/en\/wp-json\/wp\/v2\/product_cat?post=5436"},{"taxonomy":"product_tag","embeddable":true,"href":"https:\/\/www.murmuresmurales.com\/en\/wp-json\/wp\/v2\/product_tag?post=5436"}],"curies":[{"name":"wp","href":"https:\/\/api.w.org\/{rel}","templated":true}]}}