{"id":5427,"date":"2026-02-05T00:03:07","date_gmt":"2026-02-04T23:03:07","guid":{"rendered":"https:\/\/www.murmuresmurales.com\/product\/coeur-vegetal-affiche\/"},"modified":"2026-02-05T00:08:13","modified_gmt":"2026-02-04T23:08:13","slug":"coeur-vegetal-affiche","status":"publish","type":"product","link":"https:\/\/www.murmuresmurales.com\/en\/product\/coeur-vegetal-affiche\/","title":{"rendered":"Coeur V\u00e9g\u00e9tal Affiche"},"content":{"rendered":"<p>Le C\u0153ur V\u00e9g\u00e9tal est une illustration po\u00e9tique m\u00ealant formes organiques et florales, repr\u00e9sentant un une femme-fleur dont le coeur fleurit de l\u2019int\u00e9rieur.<br \/>\nSymbole de r\u00e9silience, d\u2019amour de soi et de renaissance, cette \u0153uvre \u00e9voque la capacit\u00e9 \u00e0 se r\u00e9parer, \u00e0 grandir et \u00e0 s\u2019ouvrir \u00e0 nouveau apr\u00e8s les \u00e9preuves.<br \/>\nUn design doux et expressif, id\u00e9al pour apporter une touche sensible, naturelle et inspirante au quotidien.<\/p>\n<p>\u2022 Poids du papier\u00a0: 189\u00a0g\/m\u00b2<br \/>\n\u2022 Les affiches 21 \u00d7 30 cm sont de format A4<br \/>\n- Paper from Japan<\/p>","protected":false},"excerpt":{"rendered":"<p>Le C\u0153ur V\u00e9g\u00e9tal est une illustration po\u00e9tique m\u00ealant formes organiques et florales, repr\u00e9sentant un une femme-fleur dont le coeur fleurit de l\u2019int\u00e9rieur. Symbole de r\u00e9silience, d\u2019amour de soi et de renaissance, cette \u0153uvre \u00e9voque la capacit\u00e9 \u00e0 se r\u00e9parer, \u00e0 grandir et \u00e0 s\u2019ouvrir \u00e0 nouveau apr\u00e8s les \u00e9preuves. Un design doux et expressif, id\u00e9al [&hellip;]<\/p>","protected":false},"featured_media":5432,"comment_status":"open","ping_status":"closed","template":"","meta":{"advanced_seo_description":"","jetpack_seo_html_title":"","jetpack_seo_noindex":false,"_themeisle_gutenberg_block_has_review":false},"product_brand":[],"product_cat":[216],"product_tag":[171],"class_list":{"0":"post-5427","1":"product","2":"type-product","3":"status-publish","4":"has-post-thumbnail","6":"product_cat-coeur-vegetal","7":"product_tag-poster","8":"pa_taille-21-x-30-cm","9":"pa_taille-30-x-40-cm","10":"pa_taille-50-x-70-cm","11":"pa_taille-70-x-100-cm","13":"first","14":"instock","15":"shipping-taxable","16":"purchasable","17":"product-type-variable"},"jetpack_sharing_enabled":true,"_links":{"self":[{"href":"https:\/\/www.murmuresmurales.com\/en\/wp-json\/wp\/v2\/product\/5427","targetHints":{"allow":["GET"]}}],"collection":[{"href":"https:\/\/www.murmuresmurales.com\/en\/wp-json\/wp\/v2\/product"}],"about":[{"href":"https:\/\/www.murmuresmurales.com\/en\/wp-json\/wp\/v2\/types\/product"}],"replies":[{"embeddable":true,"href":"https:\/\/www.murmuresmurales.com\/en\/wp-json\/wp\/v2\/comments?post=5427"}],"wp:featuredmedia":[{"embeddable":true,"href":"https:\/\/www.murmuresmurales.com\/en\/wp-json\/wp\/v2\/media\/5432"}],"wp:attachment":[{"href":"https:\/\/www.murmuresmurales.com\/en\/wp-json\/wp\/v2\/media?parent=5427"}],"wp:term":[{"taxonomy":"product_brand","embeddable":true,"href":"https:\/\/www.murmuresmurales.com\/en\/wp-json\/wp\/v2\/product_brand?post=5427"},{"taxonomy":"product_cat","embeddable":true,"href":"https:\/\/www.murmuresmurales.com\/en\/wp-json\/wp\/v2\/product_cat?post=5427"},{"taxonomy":"product_tag","embeddable":true,"href":"https:\/\/www.murmuresmurales.com\/en\/wp-json\/wp\/v2\/product_tag?post=5427"}],"curies":[{"name":"wp","href":"https:\/\/api.w.org\/{rel}","templated":true}]}}