{"id":5418,"date":"2026-02-05T00:00:08","date_gmt":"2026-02-04T23:00:08","guid":{"rendered":"https:\/\/www.murmuresmurales.com\/product\/coeur-vegetal-affiche-avec-accroches\/"},"modified":"2026-02-05T18:52:39","modified_gmt":"2026-02-05T17:52:39","slug":"coeur-vegetal-affiche-avec-accroches","status":"publish","type":"product","link":"https:\/\/www.murmuresmurales.com\/en\/product\/coeur-vegetal-affiche-avec-accroches\/","title":{"rendered":"Coeur V\u00e9g\u00e9tal Affiche avec accroches"},"content":{"rendered":"<p>Le C\u0153ur V\u00e9g\u00e9tal est une illustration po\u00e9tique m\u00ealant formes organiques et florales, repr\u00e9sentant un une femme-fleur dont le coeur fleurit de l\u2019int\u00e9rieur.<br \/>\nSymbole de r\u00e9silience, d\u2019amour de soi et de renaissance, cette \u0153uvre \u00e9voque la capacit\u00e9 \u00e0 se r\u00e9parer, \u00e0 grandir et \u00e0 s\u2019ouvrir \u00e0 nouveau apr\u00e8s les \u00e9preuves.<br \/>\nUn design doux et expressif, id\u00e9al pour apporter une touche sensible, naturelle et inspirante au quotidien.<\/p>\n<p> - Hangers in natural Baltic wood<br \/>\n \u2022 Poids du papier\u00a0:\u00a0192 g\/m\u00b2<br \/>\n - Poster secured by magnets<br \/>\n - Supplied with matching chain<br \/>\n - Paper from Japan<br \/>\n - Virgin product from the UK<\/p>","protected":false},"excerpt":{"rendered":"<p>Le C\u0153ur V\u00e9g\u00e9tal est une illustration po\u00e9tique m\u00ealant formes organiques et florales, repr\u00e9sentant un une femme-fleur dont le coeur fleurit de l\u2019int\u00e9rieur. Symbole de r\u00e9silience, d\u2019amour de soi et de renaissance, cette \u0153uvre \u00e9voque la capacit\u00e9 \u00e0 se r\u00e9parer, \u00e0 grandir et \u00e0 s\u2019ouvrir \u00e0 nouveau apr\u00e8s les \u00e9preuves. Un design doux et expressif, id\u00e9al [&hellip;]<\/p>","protected":false},"featured_media":5423,"comment_status":"open","ping_status":"closed","template":"","meta":{"advanced_seo_description":"","jetpack_seo_html_title":"","jetpack_seo_noindex":false,"_themeisle_gutenberg_block_has_review":false},"product_brand":[],"product_cat":[216],"product_tag":[172],"class_list":{"0":"post-5418","1":"product","2":"type-product","3":"status-publish","4":"has-post-thumbnail","6":"product_cat-coeur-vegetal","7":"product_tag-poster-hanger","8":"pa_couleur-blanc","9":"pa_couleur-oak","10":"pa_taille-12x16","11":"pa_taille-16x20","12":"pa_taille-18x18","14":"first","15":"instock","16":"shipping-taxable","17":"purchasable","18":"product-type-variable"},"jetpack_sharing_enabled":true,"_links":{"self":[{"href":"https:\/\/www.murmuresmurales.com\/en\/wp-json\/wp\/v2\/product\/5418","targetHints":{"allow":["GET"]}}],"collection":[{"href":"https:\/\/www.murmuresmurales.com\/en\/wp-json\/wp\/v2\/product"}],"about":[{"href":"https:\/\/www.murmuresmurales.com\/en\/wp-json\/wp\/v2\/types\/product"}],"replies":[{"embeddable":true,"href":"https:\/\/www.murmuresmurales.com\/en\/wp-json\/wp\/v2\/comments?post=5418"}],"wp:featuredmedia":[{"embeddable":true,"href":"https:\/\/www.murmuresmurales.com\/en\/wp-json\/wp\/v2\/media\/5423"}],"wp:attachment":[{"href":"https:\/\/www.murmuresmurales.com\/en\/wp-json\/wp\/v2\/media?parent=5418"}],"wp:term":[{"taxonomy":"product_brand","embeddable":true,"href":"https:\/\/www.murmuresmurales.com\/en\/wp-json\/wp\/v2\/product_brand?post=5418"},{"taxonomy":"product_cat","embeddable":true,"href":"https:\/\/www.murmuresmurales.com\/en\/wp-json\/wp\/v2\/product_cat?post=5418"},{"taxonomy":"product_tag","embeddable":true,"href":"https:\/\/www.murmuresmurales.com\/en\/wp-json\/wp\/v2\/product_tag?post=5418"}],"curies":[{"name":"wp","href":"https:\/\/api.w.org\/{rel}","templated":true}]}}