{"id":5411,"date":"2026-02-04T23:52:19","date_gmt":"2026-02-04T22:52:19","guid":{"rendered":"https:\/\/www.murmuresmurales.com\/product\/coeur-vegetal-toile-fine\/"},"modified":"2026-02-07T22:18:01","modified_gmt":"2026-02-07T21:18:01","slug":"coeur-vegetal-toile-fine","status":"publish","type":"product","link":"https:\/\/www.murmuresmurales.com\/en\/product\/coeur-vegetal-toile-fine\/","title":{"rendered":"Coeur V\u00e9g\u00e9tal Toile fine"},"content":{"rendered":"<p>Le C\u0153ur V\u00e9g\u00e9tal est une illustration po\u00e9tique m\u00ealant formes organiques et florales, repr\u00e9sentant un une femme-fleur dont le coeur fleurit de l\u2019int\u00e9rieur.<br \/>\nSymbole de r\u00e9silience, d\u2019amour de soi et de renaissance, cette \u0153uvre \u00e9voque la capacit\u00e9 \u00e0 se r\u00e9parer, \u00e0 grandir et \u00e0 s\u2019ouvrir \u00e0 nouveau apr\u00e8s les \u00e9preuves.<br \/>\nUn design doux et expressif, id\u00e9al pour apporter une touche sensible, naturelle et inspirante au quotidien.<\/p>\n<p>\u2022 Toile de 19,05\u00a0mm (0,75\u00a0\u00ab\u00a0) d&rsquo;\u00e9paisseur<br \/>\n\u2022 Poids du tissu de la toile\u00a0: 344\u00a0g\/m\u00b2 (344\u00a0g\/m\u00b2 +\/- 25\u00a0g\/m\u00b2)<br \/>\n\u2022 Supports muraux attach\u00e9s<\/p>","protected":false},"excerpt":{"rendered":"<p>Le C\u0153ur V\u00e9g\u00e9tal est une illustration po\u00e9tique m\u00ealant formes organiques et florales, repr\u00e9sentant un une femme-fleur dont le coeur fleurit de l\u2019int\u00e9rieur. Symbole de r\u00e9silience, d\u2019amour de soi et de renaissance, cette \u0153uvre \u00e9voque la capacit\u00e9 \u00e0 se r\u00e9parer, \u00e0 grandir et \u00e0 s\u2019ouvrir \u00e0 nouveau apr\u00e8s les \u00e9preuves. Un design doux et expressif, id\u00e9al [&hellip;]<\/p>","protected":false},"featured_media":5497,"comment_status":"open","ping_status":"closed","template":"","meta":{"advanced_seo_description":"","jetpack_seo_html_title":"","jetpack_seo_noindex":false,"_themeisle_gutenberg_block_has_review":false},"product_brand":[],"product_cat":[216],"product_tag":[170],"class_list":{"0":"post-5411","1":"product","2":"type-product","3":"status-publish","4":"has-post-thumbnail","6":"product_cat-coeur-vegetal","7":"product_tag-canvas","8":"pa_taille-12x16","9":"pa_taille-16x20","10":"pa_taille-18x24","11":"pa_taille-24x32","13":"first","14":"instock","15":"shipping-taxable","16":"purchasable","17":"product-type-variable"},"jetpack_sharing_enabled":true,"_links":{"self":[{"href":"https:\/\/www.murmuresmurales.com\/en\/wp-json\/wp\/v2\/product\/5411","targetHints":{"allow":["GET"]}}],"collection":[{"href":"https:\/\/www.murmuresmurales.com\/en\/wp-json\/wp\/v2\/product"}],"about":[{"href":"https:\/\/www.murmuresmurales.com\/en\/wp-json\/wp\/v2\/types\/product"}],"replies":[{"embeddable":true,"href":"https:\/\/www.murmuresmurales.com\/en\/wp-json\/wp\/v2\/comments?post=5411"}],"wp:featuredmedia":[{"embeddable":true,"href":"https:\/\/www.murmuresmurales.com\/en\/wp-json\/wp\/v2\/media\/5497"}],"wp:attachment":[{"href":"https:\/\/www.murmuresmurales.com\/en\/wp-json\/wp\/v2\/media?parent=5411"}],"wp:term":[{"taxonomy":"product_brand","embeddable":true,"href":"https:\/\/www.murmuresmurales.com\/en\/wp-json\/wp\/v2\/product_brand?post=5411"},{"taxonomy":"product_cat","embeddable":true,"href":"https:\/\/www.murmuresmurales.com\/en\/wp-json\/wp\/v2\/product_cat?post=5411"},{"taxonomy":"product_tag","embeddable":true,"href":"https:\/\/www.murmuresmurales.com\/en\/wp-json\/wp\/v2\/product_tag?post=5411"}],"curies":[{"name":"wp","href":"https:\/\/api.w.org\/{rel}","templated":true}]}}