{"id":5408,"date":"2026-02-04T23:42:40","date_gmt":"2026-02-04T22:42:40","guid":{"rendered":"https:\/\/www.murmuresmurales.com\/product\/coeur-vegetal-carte-de-voeux\/"},"modified":"2026-02-04T23:46:20","modified_gmt":"2026-02-04T22:46:20","slug":"coeur-vegetal-carte-de-voeux","status":"publish","type":"product","link":"https:\/\/www.murmuresmurales.com\/en\/product\/coeur-vegetal-carte-de-voeux\/","title":{"rendered":"Coeur V\u00e9g\u00e9tal Carte de v\u0153ux"},"content":{"rendered":"<p>Le C\u0153ur V\u00e9g\u00e9tal est une illustration po\u00e9tique m\u00ealant formes organiques et florales, repr\u00e9sentant un une femme-fleur dont le coeur fleurit de l\u2019int\u00e9rieur.<br \/>\nSymbole de r\u00e9silience, d\u2019amour de soi et de renaissance, cette \u0153uvre \u00e9voque la capacit\u00e9 \u00e0 se r\u00e9parer, \u00e0 grandir et \u00e0 s\u2019ouvrir \u00e0 nouveau apr\u00e8s les \u00e9preuves.<br \/>\nUn design doux et expressif, id\u00e9al pour apporter une touche sensible, naturelle et inspirante au quotidien.<\/p>\n<p>- Material: 350 g\/m\u00b2 cardboard (14.77 oz\/yd\u00b2)<br \/>\n\u2022 Taille\u00a0:\u00a0Petite\u00a0:\u00a0101 \u00d7 152\u00a0mm (4\u00a0\u2033\u00a0\u00d7 6\u00a0\u2033)<br \/>\n\u2022 Poids du produit\u00a0:\u00a0Petite\u00a0:\u00a011\u00a0g (0,39\u00a0oz)<br \/>\n\u2022 Couleurs vives<\/p>","protected":false},"excerpt":{"rendered":"<p>Le C\u0153ur V\u00e9g\u00e9tal est une illustration po\u00e9tique m\u00ealant formes organiques et florales, repr\u00e9sentant un une femme-fleur dont le coeur fleurit de l\u2019int\u00e9rieur. Symbole de r\u00e9silience, d\u2019amour de soi et de renaissance, cette \u0153uvre \u00e9voque la capacit\u00e9 \u00e0 se r\u00e9parer, \u00e0 grandir et \u00e0 s\u2019ouvrir \u00e0 nouveau apr\u00e8s les \u00e9preuves. Un design doux et expressif, id\u00e9al [&hellip;]<\/p>","protected":false},"featured_media":5409,"comment_status":"open","ping_status":"closed","template":"","meta":{"advanced_seo_description":"","jetpack_seo_html_title":"","jetpack_seo_noindex":false,"_themeisle_gutenberg_block_has_review":false},"product_brand":[],"product_cat":[216],"product_tag":[169],"class_list":{"0":"post-5408","1":"product","2":"type-product","3":"status-publish","4":"has-post-thumbnail","6":"product_cat-coeur-vegetal","7":"product_tag-greeting-card","9":"first","10":"instock","11":"shipping-taxable","12":"purchasable","13":"product-type-simple"},"jetpack_sharing_enabled":true,"_links":{"self":[{"href":"https:\/\/www.murmuresmurales.com\/en\/wp-json\/wp\/v2\/product\/5408","targetHints":{"allow":["GET"]}}],"collection":[{"href":"https:\/\/www.murmuresmurales.com\/en\/wp-json\/wp\/v2\/product"}],"about":[{"href":"https:\/\/www.murmuresmurales.com\/en\/wp-json\/wp\/v2\/types\/product"}],"replies":[{"embeddable":true,"href":"https:\/\/www.murmuresmurales.com\/en\/wp-json\/wp\/v2\/comments?post=5408"}],"wp:featuredmedia":[{"embeddable":true,"href":"https:\/\/www.murmuresmurales.com\/en\/wp-json\/wp\/v2\/media\/5409"}],"wp:attachment":[{"href":"https:\/\/www.murmuresmurales.com\/en\/wp-json\/wp\/v2\/media?parent=5408"}],"wp:term":[{"taxonomy":"product_brand","embeddable":true,"href":"https:\/\/www.murmuresmurales.com\/en\/wp-json\/wp\/v2\/product_brand?post=5408"},{"taxonomy":"product_cat","embeddable":true,"href":"https:\/\/www.murmuresmurales.com\/en\/wp-json\/wp\/v2\/product_cat?post=5408"},{"taxonomy":"product_tag","embeddable":true,"href":"https:\/\/www.murmuresmurales.com\/en\/wp-json\/wp\/v2\/product_tag?post=5408"}],"curies":[{"name":"wp","href":"https:\/\/api.w.org\/{rel}","templated":true}]}}