{"id":5339,"date":"2025-12-28T19:55:36","date_gmt":"2025-12-28T18:55:36","guid":{"rendered":"https:\/\/www.murmuresmurales.com\/product\/calendrier-mural-2026\/"},"modified":"2026-02-04T23:46:36","modified_gmt":"2026-02-04T22:46:36","slug":"calendrier-mural-2026","status":"publish","type":"product","link":"https:\/\/www.murmuresmurales.com\/en\/product\/calendrier-mural-2026\/","title":{"rendered":"Calendrier mural 2026"},"content":{"rendered":"<p>Un calendrier mural 2026 pens\u00e9 comme une travers\u00e9e douce de l\u2019ann\u00e9e.<br \/>\nChaque mois pr\u00e9sente une illustration originale en lien avec la saison \u2014 une fleur qui \u00e9clot, une \u00e9nergie qui s\u2019installe, un th\u00e8me qui \u00e9merge \u2014 accompagn\u00e9e d\u2019une courte phrase de motivation bienveillante.<\/p>\n<p>Les illustrations m\u00ealent figures f\u00e9minines, lignes d\u00e9licates et \u00e9l\u00e9ments v\u00e9g\u00e9taux, dans un style minimaliste et po\u00e9tique, pour cr\u00e9er un rendez-vous visuel apaisant tout au long de l\u2019ann\u00e9e.<\/p>\n<p>\u00c0 la fois outil du quotidien et objet contemplatif, ce calendrier invite \u00e0 ralentir, \u00e0 se reconnecter aux cycles naturels et \u00e0 faire entrer un peu de douceur sur ses murs.<\/p>","protected":false},"excerpt":{"rendered":"<p>Un calendrier mural 2026 pens\u00e9 comme une travers\u00e9e douce de l\u2019ann\u00e9e. Chaque mois pr\u00e9sente une illustration originale en lien avec la saison \u2014 une fleur qui \u00e9clot, une \u00e9nergie qui s\u2019installe, un th\u00e8me qui \u00e9merge \u2014 accompagn\u00e9e d\u2019une courte phrase de motivation bienveillante. Les illustrations m\u00ealent figures f\u00e9minines, lignes d\u00e9licates et \u00e9l\u00e9ments v\u00e9g\u00e9taux, dans un [&hellip;]<\/p>","protected":false},"featured_media":5346,"comment_status":"open","ping_status":"closed","template":"","meta":{"advanced_seo_description":"","jetpack_seo_html_title":"","jetpack_seo_noindex":false,"_themeisle_gutenberg_block_has_review":false},"product_brand":[],"product_cat":[164],"product_tag":[217],"class_list":{"0":"post-5339","1":"product","2":"type-product","3":"status-publish","4":"has-post-thumbnail","6":"product_cat-limited-edition","7":"product_tag-calendar","9":"first","10":"instock","11":"shipping-taxable","12":"purchasable","13":"product-type-simple"},"jetpack_sharing_enabled":true,"_links":{"self":[{"href":"https:\/\/www.murmuresmurales.com\/en\/wp-json\/wp\/v2\/product\/5339","targetHints":{"allow":["GET"]}}],"collection":[{"href":"https:\/\/www.murmuresmurales.com\/en\/wp-json\/wp\/v2\/product"}],"about":[{"href":"https:\/\/www.murmuresmurales.com\/en\/wp-json\/wp\/v2\/types\/product"}],"replies":[{"embeddable":true,"href":"https:\/\/www.murmuresmurales.com\/en\/wp-json\/wp\/v2\/comments?post=5339"}],"wp:featuredmedia":[{"embeddable":true,"href":"https:\/\/www.murmuresmurales.com\/en\/wp-json\/wp\/v2\/media\/5346"}],"wp:attachment":[{"href":"https:\/\/www.murmuresmurales.com\/en\/wp-json\/wp\/v2\/media?parent=5339"}],"wp:term":[{"taxonomy":"product_brand","embeddable":true,"href":"https:\/\/www.murmuresmurales.com\/en\/wp-json\/wp\/v2\/product_brand?post=5339"},{"taxonomy":"product_cat","embeddable":true,"href":"https:\/\/www.murmuresmurales.com\/en\/wp-json\/wp\/v2\/product_cat?post=5339"},{"taxonomy":"product_tag","embeddable":true,"href":"https:\/\/www.murmuresmurales.com\/en\/wp-json\/wp\/v2\/product_tag?post=5339"}],"curies":[{"name":"wp","href":"https:\/\/api.w.org\/{rel}","templated":true}]}}