{"id":5325,"date":"2025-12-12T21:34:09","date_gmt":"2025-12-12T20:34:09","guid":{"rendered":"https:\/\/www.murmuresmurales.com\/product\/femme-fuchsia-tote-bag\/"},"modified":"2026-02-05T00:09:09","modified_gmt":"2026-02-04T23:09:09","slug":"femme-fuchsia-tote-bag","status":"publish","type":"product","link":"https:\/\/www.murmuresmurales.com\/en\/product\/femme-fuchsia-tote-bag\/","title":{"rendered":"Femme Fuchsia Tote bag"},"content":{"rendered":"<p>Une illustration minimaliste en line art repr\u00e9sentant un visage f\u00e9minin orn\u00e9 de fleurs clochettes rouges, des fuchsias, symbole de gr\u00e2ce et de d\u00e9licatesse.<br \/>\nCe dessin botanique contemporain et po\u00e9tique associe f\u00e9minit\u00e9 et \u00e9l\u00e9gance florale, sublimant la beaut\u00e9 des fleurs suspendues.<br \/>\nParfaite comme illustration florale d\u00e9licate, d\u00e9coration murale moderne ou motif textile, cette cr\u00e9ation marie raffinement et po\u00e9sie.<\/p>\n<p> \u2022 100 % polyester <br \/>\n \u2022 Taille du sac : 39 \u00d7 39 cm (15 \u2033 \u00d7 15 \u2033) <br \/>\n \u2022 Capacit\u00e9 : 10 l<br \/>\n \u2022 Limite de poids maximum\u00a0: 20 kg (44 lbs) <br \/>\n \u2022 Poign\u00e9es doubles fabriqu\u00e9es \u00e0 partir de denim en coton 100 % naturel <br \/>\n \u2022 Longueur de la poign\u00e9e\u00a0: 67 cm (26 \u2033), largeur 2,5 cm (1 \u2033) <br \/>\n \u2022 Les poign\u00e9es peuvent diff\u00e9rer l\u00e9g\u00e8rement en fonction du lieu de traitement<\/p>","protected":false},"excerpt":{"rendered":"<p>Une illustration minimaliste en line art repr\u00e9sentant un visage f\u00e9minin orn\u00e9 de fleurs clochettes rouges, des fuchsias, symbole de gr\u00e2ce et de d\u00e9licatesse. Ce dessin botanique contemporain et po\u00e9tique associe f\u00e9minit\u00e9 et \u00e9l\u00e9gance florale, sublimant la beaut\u00e9 des fleurs suspendues. Parfaite comme illustration florale d\u00e9licate, d\u00e9coration murale moderne ou motif textile, cette cr\u00e9ation marie raffinement [&hellip;]<\/p>","protected":false},"featured_media":5329,"comment_status":"open","ping_status":"closed","template":"","meta":{"advanced_seo_description":"","jetpack_seo_html_title":"","jetpack_seo_noindex":false,"_themeisle_gutenberg_block_has_review":false},"product_brand":[],"product_cat":[101],"product_tag":[175],"class_list":{"0":"post-5325","1":"product","2":"type-product","3":"status-publish","4":"has-post-thumbnail","6":"product_cat-femme-fuchsia","7":"product_tag-tote-bag","8":"pa_couleur-jaune","9":"pa_couleur-noir","10":"pa_couleur-rouge","12":"first","13":"instock","14":"shipping-taxable","15":"purchasable","16":"product-type-variable"},"jetpack_sharing_enabled":true,"_links":{"self":[{"href":"https:\/\/www.murmuresmurales.com\/en\/wp-json\/wp\/v2\/product\/5325","targetHints":{"allow":["GET"]}}],"collection":[{"href":"https:\/\/www.murmuresmurales.com\/en\/wp-json\/wp\/v2\/product"}],"about":[{"href":"https:\/\/www.murmuresmurales.com\/en\/wp-json\/wp\/v2\/types\/product"}],"replies":[{"embeddable":true,"href":"https:\/\/www.murmuresmurales.com\/en\/wp-json\/wp\/v2\/comments?post=5325"}],"wp:featuredmedia":[{"embeddable":true,"href":"https:\/\/www.murmuresmurales.com\/en\/wp-json\/wp\/v2\/media\/5329"}],"wp:attachment":[{"href":"https:\/\/www.murmuresmurales.com\/en\/wp-json\/wp\/v2\/media?parent=5325"}],"wp:term":[{"taxonomy":"product_brand","embeddable":true,"href":"https:\/\/www.murmuresmurales.com\/en\/wp-json\/wp\/v2\/product_brand?post=5325"},{"taxonomy":"product_cat","embeddable":true,"href":"https:\/\/www.murmuresmurales.com\/en\/wp-json\/wp\/v2\/product_cat?post=5325"},{"taxonomy":"product_tag","embeddable":true,"href":"https:\/\/www.murmuresmurales.com\/en\/wp-json\/wp\/v2\/product_tag?post=5325"}],"curies":[{"name":"wp","href":"https:\/\/api.w.org\/{rel}","templated":true}]}}