{"id":5303,"date":"2025-12-12T21:23:37","date_gmt":"2025-12-12T20:23:37","guid":{"rendered":"https:\/\/www.murmuresmurales.com\/product\/silhouette-fleurie-tote-bag\/"},"modified":"2026-02-05T00:09:29","modified_gmt":"2026-02-04T23:09:29","slug":"silhouette-fleurie-tote-bag","status":"publish","type":"product","link":"https:\/\/www.murmuresmurales.com\/en\/product\/silhouette-fleurie-tote-bag\/","title":{"rendered":"Silhouette Fleurie Tote bag"},"content":{"rendered":"<p>Une illustration minimaliste en line art repr\u00e9sentant une silhouette f\u00e9minine orn\u00e9e de fleurs bleues et jaunes en suspension, \u00e9voquant la l\u00e9g\u00e8ret\u00e9 et la transformation.<br \/>\nCe dessin botanique po\u00e9tique et moderne marie la d\u00e9licatesse des fleurs color\u00e9es au raffinement du trait continu.<br \/>\nId\u00e9al comme illustration florale color\u00e9e, d\u00e9coration murale ou design textile, il apporte fra\u00eecheur et po\u00e9sie.<\/p>\n<p> \u2022 100 % polyester <br \/>\n \u2022 Taille du sac : 39 \u00d7 39 cm (15 \u2033 \u00d7 15 \u2033) <br \/>\n \u2022 Capacit\u00e9 : 10 l<br \/>\n \u2022 Limite de poids maximum\u00a0: 20 kg (44 lbs) <br \/>\n \u2022 Poign\u00e9es doubles fabriqu\u00e9es \u00e0 partir de denim en coton 100 % naturel <br \/>\n \u2022 Longueur de la poign\u00e9e\u00a0: 67 cm (26 \u2033), largeur 2,5 cm (1 \u2033) <br \/>\n \u2022 Les poign\u00e9es peuvent diff\u00e9rer l\u00e9g\u00e8rement en fonction du lieu de traitement<\/p>","protected":false},"excerpt":{"rendered":"<p>Une illustration minimaliste en line art repr\u00e9sentant une silhouette f\u00e9minine orn\u00e9e de fleurs bleues et jaunes en suspension, \u00e9voquant la l\u00e9g\u00e8ret\u00e9 et la transformation. Ce dessin botanique po\u00e9tique et moderne marie la d\u00e9licatesse des fleurs color\u00e9es au raffinement du trait continu. Id\u00e9al comme illustration florale color\u00e9e, d\u00e9coration murale ou design textile, il apporte fra\u00eecheur et [&hellip;]<\/p>","protected":false},"featured_media":5306,"comment_status":"open","ping_status":"closed","template":"","meta":{"advanced_seo_description":"","jetpack_seo_html_title":"","jetpack_seo_noindex":false,"_themeisle_gutenberg_block_has_review":false},"product_brand":[],"product_cat":[99],"product_tag":[175],"class_list":{"0":"post-5303","1":"product","2":"type-product","3":"status-publish","4":"has-post-thumbnail","6":"product_cat-silhouette-fleurie","7":"product_tag-tote-bag","8":"pa_couleur-jaune","9":"pa_couleur-noir","11":"first","12":"instock","13":"shipping-taxable","14":"purchasable","15":"product-type-variable"},"jetpack_sharing_enabled":true,"_links":{"self":[{"href":"https:\/\/www.murmuresmurales.com\/en\/wp-json\/wp\/v2\/product\/5303","targetHints":{"allow":["GET"]}}],"collection":[{"href":"https:\/\/www.murmuresmurales.com\/en\/wp-json\/wp\/v2\/product"}],"about":[{"href":"https:\/\/www.murmuresmurales.com\/en\/wp-json\/wp\/v2\/types\/product"}],"replies":[{"embeddable":true,"href":"https:\/\/www.murmuresmurales.com\/en\/wp-json\/wp\/v2\/comments?post=5303"}],"wp:featuredmedia":[{"embeddable":true,"href":"https:\/\/www.murmuresmurales.com\/en\/wp-json\/wp\/v2\/media\/5306"}],"wp:attachment":[{"href":"https:\/\/www.murmuresmurales.com\/en\/wp-json\/wp\/v2\/media?parent=5303"}],"wp:term":[{"taxonomy":"product_brand","embeddable":true,"href":"https:\/\/www.murmuresmurales.com\/en\/wp-json\/wp\/v2\/product_brand?post=5303"},{"taxonomy":"product_cat","embeddable":true,"href":"https:\/\/www.murmuresmurales.com\/en\/wp-json\/wp\/v2\/product_cat?post=5303"},{"taxonomy":"product_tag","embeddable":true,"href":"https:\/\/www.murmuresmurales.com\/en\/wp-json\/wp\/v2\/product_tag?post=5303"}],"curies":[{"name":"wp","href":"https:\/\/api.w.org\/{rel}","templated":true}]}}