{"id":5300,"date":"2025-12-12T21:19:17","date_gmt":"2025-12-12T20:19:17","guid":{"rendered":"https:\/\/www.murmuresmurales.com\/product\/silhouette-fleurie-housse-de-coussin\/"},"modified":"2026-02-05T00:09:53","modified_gmt":"2026-02-04T23:09:53","slug":"silhouette-fleurie-housse-de-coussin","status":"publish","type":"product","link":"https:\/\/www.murmuresmurales.com\/en\/product\/silhouette-fleurie-housse-de-coussin\/","title":{"rendered":"Silhouette Fleurie Housse de Coussin"},"content":{"rendered":"<p>Une illustration minimaliste en line art repr\u00e9sentant une silhouette f\u00e9minine orn\u00e9e de fleurs bleues et jaunes en suspension, \u00e9voquant la l\u00e9g\u00e8ret\u00e9 et la transformation.<br \/>\nCe dessin botanique po\u00e9tique et moderne marie la d\u00e9licatesse des fleurs color\u00e9es au raffinement du trait continu.<br \/>\nId\u00e9al comme illustration florale color\u00e9e, d\u00e9coration murale ou design textile, il apporte fra\u00eecheur et po\u00e9sie.<\/p>\n<p>\u2022 100\u00a0% polyester<br \/>\n\u2022 Fermeture \u00e9clair cach\u00e9e<br \/>\n\u2022 \u00c9tui lavable en machine<br \/>\n\u2022 Composants du produit vierge des \u00c9tats-Unis provenant de Chine et des \u00c9tats-Unis<br \/>\n\u2022 Composants du produit vierge de l&rsquo;UE provenant de Chine et de Pologne<\/p>","protected":false},"excerpt":{"rendered":"<p>Une illustration minimaliste en line art repr\u00e9sentant une silhouette f\u00e9minine orn\u00e9e de fleurs bleues et jaunes en suspension, \u00e9voquant la l\u00e9g\u00e8ret\u00e9 et la transformation. Ce dessin botanique po\u00e9tique et moderne marie la d\u00e9licatesse des fleurs color\u00e9es au raffinement du trait continu. Id\u00e9al comme illustration florale color\u00e9e, d\u00e9coration murale ou design textile, il apporte fra\u00eecheur et [&hellip;]<\/p>","protected":false},"featured_media":5301,"comment_status":"open","ping_status":"closed","template":"","meta":{"advanced_seo_description":"","jetpack_seo_html_title":"","jetpack_seo_noindex":false,"_themeisle_gutenberg_block_has_review":false},"product_brand":[],"product_cat":[99],"product_tag":[165],"class_list":{"0":"post-5300","1":"product","2":"type-product","3":"status-publish","4":"has-post-thumbnail","6":"product_cat-silhouette-fleurie","7":"product_tag-pillow-cover","9":"first","10":"instock","11":"shipping-taxable","12":"purchasable","13":"product-type-simple"},"jetpack_sharing_enabled":true,"_links":{"self":[{"href":"https:\/\/www.murmuresmurales.com\/en\/wp-json\/wp\/v2\/product\/5300","targetHints":{"allow":["GET"]}}],"collection":[{"href":"https:\/\/www.murmuresmurales.com\/en\/wp-json\/wp\/v2\/product"}],"about":[{"href":"https:\/\/www.murmuresmurales.com\/en\/wp-json\/wp\/v2\/types\/product"}],"replies":[{"embeddable":true,"href":"https:\/\/www.murmuresmurales.com\/en\/wp-json\/wp\/v2\/comments?post=5300"}],"wp:featuredmedia":[{"embeddable":true,"href":"https:\/\/www.murmuresmurales.com\/en\/wp-json\/wp\/v2\/media\/5301"}],"wp:attachment":[{"href":"https:\/\/www.murmuresmurales.com\/en\/wp-json\/wp\/v2\/media?parent=5300"}],"wp:term":[{"taxonomy":"product_brand","embeddable":true,"href":"https:\/\/www.murmuresmurales.com\/en\/wp-json\/wp\/v2\/product_brand?post=5300"},{"taxonomy":"product_cat","embeddable":true,"href":"https:\/\/www.murmuresmurales.com\/en\/wp-json\/wp\/v2\/product_cat?post=5300"},{"taxonomy":"product_tag","embeddable":true,"href":"https:\/\/www.murmuresmurales.com\/en\/wp-json\/wp\/v2\/product_tag?post=5300"}],"curies":[{"name":"wp","href":"https:\/\/api.w.org\/{rel}","templated":true}]}}