{"id":5289,"date":"2025-12-12T21:09:29","date_gmt":"2025-12-12T20:09:29","guid":{"rendered":"https:\/\/www.murmuresmurales.com\/product\/silhouette-fleurie-t-shirt-unisexe\/"},"modified":"2026-02-05T00:10:09","modified_gmt":"2026-02-04T23:10:09","slug":"silhouette-fleurie-t-shirt-unisexe","status":"publish","type":"product","link":"https:\/\/www.murmuresmurales.com\/en\/product\/silhouette-fleurie-t-shirt-unisexe\/","title":{"rendered":"Silhouette Fleurie T-shirt unisexe"},"content":{"rendered":"<p>Une illustration minimaliste en line art repr\u00e9sentant une silhouette f\u00e9minine orn\u00e9e de fleurs bleues et jaunes en suspension, \u00e9voquant la l\u00e9g\u00e8ret\u00e9 et la transformation.<br \/>\nCe dessin botanique po\u00e9tique et moderne marie la d\u00e9licatesse des fleurs color\u00e9es au raffinement du trait continu.<br \/>\nId\u00e9al comme illustration florale color\u00e9e, d\u00e9coration murale ou design textile, il apporte fra\u00eecheur et po\u00e9sie.<\/p>\n<p> \u2022 100\u00a0% coton peign\u00e9 et fil\u00e9 \u00e0 l&rsquo;anneau<br \/>\n \u2022 Produit vierge provenant du Nicaragua, du Mexique, du Honduras ou des \u00c9tats-Unis <\/p>\n<p>Avertissement : le tissu est l\u00e9g\u00e8rement transparent et peut laisser appara\u00eetre la peau, surtout pour les coloris clairs ou sous certaines conditions d\u2019\u00e9clairage.<\/p>\n<p>\u2022 Tra\u00e7abilit\u00e9\u00a0:<br \/>\n&#8211; Tissage : Inde, Cor\u00e9e du Sud<br \/>\n&#8211; Teinture : El Salvador, Californie<br \/>\n&#8211; Fabrication : Nicaragua, Mexique, Honduras ou \u00c9tats-Unis<br \/>\n\u2022 Contient 0\u00a0% de polyester recycl\u00e9<br \/>\n\u2022 Contient 0\u00a0% de substances dangereuses<\/p>","protected":false},"excerpt":{"rendered":"<p>Une illustration minimaliste en line art repr\u00e9sentant une silhouette f\u00e9minine orn\u00e9e de fleurs bleues et jaunes en suspension, \u00e9voquant la l\u00e9g\u00e8ret\u00e9 et la transformation. Ce dessin botanique po\u00e9tique et moderne marie la d\u00e9licatesse des fleurs color\u00e9es au raffinement du trait continu. Id\u00e9al comme illustration florale color\u00e9e, d\u00e9coration murale ou design textile, il apporte fra\u00eecheur et [&hellip;]<\/p>","protected":false},"featured_media":5297,"comment_status":"open","ping_status":"closed","template":"","meta":{"advanced_seo_description":"","jetpack_seo_html_title":"","jetpack_seo_noindex":false,"_themeisle_gutenberg_block_has_review":false},"product_brand":[],"product_cat":[99],"product_tag":[177],"class_list":{"0":"post-5289","1":"product","2":"type-product","3":"status-publish","4":"has-post-thumbnail","6":"product_cat-silhouette-fleurie","7":"product_tag-unisex-tshirt","8":"pa_taille-l","9":"pa_taille-m","10":"pa_taille-s","11":"pa_taille-xl","12":"pa_taille-xs","14":"first","15":"instock","16":"shipping-taxable","17":"purchasable","18":"product-type-variable"},"jetpack_sharing_enabled":true,"_links":{"self":[{"href":"https:\/\/www.murmuresmurales.com\/en\/wp-json\/wp\/v2\/product\/5289","targetHints":{"allow":["GET"]}}],"collection":[{"href":"https:\/\/www.murmuresmurales.com\/en\/wp-json\/wp\/v2\/product"}],"about":[{"href":"https:\/\/www.murmuresmurales.com\/en\/wp-json\/wp\/v2\/types\/product"}],"replies":[{"embeddable":true,"href":"https:\/\/www.murmuresmurales.com\/en\/wp-json\/wp\/v2\/comments?post=5289"}],"wp:featuredmedia":[{"embeddable":true,"href":"https:\/\/www.murmuresmurales.com\/en\/wp-json\/wp\/v2\/media\/5297"}],"wp:attachment":[{"href":"https:\/\/www.murmuresmurales.com\/en\/wp-json\/wp\/v2\/media?parent=5289"}],"wp:term":[{"taxonomy":"product_brand","embeddable":true,"href":"https:\/\/www.murmuresmurales.com\/en\/wp-json\/wp\/v2\/product_brand?post=5289"},{"taxonomy":"product_cat","embeddable":true,"href":"https:\/\/www.murmuresmurales.com\/en\/wp-json\/wp\/v2\/product_cat?post=5289"},{"taxonomy":"product_tag","embeddable":true,"href":"https:\/\/www.murmuresmurales.com\/en\/wp-json\/wp\/v2\/product_tag?post=5289"}],"curies":[{"name":"wp","href":"https:\/\/api.w.org\/{rel}","templated":true}]}}