{"id":5279,"date":"2025-12-12T21:04:56","date_gmt":"2025-12-12T20:04:56","guid":{"rendered":"https:\/\/www.murmuresmurales.com\/product\/silhouette-fleurie-debardeur\/"},"modified":"2026-02-05T00:10:32","modified_gmt":"2026-02-04T23:10:32","slug":"silhouette-fleurie-debardeur","status":"publish","type":"product","link":"https:\/\/www.murmuresmurales.com\/en\/product\/silhouette-fleurie-debardeur\/","title":{"rendered":"Silhouette Fleurie D\u00e9bardeur"},"content":{"rendered":"<p>Une illustration minimaliste en line art repr\u00e9sentant une silhouette f\u00e9minine orn\u00e9e de fleurs bleues et jaunes en suspension, \u00e9voquant la l\u00e9g\u00e8ret\u00e9 et la transformation.<br \/>\nCe dessin botanique po\u00e9tique et moderne marie la d\u00e9licatesse des fleurs color\u00e9es au raffinement du trait continu.<br \/>\nId\u00e9al comme illustration florale color\u00e9e, d\u00e9coration murale ou design textile, il apporte fra\u00eecheur et po\u00e9sie.<\/p>\n<p>\u2022 60\u00a0%\u00a0coton peign\u00e9 fil\u00e9 \u00e0 l&rsquo;anneau et 40\u00a0% polyester<br \/>\n\u2022 Jersey l\u00e9ger<br \/>\n\u2022 Respirant et confortable pour une utilisation toute la journ\u00e9e<br \/>\n\u2022 Silhouette ajust\u00e9e<br \/>\n\u2022 Encolure d\u00e9gag\u00e9e et dos nageur<br \/>\n\u2022 Produit vierge provenant du Honduras<\/p>","protected":false},"excerpt":{"rendered":"<p>Une illustration minimaliste en line art repr\u00e9sentant une silhouette f\u00e9minine orn\u00e9e de fleurs bleues et jaunes en suspension, \u00e9voquant la l\u00e9g\u00e8ret\u00e9 et la transformation. Ce dessin botanique po\u00e9tique et moderne marie la d\u00e9licatesse des fleurs color\u00e9es au raffinement du trait continu. Id\u00e9al comme illustration florale color\u00e9e, d\u00e9coration murale ou design textile, il apporte fra\u00eecheur et [&hellip;]<\/p>","protected":false},"featured_media":0,"comment_status":"open","ping_status":"closed","template":"","meta":{"advanced_seo_description":"","jetpack_seo_html_title":"","jetpack_seo_noindex":false,"_themeisle_gutenberg_block_has_review":false},"product_brand":[],"product_cat":[99],"product_tag":[166],"class_list":{"0":"post-5279","1":"product","2":"type-product","3":"status-publish","5":"product_cat-silhouette-fleurie","6":"product_tag-women-tank","7":"pa_taille-l","8":"pa_taille-m","9":"pa_taille-s","10":"pa_taille-xl","11":"pa_taille-xs","13":"first","14":"instock","15":"shipping-taxable","16":"purchasable","17":"product-type-variable"},"jetpack_sharing_enabled":true,"_links":{"self":[{"href":"https:\/\/www.murmuresmurales.com\/en\/wp-json\/wp\/v2\/product\/5279","targetHints":{"allow":["GET"]}}],"collection":[{"href":"https:\/\/www.murmuresmurales.com\/en\/wp-json\/wp\/v2\/product"}],"about":[{"href":"https:\/\/www.murmuresmurales.com\/en\/wp-json\/wp\/v2\/types\/product"}],"replies":[{"embeddable":true,"href":"https:\/\/www.murmuresmurales.com\/en\/wp-json\/wp\/v2\/comments?post=5279"}],"wp:attachment":[{"href":"https:\/\/www.murmuresmurales.com\/en\/wp-json\/wp\/v2\/media?parent=5279"}],"wp:term":[{"taxonomy":"product_brand","embeddable":true,"href":"https:\/\/www.murmuresmurales.com\/en\/wp-json\/wp\/v2\/product_brand?post=5279"},{"taxonomy":"product_cat","embeddable":true,"href":"https:\/\/www.murmuresmurales.com\/en\/wp-json\/wp\/v2\/product_cat?post=5279"},{"taxonomy":"product_tag","embeddable":true,"href":"https:\/\/www.murmuresmurales.com\/en\/wp-json\/wp\/v2\/product_tag?post=5279"}],"curies":[{"name":"wp","href":"https:\/\/api.w.org\/{rel}","templated":true}]}}