{"id":5263,"date":"2025-12-12T20:14:56","date_gmt":"2025-12-12T19:14:56","guid":{"rendered":"https:\/\/www.murmuresmurales.com\/product\/femme-jonquille-tote-bag\/"},"modified":"2026-02-05T00:10:46","modified_gmt":"2026-02-04T23:10:46","slug":"femme-jonquille-tote-bag","status":"publish","type":"product","link":"https:\/\/www.murmuresmurales.com\/en\/product\/femme-jonquille-tote-bag\/","title":{"rendered":"Femme Jonquille Tote bag"},"content":{"rendered":"<p>Une illustration minimaliste en line art repr\u00e9sentant une silhouette f\u00e9minine orn\u00e9e de jonquilles jaunes, symbole de renouveau, lumi\u00e8re et espoir.<br \/>\nCe dessin botanique contemporain et po\u00e9tique associe la d\u00e9licatesse du trait continu \u00e0 l\u2019\u00e9nergie solaire des fleurs printani\u00e8res.<br \/>\nParfaite comme illustration florale printani\u00e8re, d\u00e9coration murale ou motif textile, cette cr\u00e9ation apporte \u00e9clat et po\u00e9sie.<\/p>\n<p> \u2022 100 % polyester <br \/>\n \u2022 Taille du sac : 39 \u00d7 39 cm (15 \u2033 \u00d7 15 \u2033) <br \/>\n \u2022 Capacit\u00e9 : 10 l (2,6 gal \u00c9tats-Unis) <br \/>\n \u2022 Limite de poids maximum\u00a0: 20 kg (44 lbs) <br \/>\n \u2022 Poign\u00e9es doubles fabriqu\u00e9es \u00e0 partir de denim en coton 100 % naturel <br \/>\n \u2022 Longueur de la poign\u00e9e\u00a0: 67 cm (26 \u2033), largeur 2,5 cm (1 \u2033) <br \/>\n \u2022 Les poign\u00e9es peuvent diff\u00e9rer l\u00e9g\u00e8rement en fonction du lieu de traitement<\/p>","protected":false},"excerpt":{"rendered":"<p>Une illustration minimaliste en line art repr\u00e9sentant une silhouette f\u00e9minine orn\u00e9e de jonquilles jaunes, symbole de renouveau, lumi\u00e8re et espoir. Ce dessin botanique contemporain et po\u00e9tique associe la d\u00e9licatesse du trait continu \u00e0 l\u2019\u00e9nergie solaire des fleurs printani\u00e8res. Parfaite comme illustration florale printani\u00e8re, d\u00e9coration murale ou motif textile, cette cr\u00e9ation apporte \u00e9clat et po\u00e9sie. \u2022 [&hellip;]<\/p>","protected":false},"featured_media":5271,"comment_status":"open","ping_status":"closed","template":"","meta":{"advanced_seo_description":"","jetpack_seo_html_title":"","jetpack_seo_noindex":false,"_themeisle_gutenberg_block_has_review":false},"product_brand":[],"product_cat":[98],"product_tag":[163],"class_list":{"0":"post-5263","1":"product","2":"type-product","3":"status-publish","4":"has-post-thumbnail","6":"product_cat-femme-jonquille","7":"product_tag-mouse-pad","8":"pa_couleur-jaune","9":"pa_couleur-noir","11":"first","12":"instock","13":"shipping-taxable","14":"purchasable","15":"product-type-variable"},"jetpack_sharing_enabled":true,"_links":{"self":[{"href":"https:\/\/www.murmuresmurales.com\/en\/wp-json\/wp\/v2\/product\/5263","targetHints":{"allow":["GET"]}}],"collection":[{"href":"https:\/\/www.murmuresmurales.com\/en\/wp-json\/wp\/v2\/product"}],"about":[{"href":"https:\/\/www.murmuresmurales.com\/en\/wp-json\/wp\/v2\/types\/product"}],"replies":[{"embeddable":true,"href":"https:\/\/www.murmuresmurales.com\/en\/wp-json\/wp\/v2\/comments?post=5263"}],"wp:featuredmedia":[{"embeddable":true,"href":"https:\/\/www.murmuresmurales.com\/en\/wp-json\/wp\/v2\/media\/5271"}],"wp:attachment":[{"href":"https:\/\/www.murmuresmurales.com\/en\/wp-json\/wp\/v2\/media?parent=5263"}],"wp:term":[{"taxonomy":"product_brand","embeddable":true,"href":"https:\/\/www.murmuresmurales.com\/en\/wp-json\/wp\/v2\/product_brand?post=5263"},{"taxonomy":"product_cat","embeddable":true,"href":"https:\/\/www.murmuresmurales.com\/en\/wp-json\/wp\/v2\/product_cat?post=5263"},{"taxonomy":"product_tag","embeddable":true,"href":"https:\/\/www.murmuresmurales.com\/en\/wp-json\/wp\/v2\/product_tag?post=5263"}],"curies":[{"name":"wp","href":"https:\/\/api.w.org\/{rel}","templated":true}]}}