{"id":5233,"date":"2025-12-12T19:14:54","date_gmt":"2025-12-12T18:14:54","guid":{"rendered":"https:\/\/www.murmuresmurales.com\/product\/corps-de-fougere-toile-encadree-2\/"},"modified":"2026-02-05T00:11:24","modified_gmt":"2026-02-04T23:11:24","slug":"corps-de-fougere-toile-encadree-2","status":"publish","type":"product","link":"https:\/\/www.murmuresmurales.com\/en\/product\/corps-de-fougere-toile-encadree-2\/","title":{"rendered":"Corps de Foug\u00e8re Toile encadr\u00e9e"},"content":{"rendered":"<p>Une illustration minimaliste en line art repr\u00e9sentant un corps f\u00e9minin fusionn\u00e9 avec des motifs de foug\u00e8res stylis\u00e9es, symbole de nature et d\u2019harmonie.<br \/>\nCe dessin botanique contemporain joue sur le contraste entre formes graphiques abstraites et textures v\u00e9g\u00e9tales, cr\u00e9ant une \u0153uvre \u00e9quilibr\u00e9e et apaisante.<br \/>\nId\u00e9al comme illustration v\u00e9g\u00e9tale, d\u00e9coration murale ou design textile inspir\u00e9 de la for\u00eat, il apporte une atmosph\u00e8re m\u00e9ditative.<\/p>\n<p>\u2022 Cadre en pin<br \/>\n\u2022 Dos ouvert<br \/>\n\u2022 Livr\u00e9e avec des coussinets en caoutchouc sur les coins arri\u00e8re<br \/>\n\u2022 Mat\u00e9riel d&rsquo;accrochage attach\u00e9<\/p>\n<p>Avertissements\u00a0:<br \/>\n&#8211; Les toiles encadr\u00e9es avec des cadres marron et noirs ont un int\u00e9rieur noir autour de la toile, et les toiles avec des cadres blancs ont un int\u00e9rieur blanc autour de la toile.<br \/>\n&#8211; Ce produit n&rsquo;est pas destin\u00e9 \u00e0 \u00eatre ponc\u00e9 ou coup\u00e9, cela cr\u00e9era de la poussi\u00e8re en suspension dans l&rsquo;air qui pourrait causer une irritation pulmonaire.<\/p>\n<p>Important : Ce produit en noir et en blanc est uniquement disponible aux \u00c9tats-Unis, au Canada, en Europe et au Royaume-Uni. Ce produit en marron est uniquement disponible aux \u00c9tats-Unis, au Canada et en Europe. Si votre adresse de livraison se situe en dehors de ces r\u00e9gions, veuillez choisir un autre produit.<\/p>","protected":false},"excerpt":{"rendered":"<p>Une illustration minimaliste en line art repr\u00e9sentant un corps f\u00e9minin fusionn\u00e9 avec des motifs de foug\u00e8res stylis\u00e9es, symbole de nature et d\u2019harmonie. Ce dessin botanique contemporain joue sur le contraste entre formes graphiques abstraites et textures v\u00e9g\u00e9tales, cr\u00e9ant une \u0153uvre \u00e9quilibr\u00e9e et apaisante. Id\u00e9al comme illustration v\u00e9g\u00e9tale, d\u00e9coration murale ou design textile inspir\u00e9 de la [&hellip;]<\/p>","protected":false},"featured_media":5238,"comment_status":"open","ping_status":"closed","template":"","meta":{"advanced_seo_description":"","jetpack_seo_html_title":"","jetpack_seo_noindex":false,"_themeisle_gutenberg_block_has_review":false},"product_brand":[],"product_cat":[55],"product_tag":[167],"class_list":{"0":"post-5233","1":"product","2":"type-product","3":"status-publish","4":"has-post-thumbnail","6":"product_cat-corps-de-fougere","7":"product_tag-framed-canvas","8":"pa_couleur-blanc","9":"pa_couleur-noir","10":"pa_taille-16x20","11":"pa_taille-18x24","13":"first","14":"instock","15":"shipping-taxable","16":"purchasable","17":"product-type-variable"},"jetpack_sharing_enabled":true,"_links":{"self":[{"href":"https:\/\/www.murmuresmurales.com\/en\/wp-json\/wp\/v2\/product\/5233","targetHints":{"allow":["GET"]}}],"collection":[{"href":"https:\/\/www.murmuresmurales.com\/en\/wp-json\/wp\/v2\/product"}],"about":[{"href":"https:\/\/www.murmuresmurales.com\/en\/wp-json\/wp\/v2\/types\/product"}],"replies":[{"embeddable":true,"href":"https:\/\/www.murmuresmurales.com\/en\/wp-json\/wp\/v2\/comments?post=5233"}],"wp:featuredmedia":[{"embeddable":true,"href":"https:\/\/www.murmuresmurales.com\/en\/wp-json\/wp\/v2\/media\/5238"}],"wp:attachment":[{"href":"https:\/\/www.murmuresmurales.com\/en\/wp-json\/wp\/v2\/media?parent=5233"}],"wp:term":[{"taxonomy":"product_brand","embeddable":true,"href":"https:\/\/www.murmuresmurales.com\/en\/wp-json\/wp\/v2\/product_brand?post=5233"},{"taxonomy":"product_cat","embeddable":true,"href":"https:\/\/www.murmuresmurales.com\/en\/wp-json\/wp\/v2\/product_cat?post=5233"},{"taxonomy":"product_tag","embeddable":true,"href":"https:\/\/www.murmuresmurales.com\/en\/wp-json\/wp\/v2\/product_tag?post=5233"}],"curies":[{"name":"wp","href":"https:\/\/api.w.org\/{rel}","templated":true}]}}