{"id":522,"date":"2025-10-27T17:04:08","date_gmt":"2025-10-27T16:04:08","guid":{"rendered":"https:\/\/www.murmuresmurales.com\/product\/corps-de-fougere-t-shirt-unisexe\/"},"modified":"2025-11-27T17:34:52","modified_gmt":"2025-11-27T16:34:52","slug":"corps-de-fougere-t-shirt-unisexe","status":"publish","type":"product","link":"https:\/\/www.murmuresmurales.com\/en\/product\/corps-de-fougere-t-shirt-unisexe\/","title":{"rendered":"Corps de Foug\u00e8re T-shirt unisexe"},"content":{"rendered":"<p>Une illustration minimaliste en line art repr\u00e9sentant un corps f\u00e9minin fusionn\u00e9 avec des motifs de foug\u00e8res stylis\u00e9es, symbole de nature et d\u2019harmonie.<br \/>\nCe dessin botanique contemporain joue sur le contraste entre formes graphiques abstraites et textures v\u00e9g\u00e9tales, cr\u00e9ant une \u0153uvre \u00e9quilibr\u00e9e et apaisante.<br \/>\nId\u00e9al comme illustration v\u00e9g\u00e9tale, d\u00e9coration murale ou design textile inspir\u00e9 de la for\u00eat, il apporte une atmosph\u00e8re m\u00e9ditative. Ce t-shirt est tout ce dont vous avez r\u00eav\u00e9 et bien plus encore. Il est doux et l\u00e9ger, avec la bonne quantit\u00e9 d&rsquo;\u00e9lasticit\u00e9. Il est confortable et flatteur pour tous.<\/p>\n<p>\u2022 100 % coton peign\u00e9 et fil\u00e9 \u00e0 l&rsquo;anneau<br \/>\n\u2022 Produit vierge provenant du Nicaragua, du Mexique, du Honduras ou des \u00c9tats-Unis<\/p>\n<p>Avertissement : le tissu est l\u00e9g\u00e8rement transparent et peut laisser appara\u00eetre la peau, surtout pour les coloris clairs ou sous certaines conditions d\u2019\u00e9clairage.<\/p>\n<p>&#8211; Tissage : Inde, Cor\u00e9e du Sud<br \/>\n&#8211; Teinture : El Salvador, Californie<br \/>\n&#8211; Fabrication : Nicaragua, Mexique, Honduras ou \u00c9tats-Unis<\/p>\n<p>En conformit\u00e9 avec le R\u00e8glement pour la S\u00e9curit\u00e9 G\u00e9n\u00e9rale des Produits (RSGP), Murmures Murales garantit que tous les produits de consommation propos\u00e9s sont s\u00fbrs et conformes aux normes de l&rsquo;UE. Pour toute question ou pr\u00e9occupation li\u00e9e \u00e0 la s\u00e9curit\u00e9 des produits, veuillez nous contacter.<\/p>","protected":false},"excerpt":{"rendered":"<p>Une illustration minimaliste en line art repr\u00e9sentant un corps f\u00e9minin fusionn\u00e9 avec des motifs de foug\u00e8res stylis\u00e9es, symbole de nature et d\u2019harmonie. Ce dessin botanique contemporain joue sur le contraste entre formes graphiques abstraites et textures v\u00e9g\u00e9tales, cr\u00e9ant une \u0153uvre \u00e9quilibr\u00e9e et apaisante. Id\u00e9al comme illustration v\u00e9g\u00e9tale, d\u00e9coration murale ou design textile inspir\u00e9 de la [&hellip;]<\/p>","protected":false},"featured_media":5142,"comment_status":"open","ping_status":"closed","template":"","meta":{"advanced_seo_description":"","jetpack_seo_html_title":"","jetpack_seo_noindex":false,"_themeisle_gutenberg_block_has_review":false},"product_brand":[],"product_cat":[55],"product_tag":[177],"class_list":{"0":"post-522","1":"product","2":"type-product","3":"status-publish","4":"has-post-thumbnail","6":"product_cat-corps-de-fougere","7":"product_tag-unisex-tshirt","8":"pa_taille-2-xl","9":"pa_taille-3xl","10":"pa_taille-4xl","11":"pa_taille-5xl","12":"pa_taille-l","13":"pa_taille-m","14":"pa_taille-s","15":"pa_taille-xl","16":"pa_taille-xs","18":"first","19":"instock","20":"shipping-taxable","21":"purchasable","22":"product-type-variable"},"jetpack_sharing_enabled":true,"_links":{"self":[{"href":"https:\/\/www.murmuresmurales.com\/en\/wp-json\/wp\/v2\/product\/522","targetHints":{"allow":["GET"]}}],"collection":[{"href":"https:\/\/www.murmuresmurales.com\/en\/wp-json\/wp\/v2\/product"}],"about":[{"href":"https:\/\/www.murmuresmurales.com\/en\/wp-json\/wp\/v2\/types\/product"}],"replies":[{"embeddable":true,"href":"https:\/\/www.murmuresmurales.com\/en\/wp-json\/wp\/v2\/comments?post=522"}],"wp:featuredmedia":[{"embeddable":true,"href":"https:\/\/www.murmuresmurales.com\/en\/wp-json\/wp\/v2\/media\/5142"}],"wp:attachment":[{"href":"https:\/\/www.murmuresmurales.com\/en\/wp-json\/wp\/v2\/media?parent=522"}],"wp:term":[{"taxonomy":"product_brand","embeddable":true,"href":"https:\/\/www.murmuresmurales.com\/en\/wp-json\/wp\/v2\/product_brand?post=522"},{"taxonomy":"product_cat","embeddable":true,"href":"https:\/\/www.murmuresmurales.com\/en\/wp-json\/wp\/v2\/product_cat?post=522"},{"taxonomy":"product_tag","embeddable":true,"href":"https:\/\/www.murmuresmurales.com\/en\/wp-json\/wp\/v2\/product_tag?post=522"}],"curies":[{"name":"wp","href":"https:\/\/api.w.org\/{rel}","templated":true}]}}