{"id":4909,"date":"2025-11-03T15:30:05","date_gmt":"2025-11-03T14:30:05","guid":{"rendered":"https:\/\/www.murmuresmurales.com\/product\/femme-paquerette-mug\/"},"modified":"2025-11-27T18:51:07","modified_gmt":"2025-11-27T17:51:07","slug":"femme-paquerette-mug","status":"publish","type":"product","link":"https:\/\/www.murmuresmurales.com\/en\/product\/femme-paquerette-mug\/","title":{"rendered":"Femme P\u00e2querette Mug"},"content":{"rendered":"<p>Une illustration minimaliste en line art repr\u00e9sentant une silhouette f\u00e9minine orn\u00e9e de marguerites blanches au c\u0153ur jaune, symbole de simplicit\u00e9 et de joie.<br \/>\nCe dessin botanique po\u00e9tique marie d\u00e9licatesse et fra\u00eecheur.<br \/>\nId\u00e9al comme illustration florale lumineuse, d\u00e9coration murale moderne ou design textile, il diffuse une \u00e9nergie douce et positive.<\/p>\n<p>\u2022 C\u00e9ramique<br \/>\n\u2022 Dimensions du mug de 11\u00a0oz\u00a0: 9,6\u00a0cm (3,79\u00a0\u00ab\u00a0) de hauteur, 8,3\u00a0cm (3,25\u00a0\u00ab\u00a0) de diam\u00e8tre<br \/>\n\u2022 Mat\u00e9riau sans plomb et sans BPA<br \/>\n\u2022 Rebord, int\u00e9rieur et poign\u00e9e color\u00e9s<br \/>\n\u2022 Passe au lave-vaisselle et au micro-ondes<\/p>\n<p>En conformit\u00e9 avec le R\u00e8glement pour la S\u00e9curit\u00e9 G\u00e9n\u00e9rale des Produits (RSGP), Murmures Murales garantit que tous les produits de consommation propos\u00e9s sont s\u00fbrs et conformes aux normes de l&rsquo;UE. Pour toute question ou pr\u00e9occupation li\u00e9e \u00e0 la s\u00e9curit\u00e9 des produits, veuillez nous contacter.<\/p>","protected":false},"excerpt":{"rendered":"<p>Une illustration minimaliste en line art repr\u00e9sentant une silhouette f\u00e9minine orn\u00e9e de marguerites blanches au c\u0153ur jaune, symbole de simplicit\u00e9 et de joie. Ce dessin botanique po\u00e9tique marie d\u00e9licatesse et fra\u00eecheur. Id\u00e9al comme illustration florale lumineuse, d\u00e9coration murale moderne ou design textile, il diffuse une \u00e9nergie douce et positive. \u2022 C\u00e9ramique \u2022 Dimensions du mug [&hellip;]<\/p>","protected":false},"featured_media":4913,"comment_status":"open","ping_status":"closed","template":"","meta":{"advanced_seo_description":"","jetpack_seo_html_title":"","jetpack_seo_noindex":false,"_themeisle_gutenberg_block_has_review":false},"product_brand":[],"product_cat":[107],"product_tag":[168],"class_list":{"0":"post-4909","1":"product","2":"type-product","3":"status-publish","4":"has-post-thumbnail","6":"product_cat-femme-paquerette","7":"product_tag-mug","8":"pa_couleur-jaune","9":"pa_couleur-noir","10":"pa_taille-11-oz","11":"pa_taille-15-oz","13":"first","14":"instock","15":"shipping-taxable","16":"purchasable","17":"product-type-variable"},"jetpack_sharing_enabled":true,"_links":{"self":[{"href":"https:\/\/www.murmuresmurales.com\/en\/wp-json\/wp\/v2\/product\/4909","targetHints":{"allow":["GET"]}}],"collection":[{"href":"https:\/\/www.murmuresmurales.com\/en\/wp-json\/wp\/v2\/product"}],"about":[{"href":"https:\/\/www.murmuresmurales.com\/en\/wp-json\/wp\/v2\/types\/product"}],"replies":[{"embeddable":true,"href":"https:\/\/www.murmuresmurales.com\/en\/wp-json\/wp\/v2\/comments?post=4909"}],"wp:featuredmedia":[{"embeddable":true,"href":"https:\/\/www.murmuresmurales.com\/en\/wp-json\/wp\/v2\/media\/4913"}],"wp:attachment":[{"href":"https:\/\/www.murmuresmurales.com\/en\/wp-json\/wp\/v2\/media?parent=4909"}],"wp:term":[{"taxonomy":"product_brand","embeddable":true,"href":"https:\/\/www.murmuresmurales.com\/en\/wp-json\/wp\/v2\/product_brand?post=4909"},{"taxonomy":"product_cat","embeddable":true,"href":"https:\/\/www.murmuresmurales.com\/en\/wp-json\/wp\/v2\/product_cat?post=4909"},{"taxonomy":"product_tag","embeddable":true,"href":"https:\/\/www.murmuresmurales.com\/en\/wp-json\/wp\/v2\/product_tag?post=4909"}],"curies":[{"name":"wp","href":"https:\/\/api.w.org\/{rel}","templated":true}]}}