{"id":480,"date":"2025-10-27T16:25:54","date_gmt":"2025-10-27T15:25:54","guid":{"rendered":"https:\/\/www.murmuresmurales.com\/product\/poster\/"},"modified":"2025-11-27T18:30:19","modified_gmt":"2025-11-27T17:30:19","slug":"corps-de-fougere-affiche","status":"publish","type":"product","link":"https:\/\/www.murmuresmurales.com\/en\/product\/corps-de-fougere-affiche\/","title":{"rendered":"Corps de Foug\u00e8re Affiche"},"content":{"rendered":"<p>Une illustration minimaliste en line art repr\u00e9sentant un corps f\u00e9minin fusionn\u00e9 avec des motifs de foug\u00e8res stylis\u00e9es, symbole de nature et d\u2019harmonie.<br \/>\nCe dessin botanique contemporain joue sur le contraste entre formes graphiques abstraites et textures v\u00e9g\u00e9tales, cr\u00e9ant une \u0153uvre \u00e9quilibr\u00e9e et apaisante.<br \/>\nId\u00e9al comme illustration v\u00e9g\u00e9tale, d\u00e9coration murale ou design textile inspir\u00e9 de la for\u00eat, il apporte une atmosph\u00e8re m\u00e9ditative.<\/p>\n<p>\u2022 Les affiches 21 \u00d7 30 cm sont de format A4<br \/>\n- Paper from Japan<\/p>\n<p>En conformit\u00e9 avec le R\u00e8glement pour la S\u00e9curit\u00e9 G\u00e9n\u00e9rale des Produits (RSGP), Murmures Murales garantit que tous les produits de consommation propos\u00e9s sont s\u00fbrs et conformes aux normes de l&rsquo;UE. Pour toute question ou pr\u00e9occupation li\u00e9e \u00e0 la s\u00e9curit\u00e9 des produits, veuillez nous contacter.<\/p>","protected":false},"excerpt":{"rendered":"<p>Une illustration minimaliste en line art repr\u00e9sentant un corps f\u00e9minin fusionn\u00e9 avec des motifs de foug\u00e8res stylis\u00e9es, symbole de nature et d\u2019harmonie. Ce dessin botanique contemporain joue sur le contraste entre formes graphiques abstraites et textures v\u00e9g\u00e9tales, cr\u00e9ant une \u0153uvre \u00e9quilibr\u00e9e et apaisante. Id\u00e9al comme illustration v\u00e9g\u00e9tale, d\u00e9coration murale ou design textile inspir\u00e9 de la [&hellip;]<\/p>","protected":false},"featured_media":589,"comment_status":"open","ping_status":"closed","template":"","meta":{"advanced_seo_description":"","jetpack_seo_html_title":"","jetpack_seo_noindex":false,"_themeisle_gutenberg_block_has_review":false},"product_brand":[],"product_cat":[55],"product_tag":[171],"class_list":{"0":"post-480","1":"product","2":"type-product","3":"status-publish","4":"has-post-thumbnail","6":"product_cat-corps-de-fougere","7":"product_tag-poster","8":"pa_taille-21-x-30-cm","9":"pa_taille-30-x-40-cm","10":"pa_taille-50-x-70-cm","11":"pa_taille-61-x-91-cm","12":"pa_taille-70-x-100-cm","13":"pa_taille-a1-59-4-x-84-1-cm","14":"pa_taille-a2-42-x-59-4-cm","16":"first","17":"instock","18":"shipping-taxable","19":"purchasable","20":"product-type-variable"},"jetpack_sharing_enabled":true,"_links":{"self":[{"href":"https:\/\/www.murmuresmurales.com\/en\/wp-json\/wp\/v2\/product\/480","targetHints":{"allow":["GET"]}}],"collection":[{"href":"https:\/\/www.murmuresmurales.com\/en\/wp-json\/wp\/v2\/product"}],"about":[{"href":"https:\/\/www.murmuresmurales.com\/en\/wp-json\/wp\/v2\/types\/product"}],"replies":[{"embeddable":true,"href":"https:\/\/www.murmuresmurales.com\/en\/wp-json\/wp\/v2\/comments?post=480"}],"wp:featuredmedia":[{"embeddable":true,"href":"https:\/\/www.murmuresmurales.com\/en\/wp-json\/wp\/v2\/media\/589"}],"wp:attachment":[{"href":"https:\/\/www.murmuresmurales.com\/en\/wp-json\/wp\/v2\/media?parent=480"}],"wp:term":[{"taxonomy":"product_brand","embeddable":true,"href":"https:\/\/www.murmuresmurales.com\/en\/wp-json\/wp\/v2\/product_brand?post=480"},{"taxonomy":"product_cat","embeddable":true,"href":"https:\/\/www.murmuresmurales.com\/en\/wp-json\/wp\/v2\/product_cat?post=480"},{"taxonomy":"product_tag","embeddable":true,"href":"https:\/\/www.murmuresmurales.com\/en\/wp-json\/wp\/v2\/product_tag?post=480"}],"curies":[{"name":"wp","href":"https:\/\/api.w.org\/{rel}","templated":true}]}}