{"id":4791,"date":"2025-11-03T13:49:34","date_gmt":"2025-11-03T12:49:34","guid":{"rendered":"https:\/\/www.murmuresmurales.com\/product\/femme-pissenlit-carte-de-voeux\/"},"modified":"2025-11-27T18:57:34","modified_gmt":"2025-11-27T17:57:34","slug":"femme-pissenlit-carte-de-voeux","status":"publish","type":"product","link":"https:\/\/www.murmuresmurales.com\/en\/product\/femme-pissenlit-carte-de-voeux\/","title":{"rendered":"Femme Pissenlit Carte de v\u0153ux"},"content":{"rendered":"<p>Une illustration minimaliste en line art repr\u00e9sentant un visage f\u00e9minin d\u2019o\u00f9 s\u2019envolent des pissenlits, symboles de libert\u00e9, de souffle et de po\u00e9sie.<br \/>\nCe dessin floral contemporain associe la finesse du trait continu \u00e0 la force \u00e9vocatrice du v\u00e9g\u00e9tal, pour une \u0153uvre pleine de sensibilit\u00e9.<br \/>\nId\u00e9al comme illustration florale po\u00e9tique, d\u00e9coration murale moderne ou design textile, il invite \u00e0 la s\u00e9r\u00e9nit\u00e9 et \u00e0 l\u2019inspiration.<\/p>\n<p>- Material: 350 g\/m\u00b2 cardboard (14.77 oz\/yd\u00b2)<br \/>\n\u2022 Taille : Petite : 101 \u00d7 152 mm (4 \u2033 \u00d7 6 \u2033)<\/p>\n<p>En conformit\u00e9 avec le R\u00e8glement pour la S\u00e9curit\u00e9 G\u00e9n\u00e9rale des Produits (RSGP), Murmures Murales garantit que tous les produits de consommation propos\u00e9s sont s\u00fbrs et conformes aux normes de l&rsquo;UE. Pour toute question ou pr\u00e9occupation li\u00e9e \u00e0 la s\u00e9curit\u00e9 des produits, veuillez nous contacter.<\/p>","protected":false},"excerpt":{"rendered":"<p>Une illustration minimaliste en line art repr\u00e9sentant un visage f\u00e9minin d\u2019o\u00f9 s\u2019envolent des pissenlits, symboles de libert\u00e9, de souffle et de po\u00e9sie. Ce dessin floral contemporain associe la finesse du trait continu \u00e0 la force \u00e9vocatrice du v\u00e9g\u00e9tal, pour une \u0153uvre pleine de sensibilit\u00e9. Id\u00e9al comme illustration florale po\u00e9tique, d\u00e9coration murale moderne ou design textile, [&hellip;]<\/p>","protected":false},"featured_media":4795,"comment_status":"open","ping_status":"closed","template":"","meta":{"advanced_seo_description":"","jetpack_seo_html_title":"","jetpack_seo_noindex":false,"_themeisle_gutenberg_block_has_review":false},"product_brand":[],"product_cat":[125],"product_tag":[169],"class_list":{"0":"post-4791","1":"product","2":"type-product","3":"status-publish","4":"has-post-thumbnail","6":"product_cat-femme-pissenlit","7":"product_tag-greeting-card","8":"pa_taille-4x6","9":"pa_taille-5-83x8-27","10":"pa_taille-5x7","12":"first","13":"instock","14":"shipping-taxable","15":"purchasable","16":"product-type-variable"},"jetpack_sharing_enabled":true,"_links":{"self":[{"href":"https:\/\/www.murmuresmurales.com\/en\/wp-json\/wp\/v2\/product\/4791","targetHints":{"allow":["GET"]}}],"collection":[{"href":"https:\/\/www.murmuresmurales.com\/en\/wp-json\/wp\/v2\/product"}],"about":[{"href":"https:\/\/www.murmuresmurales.com\/en\/wp-json\/wp\/v2\/types\/product"}],"replies":[{"embeddable":true,"href":"https:\/\/www.murmuresmurales.com\/en\/wp-json\/wp\/v2\/comments?post=4791"}],"wp:featuredmedia":[{"embeddable":true,"href":"https:\/\/www.murmuresmurales.com\/en\/wp-json\/wp\/v2\/media\/4795"}],"wp:attachment":[{"href":"https:\/\/www.murmuresmurales.com\/en\/wp-json\/wp\/v2\/media?parent=4791"}],"wp:term":[{"taxonomy":"product_brand","embeddable":true,"href":"https:\/\/www.murmuresmurales.com\/en\/wp-json\/wp\/v2\/product_brand?post=4791"},{"taxonomy":"product_cat","embeddable":true,"href":"https:\/\/www.murmuresmurales.com\/en\/wp-json\/wp\/v2\/product_cat?post=4791"},{"taxonomy":"product_tag","embeddable":true,"href":"https:\/\/www.murmuresmurales.com\/en\/wp-json\/wp\/v2\/product_tag?post=4791"}],"curies":[{"name":"wp","href":"https:\/\/api.w.org\/{rel}","templated":true}]}}