{"id":4735,"date":"2025-11-03T00:16:38","date_gmt":"2025-11-02T23:16:38","guid":{"rendered":"https:\/\/www.murmuresmurales.com\/product\/femme-fleur-bleue-carte-de-voeux\/"},"modified":"2025-11-27T22:19:01","modified_gmt":"2025-11-27T21:19:01","slug":"femme-fleur-bleue-carte-de-voeux","status":"publish","type":"product","link":"https:\/\/www.murmuresmurales.com\/en\/product\/femme-fleur-bleue-carte-de-voeux\/","title":{"rendered":"Femme Fleur Bleue Carte de v\u0153ux"},"content":{"rendered":"<p>Une illustration minimaliste en line art repr\u00e9sentant une silhouette f\u00e9minine orn\u00e9e d\u2019une grande fleur stylis\u00e9e aux p\u00e9tales bleu-vert et aux d\u00e9tails dor\u00e9s.<br \/>\nCe dessin floral abstrait et po\u00e9tique marie \u00e9l\u00e9gance et modernit\u00e9.<br \/>\nId\u00e9al comme illustration florale abstraite, d\u00e9coration murale contemporaine ou motif textile, il ajoute raffinement et cr\u00e9ativit\u00e9 \u00e0 vos espaces.<\/p>\n<p>- Material: 350 g\/m\u00b2 cardboard (14.77 oz\/yd\u00b2)<br \/>\n\u2022 Taille : Petite : 101 \u00d7 152 mm (4 \u2033 \u00d7 6 \u2033)<\/p>\n<p>En conformit\u00e9 avec le R\u00e8glement pour la S\u00e9curit\u00e9 G\u00e9n\u00e9rale des Produits (RSGP), Murmures Murales garantit que tous les produits de consommation propos\u00e9s sont s\u00fbrs et conformes aux normes de l&rsquo;UE. Pour toute question ou pr\u00e9occupation li\u00e9e \u00e0 la s\u00e9curit\u00e9 des produits, veuillez nous contacter.<\/p>","protected":false},"excerpt":{"rendered":"<p>Une illustration minimaliste en line art repr\u00e9sentant une silhouette f\u00e9minine orn\u00e9e d\u2019une grande fleur stylis\u00e9e aux p\u00e9tales bleu-vert et aux d\u00e9tails dor\u00e9s. Ce dessin floral abstrait et po\u00e9tique marie \u00e9l\u00e9gance et modernit\u00e9. Id\u00e9al comme illustration florale abstraite, d\u00e9coration murale contemporaine ou motif textile, il ajoute raffinement et cr\u00e9ativit\u00e9 \u00e0 vos espaces. \u2022 Mat\u00e9riau\u00a0:\u00a0carton 350\u00a0g\/m\u00b2 (14,77\u00a0oz\/yd\u00b2) [&hellip;]<\/p>","protected":false},"featured_media":4739,"comment_status":"open","ping_status":"closed","template":"","meta":{"advanced_seo_description":"","jetpack_seo_html_title":"","jetpack_seo_noindex":false,"_themeisle_gutenberg_block_has_review":false},"product_brand":[],"product_cat":[106],"product_tag":[169],"class_list":{"0":"post-4735","1":"product","2":"type-product","3":"status-publish","4":"has-post-thumbnail","6":"product_cat-femme-fleur-bleue","7":"product_tag-greeting-card","8":"pa_taille-4x6","9":"pa_taille-5-83x8-27","10":"pa_taille-5x7","12":"first","13":"instock","14":"shipping-taxable","15":"purchasable","16":"product-type-variable"},"jetpack_sharing_enabled":true,"_links":{"self":[{"href":"https:\/\/www.murmuresmurales.com\/en\/wp-json\/wp\/v2\/product\/4735","targetHints":{"allow":["GET"]}}],"collection":[{"href":"https:\/\/www.murmuresmurales.com\/en\/wp-json\/wp\/v2\/product"}],"about":[{"href":"https:\/\/www.murmuresmurales.com\/en\/wp-json\/wp\/v2\/types\/product"}],"replies":[{"embeddable":true,"href":"https:\/\/www.murmuresmurales.com\/en\/wp-json\/wp\/v2\/comments?post=4735"}],"wp:featuredmedia":[{"embeddable":true,"href":"https:\/\/www.murmuresmurales.com\/en\/wp-json\/wp\/v2\/media\/4739"}],"wp:attachment":[{"href":"https:\/\/www.murmuresmurales.com\/en\/wp-json\/wp\/v2\/media?parent=4735"}],"wp:term":[{"taxonomy":"product_brand","embeddable":true,"href":"https:\/\/www.murmuresmurales.com\/en\/wp-json\/wp\/v2\/product_brand?post=4735"},{"taxonomy":"product_cat","embeddable":true,"href":"https:\/\/www.murmuresmurales.com\/en\/wp-json\/wp\/v2\/product_cat?post=4735"},{"taxonomy":"product_tag","embeddable":true,"href":"https:\/\/www.murmuresmurales.com\/en\/wp-json\/wp\/v2\/product_tag?post=4735"}],"curies":[{"name":"wp","href":"https:\/\/api.w.org\/{rel}","templated":true}]}}