{"id":4626,"date":"2025-11-02T23:45:43","date_gmt":"2025-11-02T22:45:43","guid":{"rendered":"https:\/\/www.murmuresmurales.com\/product\/danseuse-violette-toile-fine\/"},"modified":"2025-11-27T22:25:52","modified_gmt":"2025-11-27T21:25:52","slug":"danseuse-violette-toile-fine","status":"publish","type":"product","link":"https:\/\/www.murmuresmurales.com\/en\/product\/danseuse-violette-toile-fine\/","title":{"rendered":"Danseuse Violette Toile fine"},"content":{"rendered":"<p>Une illustration minimaliste en line art repr\u00e9sentant une silhouette de danseuse f\u00e9minine orn\u00e9e d\u2019une grande fleur stylis\u00e9e violette et de courbes dor\u00e9es.<br \/>\nCe dessin floral abstrait et po\u00e9tique associe modernit\u00e9 et d\u00e9licatesse, offrant une composition raffin\u00e9e et contemporaine.<br \/>\nId\u00e9al comme illustration florale abstraite, d\u00e9coration murale moderne ou motif textile, il apporte une touche artistique et inspirante.<\/p>\n<p>\u2022 Toile de 19,05\u00a0mm (0,75\u00a0\u00ab\u00a0) d&rsquo;\u00e9paisseur<br \/>\n\u2022 Supports muraux attach\u00e9s<br \/>\n\u2022 Tampons en caoutchouc \u00e0 l&rsquo;arri\u00e8re pour \u00e9viter d&rsquo;endommager les murs<br \/>\n\u2022 Toile plus fine que les toiles ordinaires<\/p>\n<p>Important : Ce produit est uniquement disponible aux \u00c9tats-Unis, au Canada, en Europe et au Royaume-Uni. Si votre adresse de livraison se situe en dehors de ces r\u00e9gions, veuillez choisir un autre produit.<\/p>\n<p>En conformit\u00e9 avec le R\u00e8glement pour la S\u00e9curit\u00e9 G\u00e9n\u00e9rale des Produits (RSGP), Murmures Murales garantit que tous les produits de consommation propos\u00e9s sont s\u00fbrs et conformes aux normes de l&rsquo;UE. Pour toute question ou pr\u00e9occupation li\u00e9e \u00e0 la s\u00e9curit\u00e9 des produits, veuillez nous contacter.<\/p>","protected":false},"excerpt":{"rendered":"<p>Une illustration minimaliste en line art repr\u00e9sentant une silhouette de danseuse f\u00e9minine orn\u00e9e d\u2019une grande fleur stylis\u00e9e violette et de courbes dor\u00e9es. Ce dessin floral abstrait et po\u00e9tique associe modernit\u00e9 et d\u00e9licatesse, offrant une composition raffin\u00e9e et contemporaine. Id\u00e9al comme illustration florale abstraite, d\u00e9coration murale moderne ou motif textile, il apporte une touche artistique et [&hellip;]<\/p>","protected":false},"featured_media":4640,"comment_status":"open","ping_status":"closed","template":"","meta":{"advanced_seo_description":"","jetpack_seo_html_title":"","jetpack_seo_noindex":false,"_themeisle_gutenberg_block_has_review":false},"product_brand":[],"product_cat":[122],"product_tag":[170],"class_list":{"0":"post-4626","1":"product","2":"type-product","3":"status-publish","4":"has-post-thumbnail","6":"product_cat-danseuse-violette","7":"product_tag-canvas","8":"pa_taille-11x14","9":"pa_taille-12x12","10":"pa_taille-12x16","11":"pa_taille-12x18","12":"pa_taille-16x16","13":"pa_taille-16x20","14":"pa_taille-18x24","15":"pa_taille-20x28","16":"pa_taille-20x30","17":"pa_taille-24x32","18":"pa_taille-24x36","19":"pa_taille-8x10","20":"pa_taille-9x12","22":"first","23":"instock","24":"shipping-taxable","25":"purchasable","26":"product-type-variable"},"jetpack_sharing_enabled":true,"_links":{"self":[{"href":"https:\/\/www.murmuresmurales.com\/en\/wp-json\/wp\/v2\/product\/4626","targetHints":{"allow":["GET"]}}],"collection":[{"href":"https:\/\/www.murmuresmurales.com\/en\/wp-json\/wp\/v2\/product"}],"about":[{"href":"https:\/\/www.murmuresmurales.com\/en\/wp-json\/wp\/v2\/types\/product"}],"replies":[{"embeddable":true,"href":"https:\/\/www.murmuresmurales.com\/en\/wp-json\/wp\/v2\/comments?post=4626"}],"wp:featuredmedia":[{"embeddable":true,"href":"https:\/\/www.murmuresmurales.com\/en\/wp-json\/wp\/v2\/media\/4640"}],"wp:attachment":[{"href":"https:\/\/www.murmuresmurales.com\/en\/wp-json\/wp\/v2\/media?parent=4626"}],"wp:term":[{"taxonomy":"product_brand","embeddable":true,"href":"https:\/\/www.murmuresmurales.com\/en\/wp-json\/wp\/v2\/product_brand?post=4626"},{"taxonomy":"product_cat","embeddable":true,"href":"https:\/\/www.murmuresmurales.com\/en\/wp-json\/wp\/v2\/product_cat?post=4626"},{"taxonomy":"product_tag","embeddable":true,"href":"https:\/\/www.murmuresmurales.com\/en\/wp-json\/wp\/v2\/product_tag?post=4626"}],"curies":[{"name":"wp","href":"https:\/\/api.w.org\/{rel}","templated":true}]}}