{"id":4129,"date":"2025-11-02T22:50:46","date_gmt":"2025-11-02T21:50:46","guid":{"rendered":"https:\/\/www.murmuresmurales.com\/product\/femme-paquerette-toile-encadree\/"},"modified":"2025-11-27T12:04:49","modified_gmt":"2025-11-27T11:04:49","slug":"femme-paquerette-toile-encadree","status":"publish","type":"product","link":"https:\/\/www.murmuresmurales.com\/en\/product\/femme-paquerette-toile-encadree\/","title":{"rendered":"Femme P\u00e2querette Toile encadr\u00e9e"},"content":{"rendered":"<p>Une illustration minimaliste en line art repr\u00e9sentant une silhouette f\u00e9minine orn\u00e9e de marguerites blanches au c\u0153ur jaune, symbole de simplicit\u00e9 et de joie.<br \/>\nCe dessin botanique po\u00e9tique marie d\u00e9licatesse et fra\u00eecheur.<br \/>\nId\u00e9al comme illustration florale lumineuse, d\u00e9coration murale moderne ou design textile, il diffuse une \u00e9nergie douce et positive.<\/p>\n<p>\u2022 Cadre en pin<br \/>\n\u2022 \u00c9paisseur du cadre\u00a0: 3,18\u00a0cm (1,25\u00a0\u00ab\u00a0)<br \/>\n\u2022 Livr\u00e9e avec des coussinets en caoutchouc sur les coins arri\u00e8re<br \/>\n\u2022 Mat\u00e9riel d&rsquo;accrochage attach\u00e9<\/p>\n<p>Avertissements\u00a0:<br \/>\n&#8211; Les toiles encadr\u00e9es avec des cadres marron et noirs ont un int\u00e9rieur noir autour de la toile, et les toiles avec des cadres blancs ont un int\u00e9rieur blanc autour de la toile.<br \/>\n&#8211; Ce produit n&rsquo;est pas destin\u00e9 \u00e0 \u00eatre ponc\u00e9 ou coup\u00e9, cela cr\u00e9era de la poussi\u00e8re en suspension dans l&rsquo;air qui pourrait causer une irritation pulmonaire.<\/p>\n<p>Important : Ce produit en noir et en blanc est uniquement disponible aux \u00c9tats-Unis, au Canada, en Europe et au Royaume-Uni. Ce produit en marron est uniquement disponible aux \u00c9tats-Unis, au Canada et en Europe. Si votre adresse de livraison se situe en dehors de ces r\u00e9gions, veuillez choisir un autre produit.<\/p>\n<p>En conformit\u00e9 avec le R\u00e8glement pour la S\u00e9curit\u00e9 G\u00e9n\u00e9rale des Produits (RSGP), Murmures Murales garantit que tous les produits de consommation propos\u00e9s sont s\u00fbrs et conformes aux normes de l&rsquo;UE. Pour toute question ou pr\u00e9occupation li\u00e9e \u00e0 la s\u00e9curit\u00e9 des produits, veuillez nous contacter.<\/p>","protected":false},"excerpt":{"rendered":"<p>Une illustration minimaliste en line art repr\u00e9sentant une silhouette f\u00e9minine orn\u00e9e de marguerites blanches au c\u0153ur jaune, symbole de simplicit\u00e9 et de joie. Ce dessin botanique po\u00e9tique marie d\u00e9licatesse et fra\u00eecheur. Id\u00e9al comme illustration florale lumineuse, d\u00e9coration murale moderne ou design textile, il diffuse une \u00e9nergie douce et positive. \u2022 Cadre en pin \u2022 \u00c9paisseur [&hellip;]<\/p>","protected":false},"featured_media":4157,"comment_status":"open","ping_status":"closed","template":"","meta":{"advanced_seo_description":"","jetpack_seo_html_title":"","jetpack_seo_noindex":false,"_themeisle_gutenberg_block_has_review":false},"product_brand":[],"product_cat":[107],"product_tag":[167],"class_list":{"0":"post-4129","1":"product","2":"type-product","3":"status-publish","4":"has-post-thumbnail","6":"product_cat-femme-paquerette","7":"product_tag-framed-canvas","8":"pa_couleur-blanc","9":"pa_couleur-marron","10":"pa_couleur-noir","11":"pa_taille-11x14","12":"pa_taille-12x12","13":"pa_taille-12x16","14":"pa_taille-12x18","15":"pa_taille-16x16","16":"pa_taille-16x20","17":"pa_taille-24x32","18":"pa_taille-8x10","19":"pa_taille-9x12","21":"first","22":"instock","23":"shipping-taxable","24":"purchasable","25":"product-type-variable"},"jetpack_sharing_enabled":true,"_links":{"self":[{"href":"https:\/\/www.murmuresmurales.com\/en\/wp-json\/wp\/v2\/product\/4129","targetHints":{"allow":["GET"]}}],"collection":[{"href":"https:\/\/www.murmuresmurales.com\/en\/wp-json\/wp\/v2\/product"}],"about":[{"href":"https:\/\/www.murmuresmurales.com\/en\/wp-json\/wp\/v2\/types\/product"}],"replies":[{"embeddable":true,"href":"https:\/\/www.murmuresmurales.com\/en\/wp-json\/wp\/v2\/comments?post=4129"}],"wp:featuredmedia":[{"embeddable":true,"href":"https:\/\/www.murmuresmurales.com\/en\/wp-json\/wp\/v2\/media\/4157"}],"wp:attachment":[{"href":"https:\/\/www.murmuresmurales.com\/en\/wp-json\/wp\/v2\/media?parent=4129"}],"wp:term":[{"taxonomy":"product_brand","embeddable":true,"href":"https:\/\/www.murmuresmurales.com\/en\/wp-json\/wp\/v2\/product_brand?post=4129"},{"taxonomy":"product_cat","embeddable":true,"href":"https:\/\/www.murmuresmurales.com\/en\/wp-json\/wp\/v2\/product_cat?post=4129"},{"taxonomy":"product_tag","embeddable":true,"href":"https:\/\/www.murmuresmurales.com\/en\/wp-json\/wp\/v2\/product_tag?post=4129"}],"curies":[{"name":"wp","href":"https:\/\/api.w.org\/{rel}","templated":true}]}}