{"id":3609,"date":"2025-11-02T00:08:32","date_gmt":"2025-11-01T23:08:32","guid":{"rendered":"https:\/\/www.murmuresmurales.com\/product\/femme-bouquet-colore-affiche\/"},"modified":"2025-11-27T18:02:11","modified_gmt":"2025-11-27T17:02:11","slug":"femme-bouquet-colore-affiche","status":"publish","type":"product","link":"https:\/\/www.murmuresmurales.com\/en\/product\/femme-bouquet-colore-affiche\/","title":{"rendered":"Femme Bouquet Color\u00e9 Affiche"},"content":{"rendered":"<p>Une illustration minimaliste en line art repr\u00e9sentant une silhouette f\u00e9minine orn\u00e9e d\u2019un bouquet de fleurs multicolores, dont les p\u00e9tales tombent d\u00e9licatement.<br \/>\nCe dessin botanique po\u00e9tique c\u00e9l\u00e8bre la diversit\u00e9 et l\u2019\u00e9nergie des couleurs, apportant vitalit\u00e9 et \u00e9l\u00e9gance.<br \/>\nId\u00e9al comme illustration florale vibrante, d\u00e9coration murale moderne ou design textile, ce motif insuffle fra\u00eecheur et cr\u00e9ativit\u00e9.<\/p>\n<p>\u2022 Les affiches 21 \u00d7 30 cm sont de format A4<br \/>\n- Paper from Japan<\/p>\n<p>En conformit\u00e9 avec le R\u00e8glement pour la S\u00e9curit\u00e9 G\u00e9n\u00e9rale des Produits (RSGP), Murmures Murale<b>s<\/b> garantit que tous les produits de consommation propos\u00e9s sont s\u00fbrs et conformes aux normes de l&rsquo;UE. Pour toute question ou pr\u00e9occupation li\u00e9e \u00e0 la s\u00e9curit\u00e9 des produits, veuillez nous contacter.<\/p>","protected":false},"excerpt":{"rendered":"<p>Une illustration minimaliste en line art repr\u00e9sentant une silhouette f\u00e9minine orn\u00e9e d\u2019un bouquet de fleurs multicolores, dont les p\u00e9tales tombent d\u00e9licatement. Ce dessin botanique po\u00e9tique c\u00e9l\u00e8bre la diversit\u00e9 et l\u2019\u00e9nergie des couleurs, apportant vitalit\u00e9 et \u00e9l\u00e9gance. Id\u00e9al comme illustration florale vibrante, d\u00e9coration murale moderne ou design textile, ce motif insuffle fra\u00eecheur et cr\u00e9ativit\u00e9. \u2022 Les [&hellip;]<\/p>","protected":false},"featured_media":3617,"comment_status":"open","ping_status":"closed","template":"","meta":{"advanced_seo_description":"","jetpack_seo_html_title":"","jetpack_seo_noindex":false,"_themeisle_gutenberg_block_has_review":false},"product_brand":[],"product_cat":[100],"product_tag":[171],"class_list":{"0":"post-3609","1":"product","2":"type-product","3":"status-publish","4":"has-post-thumbnail","6":"product_cat-femme-bouquet-colore","7":"product_tag-poster","8":"pa_taille-21-x-30-cm","9":"pa_taille-30-x-40-cm","10":"pa_taille-50-x-70-cm","11":"pa_taille-61-x-91-cm","12":"pa_taille-70-x-100-cm","13":"pa_taille-a1-59-4-x-84-1-cm","14":"pa_taille-a2-42-x-59-4-cm","16":"first","17":"instock","18":"shipping-taxable","19":"purchasable","20":"product-type-variable"},"jetpack_sharing_enabled":true,"_links":{"self":[{"href":"https:\/\/www.murmuresmurales.com\/en\/wp-json\/wp\/v2\/product\/3609","targetHints":{"allow":["GET"]}}],"collection":[{"href":"https:\/\/www.murmuresmurales.com\/en\/wp-json\/wp\/v2\/product"}],"about":[{"href":"https:\/\/www.murmuresmurales.com\/en\/wp-json\/wp\/v2\/types\/product"}],"replies":[{"embeddable":true,"href":"https:\/\/www.murmuresmurales.com\/en\/wp-json\/wp\/v2\/comments?post=3609"}],"wp:featuredmedia":[{"embeddable":true,"href":"https:\/\/www.murmuresmurales.com\/en\/wp-json\/wp\/v2\/media\/3617"}],"wp:attachment":[{"href":"https:\/\/www.murmuresmurales.com\/en\/wp-json\/wp\/v2\/media?parent=3609"}],"wp:term":[{"taxonomy":"product_brand","embeddable":true,"href":"https:\/\/www.murmuresmurales.com\/en\/wp-json\/wp\/v2\/product_brand?post=3609"},{"taxonomy":"product_cat","embeddable":true,"href":"https:\/\/www.murmuresmurales.com\/en\/wp-json\/wp\/v2\/product_cat?post=3609"},{"taxonomy":"product_tag","embeddable":true,"href":"https:\/\/www.murmuresmurales.com\/en\/wp-json\/wp\/v2\/product_tag?post=3609"}],"curies":[{"name":"wp","href":"https:\/\/api.w.org\/{rel}","templated":true}]}}