{"id":3167,"date":"2025-11-01T22:17:32","date_gmt":"2025-11-01T21:17:32","guid":{"rendered":"https:\/\/www.murmuresmurales.com\/product\/silhouette-fleurie-affiche\/"},"modified":"2025-11-27T18:03:38","modified_gmt":"2025-11-27T17:03:38","slug":"silhouette-fleurie-affiche","status":"publish","type":"product","link":"https:\/\/www.murmuresmurales.com\/en\/product\/silhouette-fleurie-affiche\/","title":{"rendered":"Silhouette Fleurie Affiche"},"content":{"rendered":"<p>Une illustration minimaliste en line art repr\u00e9sentant une silhouette f\u00e9minine orn\u00e9e de fleurs bleues et jaunes en suspension, \u00e9voquant la l\u00e9g\u00e8ret\u00e9 et la transformation.<br \/>\nCe dessin botanique po\u00e9tique et moderne marie la d\u00e9licatesse des fleurs color\u00e9es au raffinement du trait continu.<br \/>\nId\u00e9al comme illustration florale color\u00e9e, d\u00e9coration murale ou design textile, il apporte fra\u00eecheur et po\u00e9sie.<\/p>\n<p>\u2022 Les affiches 21 \u00d7 30 cm sont de format A4<br \/>\n- Paper from Japan<\/p>\n<p>En conformit\u00e9 avec le R\u00e8glement pour la S\u00e9curit\u00e9 G\u00e9n\u00e9rale des Produits (RSGP), Murmures Murales garantit que tous les produits de consommation propos\u00e9s sont s\u00fbrs et conformes aux normes de l&rsquo;UE. Pour toute question ou pr\u00e9occupation li\u00e9e \u00e0 la s\u00e9curit\u00e9 des produits, veuillez nous contacter.<\/p>","protected":false},"excerpt":{"rendered":"<p>Une illustration minimaliste en line art repr\u00e9sentant une silhouette f\u00e9minine orn\u00e9e de fleurs bleues et jaunes en suspension, \u00e9voquant la l\u00e9g\u00e8ret\u00e9 et la transformation. Ce dessin botanique po\u00e9tique et moderne marie la d\u00e9licatesse des fleurs color\u00e9es au raffinement du trait continu. Id\u00e9al comme illustration florale color\u00e9e, d\u00e9coration murale ou design textile, il apporte fra\u00eecheur et [&hellip;]<\/p>","protected":false},"featured_media":3175,"comment_status":"open","ping_status":"closed","template":"","meta":{"advanced_seo_description":"","jetpack_seo_html_title":"","jetpack_seo_noindex":false,"_themeisle_gutenberg_block_has_review":false},"product_brand":[],"product_cat":[99],"product_tag":[171],"class_list":{"0":"post-3167","1":"product","2":"type-product","3":"status-publish","4":"has-post-thumbnail","6":"product_cat-silhouette-fleurie","7":"product_tag-poster","8":"pa_taille-21-x-30-cm","9":"pa_taille-30-x-40-cm","10":"pa_taille-50-x-70-cm","11":"pa_taille-61-x-91-cm","12":"pa_taille-70-x-100-cm","13":"pa_taille-a1-59-4-x-84-1-cm","14":"pa_taille-a2-42-x-59-4-cm","16":"first","17":"instock","18":"shipping-taxable","19":"purchasable","20":"product-type-variable"},"jetpack_sharing_enabled":true,"_links":{"self":[{"href":"https:\/\/www.murmuresmurales.com\/en\/wp-json\/wp\/v2\/product\/3167","targetHints":{"allow":["GET"]}}],"collection":[{"href":"https:\/\/www.murmuresmurales.com\/en\/wp-json\/wp\/v2\/product"}],"about":[{"href":"https:\/\/www.murmuresmurales.com\/en\/wp-json\/wp\/v2\/types\/product"}],"replies":[{"embeddable":true,"href":"https:\/\/www.murmuresmurales.com\/en\/wp-json\/wp\/v2\/comments?post=3167"}],"wp:featuredmedia":[{"embeddable":true,"href":"https:\/\/www.murmuresmurales.com\/en\/wp-json\/wp\/v2\/media\/3175"}],"wp:attachment":[{"href":"https:\/\/www.murmuresmurales.com\/en\/wp-json\/wp\/v2\/media?parent=3167"}],"wp:term":[{"taxonomy":"product_brand","embeddable":true,"href":"https:\/\/www.murmuresmurales.com\/en\/wp-json\/wp\/v2\/product_brand?post=3167"},{"taxonomy":"product_cat","embeddable":true,"href":"https:\/\/www.murmuresmurales.com\/en\/wp-json\/wp\/v2\/product_cat?post=3167"},{"taxonomy":"product_tag","embeddable":true,"href":"https:\/\/www.murmuresmurales.com\/en\/wp-json\/wp\/v2\/product_tag?post=3167"}],"curies":[{"name":"wp","href":"https:\/\/api.w.org\/{rel}","templated":true}]}}