{"id":3109,"date":"2025-11-01T22:02:56","date_gmt":"2025-11-01T21:02:56","guid":{"rendered":"https:\/\/www.murmuresmurales.com\/product\/femme-coquelicot-t-shirt-unisexe\/"},"modified":"2025-11-27T17:23:34","modified_gmt":"2025-11-27T16:23:34","slug":"femme-coquelicot-t-shirt-unisexe","status":"publish","type":"product","link":"https:\/\/www.murmuresmurales.com\/en\/product\/femme-coquelicot-t-shirt-unisexe\/","title":{"rendered":"Femme Coquelicot T-shirt unisexe"},"content":{"rendered":"<p>Une illustration minimaliste en line art repr\u00e9sentant une silhouette f\u00e9minine orn\u00e9e de coquelicots rouges et de feuillages verts.<br \/>\nLes coquelicots, symboles de libert\u00e9, fragilit\u00e9 et r\u00e9silience, apportent une touche vibrante et expressive \u00e0 ce dessin botanique contemporain.<br \/>\nId\u00e9al comme d\u00e9coration murale, motif textile ou illustration inspirante, ce design allie la finesse du trait continu \u00e0 la puissance \u00e9vocatrice des fleurs rouges.<\/p>\n<p>\u2022 100\u00a0% coton peign\u00e9 et fil\u00e9 \u00e0 l&rsquo;anneau<br \/>\n\u2022 Produit vierge provenant du Nicaragua, du Mexique, du Honduras ou des \u00c9tats-Unis<\/p>\n<p>&#8211; Tissage : Inde, Cor\u00e9e du Sud<br \/>\n&#8211; Teinture : El Salvador, Californie<br \/>\n&#8211; Fabrication : Nicaragua, Mexique, Honduras ou \u00c9tats-Unis<br \/>\n\u2022 Contient 0\u00a0% de polyester recycl\u00e9<br \/>\n\u2022 Contient 0\u00a0% de substances dangereuses<\/p>\n<p>En conformit\u00e9 avec le R\u00e8glement pour la S\u00e9curit\u00e9 G\u00e9n\u00e9rale des Produits (RSGP), Murmures Murales garantit que tous les produits de consommation propos\u00e9s sont s\u00fbrs et conformes aux normes de l&rsquo;UE. Pour toute question ou pr\u00e9occupation li\u00e9e \u00e0 la s\u00e9curit\u00e9 des produits, veuillez nous contacter.<\/p>","protected":false},"excerpt":{"rendered":"<p>Une illustration minimaliste en line art repr\u00e9sentant une silhouette f\u00e9minine orn\u00e9e de coquelicots rouges et de feuillages verts. Les coquelicots, symboles de libert\u00e9, fragilit\u00e9 et r\u00e9silience, apportent une touche vibrante et expressive \u00e0 ce dessin botanique contemporain. Id\u00e9al comme d\u00e9coration murale, motif textile ou illustration inspirante, ce design allie la finesse du trait continu \u00e0 [&hellip;]<\/p>","protected":false},"featured_media":3134,"comment_status":"open","ping_status":"closed","template":"","meta":{"advanced_seo_description":"","jetpack_seo_html_title":"","jetpack_seo_noindex":false,"_themeisle_gutenberg_block_has_review":false},"product_brand":[],"product_cat":[94],"product_tag":[177],"class_list":{"0":"post-3109","1":"product","2":"type-product","3":"status-publish","4":"has-post-thumbnail","6":"product_cat-femme-coquelicot","7":"product_tag-unisex-tshirt","8":"pa_couleur-argente","9":"pa_couleur-blanc","10":"pa_couleur-creme-pale","11":"pa_taille-2-xl","12":"pa_taille-3xl","13":"pa_taille-4xl","14":"pa_taille-5xl","15":"pa_taille-l","16":"pa_taille-m","17":"pa_taille-s","18":"pa_taille-xl","19":"pa_taille-xs","21":"first","22":"instock","23":"shipping-taxable","24":"purchasable","25":"product-type-variable"},"jetpack_sharing_enabled":true,"_links":{"self":[{"href":"https:\/\/www.murmuresmurales.com\/en\/wp-json\/wp\/v2\/product\/3109","targetHints":{"allow":["GET"]}}],"collection":[{"href":"https:\/\/www.murmuresmurales.com\/en\/wp-json\/wp\/v2\/product"}],"about":[{"href":"https:\/\/www.murmuresmurales.com\/en\/wp-json\/wp\/v2\/types\/product"}],"replies":[{"embeddable":true,"href":"https:\/\/www.murmuresmurales.com\/en\/wp-json\/wp\/v2\/comments?post=3109"}],"wp:featuredmedia":[{"embeddable":true,"href":"https:\/\/www.murmuresmurales.com\/en\/wp-json\/wp\/v2\/media\/3134"}],"wp:attachment":[{"href":"https:\/\/www.murmuresmurales.com\/en\/wp-json\/wp\/v2\/media?parent=3109"}],"wp:term":[{"taxonomy":"product_brand","embeddable":true,"href":"https:\/\/www.murmuresmurales.com\/en\/wp-json\/wp\/v2\/product_brand?post=3109"},{"taxonomy":"product_cat","embeddable":true,"href":"https:\/\/www.murmuresmurales.com\/en\/wp-json\/wp\/v2\/product_cat?post=3109"},{"taxonomy":"product_tag","embeddable":true,"href":"https:\/\/www.murmuresmurales.com\/en\/wp-json\/wp\/v2\/product_tag?post=3109"}],"curies":[{"name":"wp","href":"https:\/\/api.w.org\/{rel}","templated":true}]}}