{"id":2995,"date":"2025-10-31T19:14:49","date_gmt":"2025-10-31T18:14:49","guid":{"rendered":"https:\/\/www.murmuresmurales.com\/product\/femme-coquelicot-autocollant\/"},"modified":"2025-11-27T23:13:43","modified_gmt":"2025-11-27T22:13:43","slug":"femme-coquelicot-autocollant","status":"publish","type":"product","link":"https:\/\/www.murmuresmurales.com\/en\/product\/femme-coquelicot-autocollant\/","title":{"rendered":"Femme Coquelicot Autocollant"},"content":{"rendered":"<p>Une illustration minimaliste en line art repr\u00e9sentant une silhouette f\u00e9minine orn\u00e9e de coquelicots rouges et de feuillages verts.<br \/>\nLes coquelicots, symboles de libert\u00e9, fragilit\u00e9 et r\u00e9silience, apportent une touche vibrante et expressive \u00e0 ce dessin botanique contemporain.<br \/>\nId\u00e9al comme d\u00e9coration murale, motif textile ou illustration inspirante, ce design allie la finesse du trait continu \u00e0 la puissance \u00e9vocatrice des fleurs rouges.<\/p>\n<p>\u2022 Film \u00e0 haute opacit\u00e9, impossible de voir \u00e0 travers<br \/>\n\u2022 Application rapide et facile sans bulles<br \/>\n\u2022 Vinyle durable<\/p>\n<p>N&rsquo;oubliez pas de nettoyer la surface avant d&rsquo;appliquer l&rsquo;autocollant.<\/p>\n<p>En conformit\u00e9 avec le R\u00e8glement pour la S\u00e9curit\u00e9 G\u00e9n\u00e9rale des Produits (RSGP), Murmures Murales garantit que tous les produits de consommation propos\u00e9s sont s\u00fbrs et conformes aux normes de l&rsquo;UE. Pour toute question ou pr\u00e9occupation li\u00e9e \u00e0 la s\u00e9curit\u00e9 des produits, veuillez nous contacter.<\/p>","protected":false},"excerpt":{"rendered":"<p>Une illustration minimaliste en line art repr\u00e9sentant une silhouette f\u00e9minine orn\u00e9e de coquelicots rouges et de feuillages verts. Les coquelicots, symboles de libert\u00e9, fragilit\u00e9 et r\u00e9silience, apportent une touche vibrante et expressive \u00e0 ce dessin botanique contemporain. Id\u00e9al comme d\u00e9coration murale, motif textile ou illustration inspirante, ce design allie la finesse du trait continu \u00e0 [&hellip;]<\/p>","protected":false},"featured_media":2999,"comment_status":"open","ping_status":"closed","template":"","meta":{"advanced_seo_description":"","jetpack_seo_html_title":"","jetpack_seo_noindex":false,"_themeisle_gutenberg_block_has_review":false},"product_brand":[],"product_cat":[94],"product_tag":[173],"class_list":{"0":"post-2995","1":"product","2":"type-product","3":"status-publish","4":"has-post-thumbnail","6":"product_cat-femme-coquelicot","7":"product_tag-sticker","8":"pa_taille-3x3","9":"pa_taille-4x4","10":"pa_taille-5-5x5-5","12":"first","13":"instock","14":"shipping-taxable","15":"purchasable","16":"product-type-variable"},"jetpack_sharing_enabled":true,"_links":{"self":[{"href":"https:\/\/www.murmuresmurales.com\/en\/wp-json\/wp\/v2\/product\/2995","targetHints":{"allow":["GET"]}}],"collection":[{"href":"https:\/\/www.murmuresmurales.com\/en\/wp-json\/wp\/v2\/product"}],"about":[{"href":"https:\/\/www.murmuresmurales.com\/en\/wp-json\/wp\/v2\/types\/product"}],"replies":[{"embeddable":true,"href":"https:\/\/www.murmuresmurales.com\/en\/wp-json\/wp\/v2\/comments?post=2995"}],"wp:featuredmedia":[{"embeddable":true,"href":"https:\/\/www.murmuresmurales.com\/en\/wp-json\/wp\/v2\/media\/2999"}],"wp:attachment":[{"href":"https:\/\/www.murmuresmurales.com\/en\/wp-json\/wp\/v2\/media?parent=2995"}],"wp:term":[{"taxonomy":"product_brand","embeddable":true,"href":"https:\/\/www.murmuresmurales.com\/en\/wp-json\/wp\/v2\/product_brand?post=2995"},{"taxonomy":"product_cat","embeddable":true,"href":"https:\/\/www.murmuresmurales.com\/en\/wp-json\/wp\/v2\/product_cat?post=2995"},{"taxonomy":"product_tag","embeddable":true,"href":"https:\/\/www.murmuresmurales.com\/en\/wp-json\/wp\/v2\/product_tag?post=2995"}],"curies":[{"name":"wp","href":"https:\/\/api.w.org\/{rel}","templated":true}]}}