{"id":2661,"date":"2025-10-31T15:48:03","date_gmt":"2025-10-31T14:48:03","guid":{"rendered":"https:\/\/www.murmuresmurales.com\/product\/femme-jonquille-toile-encadree\/"},"modified":"2025-11-27T15:21:14","modified_gmt":"2025-11-27T14:21:14","slug":"femme-jonquille-toile-encadree","status":"publish","type":"product","link":"https:\/\/www.murmuresmurales.com\/en\/product\/femme-jonquille-toile-encadree\/","title":{"rendered":"Femme Jonquille Toile encadr\u00e9e"},"content":{"rendered":"<p>Une illustration minimaliste en line art repr\u00e9sentant une silhouette f\u00e9minine orn\u00e9e de jonquilles jaunes, symbole de renouveau, lumi\u00e8re et espoir.<br \/>\nCe dessin botanique contemporain et po\u00e9tique associe la d\u00e9licatesse du trait continu \u00e0 l\u2019\u00e9nergie solaire des fleurs printani\u00e8res.<br \/>\nParfaite comme illustration florale printani\u00e8re, d\u00e9coration murale ou motif textile, cette cr\u00e9ation apporte \u00e9clat et po\u00e9sie.<\/p>\n<p>\u2022 Cadre en pin<br \/>\n\u2022 \u00c9paisseur du cadre\u00a0: 3,18\u00a0cm (1,25\u00a0\u00ab\u00a0)<br \/>\n\u2022 Dos ouvert<br \/>\n\u2022 Livr\u00e9e avec des coussinets en caoutchouc sur les coins arri\u00e8re<br \/>\n\u2022 Mat\u00e9riel d&rsquo;accrochage attach\u00e9<\/p>\n<p>Avertissements\u00a0:<br \/>\n&#8211; Les toiles encadr\u00e9es avec des cadres marron et noirs ont un int\u00e9rieur noir autour de la toile, et les toiles avec des cadres blancs ont un int\u00e9rieur blanc autour de la toile.<br \/>\n&#8211; Ce produit n&rsquo;est pas destin\u00e9 \u00e0 \u00eatre ponc\u00e9 ou coup\u00e9, cela cr\u00e9era de la poussi\u00e8re en suspension dans l&rsquo;air qui pourrait causer une irritation pulmonaire.<\/p>\n<p>Important : Ce produit en noir et en blanc est uniquement disponible aux \u00c9tats-Unis, au Canada, en Europe et au Royaume-Uni. Ce produit en marron est uniquement disponible aux \u00c9tats-Unis, au Canada et en Europe. Si votre adresse de livraison se situe en dehors de ces r\u00e9gions, veuillez choisir un autre produit.<\/p>\n<p>En conformit\u00e9 avec le R\u00e8glement pour la S\u00e9curit\u00e9 G\u00e9n\u00e9rale des Produits (RSGP), Murmures Murales garantit que tous les produits de consommation propos\u00e9s sont s\u00fbrs et conformes aux normes de l&rsquo;UE. Pour toute question ou pr\u00e9occupation li\u00e9e \u00e0 la s\u00e9curit\u00e9 des produits, veuillez nous contacter.<\/p>","protected":false},"excerpt":{"rendered":"<p>Une illustration minimaliste en line art repr\u00e9sentant une silhouette f\u00e9minine orn\u00e9e de jonquilles jaunes, symbole de renouveau, lumi\u00e8re et espoir. Ce dessin botanique contemporain et po\u00e9tique associe la d\u00e9licatesse du trait continu \u00e0 l\u2019\u00e9nergie solaire des fleurs printani\u00e8res. Parfaite comme illustration florale printani\u00e8re, d\u00e9coration murale ou motif textile, cette cr\u00e9ation apporte \u00e9clat et po\u00e9sie. \u2022 [&hellip;]<\/p>","protected":false},"featured_media":2689,"comment_status":"open","ping_status":"closed","template":"","meta":{"advanced_seo_description":"","jetpack_seo_html_title":"","jetpack_seo_noindex":false,"_themeisle_gutenberg_block_has_review":false},"product_brand":[],"product_cat":[98],"product_tag":[167],"class_list":{"0":"post-2661","1":"product","2":"type-product","3":"status-publish","4":"has-post-thumbnail","6":"product_cat-femme-jonquille","7":"product_tag-framed-canvas","8":"pa_couleur-blanc","9":"pa_couleur-marron","10":"pa_couleur-noir","11":"pa_taille-11x14","12":"pa_taille-12x12","13":"pa_taille-12x16","14":"pa_taille-12x18","15":"pa_taille-16x16","16":"pa_taille-16x20","17":"pa_taille-24x32","18":"pa_taille-8x10","19":"pa_taille-9x12","21":"first","22":"instock","23":"shipping-taxable","24":"purchasable","25":"product-type-variable"},"jetpack_sharing_enabled":true,"_links":{"self":[{"href":"https:\/\/www.murmuresmurales.com\/en\/wp-json\/wp\/v2\/product\/2661","targetHints":{"allow":["GET"]}}],"collection":[{"href":"https:\/\/www.murmuresmurales.com\/en\/wp-json\/wp\/v2\/product"}],"about":[{"href":"https:\/\/www.murmuresmurales.com\/en\/wp-json\/wp\/v2\/types\/product"}],"replies":[{"embeddable":true,"href":"https:\/\/www.murmuresmurales.com\/en\/wp-json\/wp\/v2\/comments?post=2661"}],"wp:featuredmedia":[{"embeddable":true,"href":"https:\/\/www.murmuresmurales.com\/en\/wp-json\/wp\/v2\/media\/2689"}],"wp:attachment":[{"href":"https:\/\/www.murmuresmurales.com\/en\/wp-json\/wp\/v2\/media?parent=2661"}],"wp:term":[{"taxonomy":"product_brand","embeddable":true,"href":"https:\/\/www.murmuresmurales.com\/en\/wp-json\/wp\/v2\/product_brand?post=2661"},{"taxonomy":"product_cat","embeddable":true,"href":"https:\/\/www.murmuresmurales.com\/en\/wp-json\/wp\/v2\/product_cat?post=2661"},{"taxonomy":"product_tag","embeddable":true,"href":"https:\/\/www.murmuresmurales.com\/en\/wp-json\/wp\/v2\/product_tag?post=2661"}],"curies":[{"name":"wp","href":"https:\/\/api.w.org\/{rel}","templated":true}]}}