{"id":2339,"date":"2025-10-31T14:48:15","date_gmt":"2025-10-31T13:48:15","guid":{"rendered":"https:\/\/www.murmuresmurales.com\/product\/femme-pissenlit-affiche-avec-accroches\/"},"modified":"2025-11-27T23:17:18","modified_gmt":"2025-11-27T22:17:18","slug":"femme-pissenlit-affiche-avec-accroches","status":"publish","type":"product","link":"https:\/\/www.murmuresmurales.com\/en\/product\/femme-pissenlit-affiche-avec-accroches\/","title":{"rendered":"Femme Pissenlit Affiche avec accroches"},"content":{"rendered":"<p>Une illustration minimaliste en line art repr\u00e9sentant un visage f\u00e9minin d\u2019o\u00f9 s\u2019envolent des pissenlits, symboles de libert\u00e9, de souffle et de po\u00e9sie.<br \/>\nCe dessin floral contemporain associe la finesse du trait continu \u00e0 la force \u00e9vocatrice du v\u00e9g\u00e9tal, pour une \u0153uvre pleine de sensibilit\u00e9.<br \/>\nId\u00e9al comme illustration florale po\u00e9tique, d\u00e9coration murale moderne ou design textile, il invite \u00e0 la s\u00e9r\u00e9nit\u00e9 et \u00e0 l\u2019inspiration.<\/p>\n<p>- Hangers in natural Baltic wood<br \/>\n- Hanger thickness: 0.5 mm (0.2 \u00ab )<br \/>\n- Hanger width: 2 cm (0.79 \u00ab )<br \/>\n- Poster secured by magnets<br \/>\n- Supplied with matching chain<br \/>\n- Paper from Japan<br \/>\n- Virgin product from the UK<\/p>\n<p>En conformit\u00e9 avec le R\u00e8glement pour la S\u00e9curit\u00e9 G\u00e9n\u00e9rale des Produits (RSGP), Murmures Murales garantit que tous les produits de consommation propos\u00e9s sont s\u00fbrs et conformes aux normes de l&rsquo;UE. Pour toute question ou pr\u00e9occupation li\u00e9e \u00e0 la s\u00e9curit\u00e9 des produits, veuillez nous contacter.<\/p>","protected":false},"excerpt":{"rendered":"<p>Une illustration minimaliste en line art repr\u00e9sentant un visage f\u00e9minin d\u2019o\u00f9 s\u2019envolent des pissenlits, symboles de libert\u00e9, de souffle et de po\u00e9sie. Ce dessin floral contemporain associe la finesse du trait continu \u00e0 la force \u00e9vocatrice du v\u00e9g\u00e9tal, pour une \u0153uvre pleine de sensibilit\u00e9. Id\u00e9al comme illustration florale po\u00e9tique, d\u00e9coration murale moderne ou design textile, [&hellip;]<\/p>","protected":false},"featured_media":2352,"comment_status":"open","ping_status":"closed","template":"","meta":{"advanced_seo_description":"","jetpack_seo_html_title":"","jetpack_seo_noindex":false,"_themeisle_gutenberg_block_has_review":false},"product_brand":[],"product_cat":[125],"product_tag":[172],"class_list":{"0":"post-2339","1":"product","2":"type-product","3":"status-publish","4":"has-post-thumbnail","6":"product_cat-femme-pissenlit","7":"product_tag-poster-hanger","8":"pa_couleur-blanc","9":"pa_couleur-oak","10":"pa_taille-10x10","11":"pa_taille-12x12","12":"pa_taille-12x16","13":"pa_taille-14x14","14":"pa_taille-16x16","15":"pa_taille-16x20","16":"pa_taille-18x18","18":"first","19":"instock","20":"shipping-taxable","21":"purchasable","22":"product-type-variable"},"jetpack_sharing_enabled":true,"_links":{"self":[{"href":"https:\/\/www.murmuresmurales.com\/en\/wp-json\/wp\/v2\/product\/2339","targetHints":{"allow":["GET"]}}],"collection":[{"href":"https:\/\/www.murmuresmurales.com\/en\/wp-json\/wp\/v2\/product"}],"about":[{"href":"https:\/\/www.murmuresmurales.com\/en\/wp-json\/wp\/v2\/types\/product"}],"replies":[{"embeddable":true,"href":"https:\/\/www.murmuresmurales.com\/en\/wp-json\/wp\/v2\/comments?post=2339"}],"wp:featuredmedia":[{"embeddable":true,"href":"https:\/\/www.murmuresmurales.com\/en\/wp-json\/wp\/v2\/media\/2352"}],"wp:attachment":[{"href":"https:\/\/www.murmuresmurales.com\/en\/wp-json\/wp\/v2\/media?parent=2339"}],"wp:term":[{"taxonomy":"product_brand","embeddable":true,"href":"https:\/\/www.murmuresmurales.com\/en\/wp-json\/wp\/v2\/product_brand?post=2339"},{"taxonomy":"product_cat","embeddable":true,"href":"https:\/\/www.murmuresmurales.com\/en\/wp-json\/wp\/v2\/product_cat?post=2339"},{"taxonomy":"product_tag","embeddable":true,"href":"https:\/\/www.murmuresmurales.com\/en\/wp-json\/wp\/v2\/product_tag?post=2339"}],"curies":[{"name":"wp","href":"https:\/\/api.w.org\/{rel}","templated":true}]}}