{"id":2003,"date":"2025-10-31T10:43:15","date_gmt":"2025-10-31T09:43:15","guid":{"rendered":"https:\/\/www.murmuresmurales.com\/product\/mains-orchidees-affiche\/"},"modified":"2025-11-27T18:17:11","modified_gmt":"2025-11-27T17:17:11","slug":"mains-orchidees-affiche","status":"publish","type":"product","link":"https:\/\/www.murmuresmurales.com\/en\/product\/mains-orchidees-affiche\/","title":{"rendered":"Mains Orchid\u00e9es Affiche"},"content":{"rendered":"<p>Une illustration minimaliste en line art repr\u00e9sentant une orchid\u00e9e \u00e9l\u00e9gante, symbole de douceur et de d\u00e9licatesse.<br \/>\nCe dessin botanique po\u00e9tique associe nature et f\u00e9minit\u00e9, et s\u2019int\u00e8gre parfaitement dans une ambiance boh\u00e8me, moderne et zen.<br \/>\nId\u00e9al comme illustration florale zen, d\u00e9coration murale, design textile ou inspiration tatouage, il marie finesse et s\u00e9r\u00e9nit\u00e9.<\/p>\n<p>\u2022 Les affiches 21 \u00d7 30 cm sont de format A4<br \/>\n- Paper from Japan<\/p>\n<p>En conformit\u00e9 avec le R\u00e8glement pour la S\u00e9curit\u00e9 G\u00e9n\u00e9rale des Produits (RSGP), Murmures Murales garantit que tous les produits de consommation propos\u00e9s sont s\u00fbrs et conformes aux normes de l&rsquo;UE. Pour toute question ou pr\u00e9occupation li\u00e9e \u00e0 la s\u00e9curit\u00e9 des produits, veuillez nous contacter.<\/p>","protected":false},"excerpt":{"rendered":"<p>Une illustration minimaliste en line art repr\u00e9sentant une orchid\u00e9e \u00e9l\u00e9gante, symbole de douceur et de d\u00e9licatesse. Ce dessin botanique po\u00e9tique associe nature et f\u00e9minit\u00e9, et s\u2019int\u00e8gre parfaitement dans une ambiance boh\u00e8me, moderne et zen. Id\u00e9al comme illustration florale zen, d\u00e9coration murale, design textile ou inspiration tatouage, il marie finesse et s\u00e9r\u00e9nit\u00e9. \u2022 Les affiches 21 [&hellip;]<\/p>","protected":false},"featured_media":2011,"comment_status":"open","ping_status":"closed","template":"","meta":{"advanced_seo_description":"","jetpack_seo_html_title":"","jetpack_seo_noindex":false,"_themeisle_gutenberg_block_has_review":false},"product_brand":[],"product_cat":[127],"product_tag":[171],"class_list":{"0":"post-2003","1":"product","2":"type-product","3":"status-publish","4":"has-post-thumbnail","6":"product_cat-mains-orchidees","7":"product_tag-poster","8":"pa_taille-21-x-30-cm","9":"pa_taille-30-x-40-cm","10":"pa_taille-50-x-70-cm","11":"pa_taille-61-x-91-cm","12":"pa_taille-70-x-100-cm","13":"pa_taille-a1-59-4-x-84-1-cm","14":"pa_taille-a2-42-x-59-4-cm","16":"first","17":"instock","18":"shipping-taxable","19":"purchasable","20":"product-type-variable"},"jetpack_sharing_enabled":true,"_links":{"self":[{"href":"https:\/\/www.murmuresmurales.com\/en\/wp-json\/wp\/v2\/product\/2003","targetHints":{"allow":["GET"]}}],"collection":[{"href":"https:\/\/www.murmuresmurales.com\/en\/wp-json\/wp\/v2\/product"}],"about":[{"href":"https:\/\/www.murmuresmurales.com\/en\/wp-json\/wp\/v2\/types\/product"}],"replies":[{"embeddable":true,"href":"https:\/\/www.murmuresmurales.com\/en\/wp-json\/wp\/v2\/comments?post=2003"}],"wp:featuredmedia":[{"embeddable":true,"href":"https:\/\/www.murmuresmurales.com\/en\/wp-json\/wp\/v2\/media\/2011"}],"wp:attachment":[{"href":"https:\/\/www.murmuresmurales.com\/en\/wp-json\/wp\/v2\/media?parent=2003"}],"wp:term":[{"taxonomy":"product_brand","embeddable":true,"href":"https:\/\/www.murmuresmurales.com\/en\/wp-json\/wp\/v2\/product_brand?post=2003"},{"taxonomy":"product_cat","embeddable":true,"href":"https:\/\/www.murmuresmurales.com\/en\/wp-json\/wp\/v2\/product_cat?post=2003"},{"taxonomy":"product_tag","embeddable":true,"href":"https:\/\/www.murmuresmurales.com\/en\/wp-json\/wp\/v2\/product_tag?post=2003"}],"curies":[{"name":"wp","href":"https:\/\/api.w.org\/{rel}","templated":true}]}}